{"id":2292,"date":"2023-11-18T16:31:07","date_gmt":"2023-11-18T16:31:07","guid":{"rendered":"https:\/\/rcanaider.com\/?page_id=2292"},"modified":"2023-11-19T00:32:51","modified_gmt":"2023-11-19T00:32:51","slug":"first-promotion-of-the-novel-caves-in-tirana-at-protik-ict-resource-center","status":"publish","type":"page","link":"https:\/\/rcanaider.com\/fr\/first-promotion-of-the-novel-caves-in-tirana-at-protik-ict-resource-center\/","title":{"rendered":"First Promotion of the novel &#8220;Caves&#8221; in Tirana, at Protik ICT Resource Center"},"content":{"rendered":"<div data-elementor-type=\"wp-page\" data-elementor-id=\"2292\" class=\"elementor elementor-2292\">\n\t\t\t\t\t\t<section class=\"elementor-section elementor-top-section elementor-element elementor-element-12d13183 elementor-section-boxed elementor-section-height-default elementor-section-height-default\" data-id=\"12d13183\" data-element_type=\"section\" data-settings=\"{&quot;background_background&quot;:&quot;classic&quot;}\">\n\t\t\t\t\t\t\t<div class=\"elementor-background-overlay\"><\/div>\n\t\t\t\t\t\t\t<div class=\"elementor-container elementor-column-gap-no\">\n\t\t\t\t\t<div class=\"elementor-column elementor-col-100 elementor-top-column elementor-element elementor-element-b491c0c\" data-id=\"b491c0c\" data-element_type=\"column\">\n\t\t\t<div class=\"elementor-widget-wrap elementor-element-populated\">\n\t\t\t\t\t\t<div class=\"elementor-element elementor-element-1dce7754 elementor-widget elementor-widget-heading\" data-id=\"1dce7754\" data-element_type=\"widget\" data-widget_type=\"heading.default\">\n\t\t\t\t<div class=\"elementor-widget-container\">\n\t\t\t\t\t<h6 class=\"elementor-heading-title elementor-size-default\">\u00c9V\u00c9NEMENTS LITT\u00c9RAIRES<\/h6>\t\t\t\t<\/div>\n\t\t\t\t<\/div>\n\t\t\t\t<div class=\"elementor-element elementor-element-6995cb15 elementor-widget elementor-widget-heading\" data-id=\"6995cb15\" data-element_type=\"widget\" data-widget_type=\"heading.default\">\n\t\t\t\t<div class=\"elementor-widget-container\">\n\t\t\t\t\t<h3 class=\"elementor-heading-title elementor-size-default\">Premi\u00e8re promotion du roman \"Caves\" \u00e0 Tirana, au Centre de ressources Protik ICT<\/h3>\t\t\t\t<\/div>\n\t\t\t\t<\/div>\n\t\t\t\t\t<\/div>\n\t\t<\/div>\n\t\t\t\t\t<\/div>\n\t\t<\/section>\n\t\t<div class=\"elementor-element elementor-element-e9437c6 e-flex e-con-boxed e-con e-parent\" data-id=\"e9437c6\" data-element_type=\"container\">\n\t\t\t\t\t<div class=\"e-con-inner\">\n\t\t\t\t<div class=\"elementor-element elementor-element-eec1f72 gallery-spacing-custom elementor-widget elementor-widget-image-gallery\" data-id=\"eec1f72\" data-element_type=\"widget\" data-widget_type=\"image-gallery.default\">\n\t\t\t\t<div class=\"elementor-widget-container\">\n\t\t\t\t\t\t\t<div class=\"elementor-image-gallery\">\n\t\t\t<div id='gallery-1' class='gallery galleryid-2292 gallery-columns-3 gallery-size-full'><figure class='gallery-item'>\n\t\t\t<div class='gallery-icon portrait'>\n\t\t\t\t<a data-elementor-open-lightbox=\"yes\" data-elementor-lightbox-slideshow=\"eec1f72\" data-elementor-lightbox-title=\"37820-min\" data-e-action-hash=\"#elementor-action%3Aaction%3Dlightbox%26settings%3DeyJpZCI6MjI5NiwidXJsIjoiaHR0cHM6XC9cL3JjYW5haWRlci5jb21cL3dwLWNvbnRlbnRcL3VwbG9hZHNcLzIwMjNcLzExXC8zNzgyMC1taW4uanBlZyIsInNsaWRlc2hvdyI6ImVlYzFmNzIifQ%3D%3D\" href='https:\/\/rcanaider.com\/wp-content\/uploads\/2023\/11\/37820-min.jpeg'><img fetchpriority=\"high\" decoding=\"async\" width=\"1504\" height=\"2016\" src=\"https:\/\/rcanaider.com\/wp-content\/uploads\/2023\/11\/37820-min.jpeg\" class=\"attachment-full size-full\" alt=\"\" srcset=\"https:\/\/rcanaider.com\/wp-content\/uploads\/2023\/11\/37820-min.jpeg 1504w, https:\/\/rcanaider.com\/wp-content\/uploads\/2023\/11\/37820-min-224x300.jpeg 224w, https:\/\/rcanaider.com\/wp-content\/uploads\/2023\/11\/37820-min-764x1024.jpeg 764w, https:\/\/rcanaider.com\/wp-content\/uploads\/2023\/11\/37820-min-768x1029.jpeg 768w, https:\/\/rcanaider.com\/wp-content\/uploads\/2023\/11\/37820-min-1146x1536.jpeg 1146w, https:\/\/rcanaider.com\/wp-content\/uploads\/2023\/11\/37820-min-9x12.jpeg 9w, https:\/\/rcanaider.com\/wp-content\/uploads\/2023\/11\/37820-min-600x804.jpeg 600w\" sizes=\"(max-width: 1504px) 100vw, 1504px\" \/><\/a>\n\t\t\t<\/div><\/figure><figure class='gallery-item'>\n\t\t\t<div class='gallery-icon portrait'>\n\t\t\t\t<a data-elementor-open-lightbox=\"yes\" data-elementor-lightbox-slideshow=\"eec1f72\" data-elementor-lightbox-title=\"37825-min\" data-e-action-hash=\"#elementor-action%3Aaction%3Dlightbox%26settings%3DeyJpZCI6MjI5NSwidXJsIjoiaHR0cHM6XC9cL3JjYW5haWRlci5jb21cL3dwLWNvbnRlbnRcL3VwbG9hZHNcLzIwMjNcLzExXC8zNzgyNS1taW4uanBlZyIsInNsaWRlc2hvdyI6ImVlYzFmNzIifQ%3D%3D\" href='https:\/\/rcanaider.com\/wp-content\/uploads\/2023\/11\/37825-min.jpeg'><img decoding=\"async\" width=\"1504\" height=\"2016\" src=\"https:\/\/rcanaider.com\/wp-content\/uploads\/2023\/11\/37825-min.jpeg\" class=\"attachment-full size-full\" alt=\"\" srcset=\"https:\/\/rcanaider.com\/wp-content\/uploads\/2023\/11\/37825-min.jpeg 1504w, https:\/\/rcanaider.com\/wp-content\/uploads\/2023\/11\/37825-min-224x300.jpeg 224w, https:\/\/rcanaider.com\/wp-content\/uploads\/2023\/11\/37825-min-764x1024.jpeg 764w, https:\/\/rcanaider.com\/wp-content\/uploads\/2023\/11\/37825-min-768x1029.jpeg 768w, https:\/\/rcanaider.com\/wp-content\/uploads\/2023\/11\/37825-min-1146x1536.jpeg 1146w, https:\/\/rcanaider.com\/wp-content\/uploads\/2023\/11\/37825-min-9x12.jpeg 9w, https:\/\/rcanaider.com\/wp-content\/uploads\/2023\/11\/37825-min-600x804.jpeg 600w\" sizes=\"(max-width: 1504px) 100vw, 1504px\" \/><\/a>\n\t\t\t<\/div><\/figure><figure class='gallery-item'>\n\t\t\t<div class='gallery-icon portrait'>\n\t\t\t\t<a data-elementor-open-lightbox=\"yes\" data-elementor-lightbox-slideshow=\"eec1f72\" data-elementor-lightbox-title=\"37828-min\" data-e-action-hash=\"#elementor-action%3Aaction%3Dlightbox%26settings%3DeyJpZCI6MjI5MywidXJsIjoiaHR0cHM6XC9cL3JjYW5haWRlci5jb21cL3dwLWNvbnRlbnRcL3VwbG9hZHNcLzIwMjNcLzExXC8zNzgyOC1taW4uanBlZyIsInNsaWRlc2hvdyI6ImVlYzFmNzIifQ%3D%3D\" href='https:\/\/rcanaider.com\/wp-content\/uploads\/2023\/11\/37828-min.jpeg'><img decoding=\"async\" width=\"1504\" height=\"2016\" src=\"https:\/\/rcanaider.com\/wp-content\/uploads\/2023\/11\/37828-min.jpeg\" class=\"attachment-full size-full\" alt=\"\" srcset=\"https:\/\/rcanaider.com\/wp-content\/uploads\/2023\/11\/37828-min.jpeg 1504w, https:\/\/rcanaider.com\/wp-content\/uploads\/2023\/11\/37828-min-224x300.jpeg 224w, https:\/\/rcanaider.com\/wp-content\/uploads\/2023\/11\/37828-min-764x1024.jpeg 764w, https:\/\/rcanaider.com\/wp-content\/uploads\/2023\/11\/37828-min-768x1029.jpeg 768w, https:\/\/rcanaider.com\/wp-content\/uploads\/2023\/11\/37828-min-1146x1536.jpeg 1146w, https:\/\/rcanaider.com\/wp-content\/uploads\/2023\/11\/37828-min-9x12.jpeg 9w, https:\/\/rcanaider.com\/wp-content\/uploads\/2023\/11\/37828-min-600x804.jpeg 600w\" sizes=\"(max-width: 1504px) 100vw, 1504px\" \/><\/a>\n\t\t\t<\/div><\/figure><figure class='gallery-item'>\n\t\t\t<div class='gallery-icon portrait'>\n\t\t\t\t<a data-elementor-open-lightbox=\"yes\" data-elementor-lightbox-slideshow=\"eec1f72\" data-elementor-lightbox-title=\"37832-min\" data-e-action-hash=\"#elementor-action%3Aaction%3Dlightbox%26settings%3DeyJpZCI6MjI5MSwidXJsIjoiaHR0cHM6XC9cL3JjYW5haWRlci5jb21cL3dwLWNvbnRlbnRcL3VwbG9hZHNcLzIwMjNcLzExXC8zNzgzMi1taW4uanBlZyIsInNsaWRlc2hvdyI6ImVlYzFmNzIifQ%3D%3D\" href='https:\/\/rcanaider.com\/wp-content\/uploads\/2023\/11\/37832-min.jpeg'><img loading=\"lazy\" decoding=\"async\" width=\"1504\" height=\"2016\" src=\"https:\/\/rcanaider.com\/wp-content\/uploads\/2023\/11\/37832-min.jpeg\" class=\"attachment-full size-full\" alt=\"\" srcset=\"https:\/\/rcanaider.com\/wp-content\/uploads\/2023\/11\/37832-min.jpeg 1504w, https:\/\/rcanaider.com\/wp-content\/uploads\/2023\/11\/37832-min-224x300.jpeg 224w, https:\/\/rcanaider.com\/wp-content\/uploads\/2023\/11\/37832-min-764x1024.jpeg 764w, https:\/\/rcanaider.com\/wp-content\/uploads\/2023\/11\/37832-min-768x1029.jpeg 768w, https:\/\/rcanaider.com\/wp-content\/uploads\/2023\/11\/37832-min-1146x1536.jpeg 1146w, https:\/\/rcanaider.com\/wp-content\/uploads\/2023\/11\/37832-min-9x12.jpeg 9w, https:\/\/rcanaider.com\/wp-content\/uploads\/2023\/11\/37832-min-600x804.jpeg 600w\" sizes=\"(max-width: 1504px) 100vw, 1504px\" \/><\/a>\n\t\t\t<\/div><\/figure><figure class='gallery-item'>\n\t\t\t<div class='gallery-icon portrait'>\n\t\t\t\t<a data-elementor-open-lightbox=\"yes\" data-elementor-lightbox-slideshow=\"eec1f72\" data-elementor-lightbox-title=\"37843-min\" data-e-action-hash=\"#elementor-action%3Aaction%3Dlightbox%26settings%3DeyJpZCI6MjI5MCwidXJsIjoiaHR0cHM6XC9cL3JjYW5haWRlci5jb21cL3dwLWNvbnRlbnRcL3VwbG9hZHNcLzIwMjNcLzExXC8zNzg0My1taW4uanBlZyIsInNsaWRlc2hvdyI6ImVlYzFmNzIifQ%3D%3D\" href='https:\/\/rcanaider.com\/wp-content\/uploads\/2023\/11\/37843-min.jpeg'><img loading=\"lazy\" decoding=\"async\" width=\"1504\" height=\"2016\" src=\"https:\/\/rcanaider.com\/wp-content\/uploads\/2023\/11\/37843-min.jpeg\" class=\"attachment-full size-full\" alt=\"\" srcset=\"https:\/\/rcanaider.com\/wp-content\/uploads\/2023\/11\/37843-min.jpeg 1504w, https:\/\/rcanaider.com\/wp-content\/uploads\/2023\/11\/37843-min-224x300.jpeg 224w, https:\/\/rcanaider.com\/wp-content\/uploads\/2023\/11\/37843-min-764x1024.jpeg 764w, https:\/\/rcanaider.com\/wp-content\/uploads\/2023\/11\/37843-min-768x1029.jpeg 768w, https:\/\/rcanaider.com\/wp-content\/uploads\/2023\/11\/37843-min-1146x1536.jpeg 1146w, https:\/\/rcanaider.com\/wp-content\/uploads\/2023\/11\/37843-min-9x12.jpeg 9w, https:\/\/rcanaider.com\/wp-content\/uploads\/2023\/11\/37843-min-600x804.jpeg 600w\" sizes=\"(max-width: 1504px) 100vw, 1504px\" \/><\/a>\n\t\t\t<\/div><\/figure><figure class='gallery-item'>\n\t\t\t<div class='gallery-icon portrait'>\n\t\t\t\t<a data-elementor-open-lightbox=\"yes\" data-elementor-lightbox-slideshow=\"eec1f72\" data-elementor-lightbox-title=\"37858-min\" data-e-action-hash=\"#elementor-action%3Aaction%3Dlightbox%26settings%3DeyJpZCI6MjI4NiwidXJsIjoiaHR0cHM6XC9cL3JjYW5haWRlci5jb21cL3dwLWNvbnRlbnRcL3VwbG9hZHNcLzIwMjNcLzExXC8zNzg1OC1taW4uanBlZyIsInNsaWRlc2hvdyI6ImVlYzFmNzIifQ%3D%3D\" href='https:\/\/rcanaider.com\/wp-content\/uploads\/2023\/11\/37858-min.jpeg'><img loading=\"lazy\" decoding=\"async\" width=\"1504\" height=\"2016\" src=\"https:\/\/rcanaider.com\/wp-content\/uploads\/2023\/11\/37858-min.jpeg\" class=\"attachment-full size-full\" alt=\"\" srcset=\"https:\/\/rcanaider.com\/wp-content\/uploads\/2023\/11\/37858-min.jpeg 1504w, https:\/\/rcanaider.com\/wp-content\/uploads\/2023\/11\/37858-min-224x300.jpeg 224w, https:\/\/rcanaider.com\/wp-content\/uploads\/2023\/11\/37858-min-764x1024.jpeg 764w, https:\/\/rcanaider.com\/wp-content\/uploads\/2023\/11\/37858-min-768x1029.jpeg 768w, https:\/\/rcanaider.com\/wp-content\/uploads\/2023\/11\/37858-min-1146x1536.jpeg 1146w, https:\/\/rcanaider.com\/wp-content\/uploads\/2023\/11\/37858-min-9x12.jpeg 9w, https:\/\/rcanaider.com\/wp-content\/uploads\/2023\/11\/37858-min-600x804.jpeg 600w\" sizes=\"(max-width: 1504px) 100vw, 1504px\" \/><\/a>\n\t\t\t<\/div><\/figure><figure class='gallery-item'>\n\t\t\t<div class='gallery-icon portrait'>\n\t\t\t\t<a data-elementor-open-lightbox=\"yes\" data-elementor-lightbox-slideshow=\"eec1f72\" data-elementor-lightbox-title=\"37856-min\" data-e-action-hash=\"#elementor-action%3Aaction%3Dlightbox%26settings%3DeyJpZCI6MjI4NSwidXJsIjoiaHR0cHM6XC9cL3JjYW5haWRlci5jb21cL3dwLWNvbnRlbnRcL3VwbG9hZHNcLzIwMjNcLzExXC8zNzg1Ni1taW4uanBlZyIsInNsaWRlc2hvdyI6ImVlYzFmNzIifQ%3D%3D\" href='https:\/\/rcanaider.com\/wp-content\/uploads\/2023\/11\/37856-min.jpeg'><img loading=\"lazy\" decoding=\"async\" width=\"1504\" height=\"2016\" src=\"https:\/\/rcanaider.com\/wp-content\/uploads\/2023\/11\/37856-min.jpeg\" class=\"attachment-full size-full\" alt=\"\" srcset=\"https:\/\/rcanaider.com\/wp-content\/uploads\/2023\/11\/37856-min.jpeg 1504w, https:\/\/rcanaider.com\/wp-content\/uploads\/2023\/11\/37856-min-224x300.jpeg 224w, https:\/\/rcanaider.com\/wp-content\/uploads\/2023\/11\/37856-min-764x1024.jpeg 764w, https:\/\/rcanaider.com\/wp-content\/uploads\/2023\/11\/37856-min-768x1029.jpeg 768w, https:\/\/rcanaider.com\/wp-content\/uploads\/2023\/11\/37856-min-1146x1536.jpeg 1146w, https:\/\/rcanaider.com\/wp-content\/uploads\/2023\/11\/37856-min-9x12.jpeg 9w, https:\/\/rcanaider.com\/wp-content\/uploads\/2023\/11\/37856-min-600x804.jpeg 600w\" sizes=\"(max-width: 1504px) 100vw, 1504px\" \/><\/a>\n\t\t\t<\/div><\/figure><figure class='gallery-item'>\n\t\t\t<div class='gallery-icon landscape'>\n\t\t\t\t<a data-elementor-open-lightbox=\"yes\" data-elementor-lightbox-slideshow=\"eec1f72\" data-elementor-lightbox-title=\"37966-min\" data-e-action-hash=\"#elementor-action%3Aaction%3Dlightbox%26settings%3DeyJpZCI6MjI4NCwidXJsIjoiaHR0cHM6XC9cL3JjYW5haWRlci5jb21cL3dwLWNvbnRlbnRcL3VwbG9hZHNcLzIwMjNcLzExXC8zNzk2Ni1taW4uanBlZyIsInNsaWRlc2hvdyI6ImVlYzFmNzIifQ%3D%3D\" href='https:\/\/rcanaider.com\/wp-content\/uploads\/2023\/11\/37966-min.jpeg'><img loading=\"lazy\" decoding=\"async\" width=\"1548\" height=\"1512\" src=\"https:\/\/rcanaider.com\/wp-content\/uploads\/2023\/11\/37966-min.jpeg\" class=\"attachment-full size-full\" alt=\"\" srcset=\"https:\/\/rcanaider.com\/wp-content\/uploads\/2023\/11\/37966-min.jpeg 1548w, https:\/\/rcanaider.com\/wp-content\/uploads\/2023\/11\/37966-min-300x293.jpeg 300w, https:\/\/rcanaider.com\/wp-content\/uploads\/2023\/11\/37966-min-1024x1000.jpeg 1024w, https:\/\/rcanaider.com\/wp-content\/uploads\/2023\/11\/37966-min-768x750.jpeg 768w, https:\/\/rcanaider.com\/wp-content\/uploads\/2023\/11\/37966-min-1536x1500.jpeg 1536w, https:\/\/rcanaider.com\/wp-content\/uploads\/2023\/11\/37966-min-12x12.jpeg 12w, https:\/\/rcanaider.com\/wp-content\/uploads\/2023\/11\/37966-min-600x586.jpeg 600w\" sizes=\"(max-width: 1548px) 100vw, 1548px\" \/><\/a>\n\t\t\t<\/div><\/figure><figure class='gallery-item'>\n\t\t\t<div class='gallery-icon portrait'>\n\t\t\t\t<a data-elementor-open-lightbox=\"yes\" data-elementor-lightbox-slideshow=\"eec1f72\" data-elementor-lightbox-title=\"37968-min\" data-e-action-hash=\"#elementor-action%3Aaction%3Dlightbox%26settings%3DeyJpZCI6MjI4MywidXJsIjoiaHR0cHM6XC9cL3JjYW5haWRlci5jb21cL3dwLWNvbnRlbnRcL3VwbG9hZHNcLzIwMjNcLzExXC8zNzk2OC1taW4uanBlZyIsInNsaWRlc2hvdyI6ImVlYzFmNzIifQ%3D%3D\" href='https:\/\/rcanaider.com\/wp-content\/uploads\/2023\/11\/37968-min.jpeg'><img loading=\"lazy\" decoding=\"async\" width=\"1469\" height=\"1538\" src=\"https:\/\/rcanaider.com\/wp-content\/uploads\/2023\/11\/37968-min.jpeg\" class=\"attachment-full size-full\" alt=\"\" srcset=\"https:\/\/rcanaider.com\/wp-content\/uploads\/2023\/11\/37968-min.jpeg 1469w, https:\/\/rcanaider.com\/wp-content\/uploads\/2023\/11\/37968-min-287x300.jpeg 287w, https:\/\/rcanaider.com\/wp-content\/uploads\/2023\/11\/37968-min-978x1024.jpeg 978w, https:\/\/rcanaider.com\/wp-content\/uploads\/2023\/11\/37968-min-768x804.jpeg 768w, https:\/\/rcanaider.com\/wp-content\/uploads\/2023\/11\/37968-min-1467x1536.jpeg 1467w, https:\/\/rcanaider.com\/wp-content\/uploads\/2023\/11\/37968-min-11x12.jpeg 11w, https:\/\/rcanaider.com\/wp-content\/uploads\/2023\/11\/37968-min-600x628.jpeg 600w\" sizes=\"(max-width: 1469px) 100vw, 1469px\" \/><\/a>\n\t\t\t<\/div><\/figure><figure class='gallery-item'>\n\t\t\t<div class='gallery-icon landscape'>\n\t\t\t\t<a data-elementor-open-lightbox=\"yes\" data-elementor-lightbox-slideshow=\"eec1f72\" data-elementor-lightbox-title=\"37800-min\" data-e-action-hash=\"#elementor-action%3Aaction%3Dlightbox%26settings%3DeyJpZCI6MjI5NywidXJsIjoiaHR0cHM6XC9cL3JjYW5haWRlci5jb21cL3dwLWNvbnRlbnRcL3VwbG9hZHNcLzIwMjNcLzExXC8zNzgwMC1taW4uanBlZyIsInNsaWRlc2hvdyI6ImVlYzFmNzIifQ%3D%3D\" href='https:\/\/rcanaider.com\/wp-content\/uploads\/2023\/11\/37800-min.jpeg'><img loading=\"lazy\" decoding=\"async\" width=\"2016\" height=\"1512\" src=\"https:\/\/rcanaider.com\/wp-content\/uploads\/2023\/11\/37800-min.jpeg\" class=\"attachment-full size-full\" alt=\"\" srcset=\"https:\/\/rcanaider.com\/wp-content\/uploads\/2023\/11\/37800-min.jpeg 2016w, https:\/\/rcanaider.com\/wp-content\/uploads\/2023\/11\/37800-min-300x225.jpeg 300w, https:\/\/rcanaider.com\/wp-content\/uploads\/2023\/11\/37800-min-1024x768.jpeg 1024w, https:\/\/rcanaider.com\/wp-content\/uploads\/2023\/11\/37800-min-768x576.jpeg 768w, https:\/\/rcanaider.com\/wp-content\/uploads\/2023\/11\/37800-min-1536x1152.jpeg 1536w, https:\/\/rcanaider.com\/wp-content\/uploads\/2023\/11\/37800-min-16x12.jpeg 16w, https:\/\/rcanaider.com\/wp-content\/uploads\/2023\/11\/37800-min-600x450.jpeg 600w\" sizes=\"(max-width: 2016px) 100vw, 2016px\" \/><\/a>\n\t\t\t<\/div><\/figure><figure class='gallery-item'>\n\t\t\t<div class='gallery-icon portrait'>\n\t\t\t\t<a data-elementor-open-lightbox=\"yes\" data-elementor-lightbox-slideshow=\"eec1f72\" data-elementor-lightbox-title=\"38161-min\" data-e-action-hash=\"#elementor-action%3Aaction%3Dlightbox%26settings%3DeyJpZCI6MjI4MSwidXJsIjoiaHR0cHM6XC9cL3JjYW5haWRlci5jb21cL3dwLWNvbnRlbnRcL3VwbG9hZHNcLzIwMjNcLzExXC8zODE2MS1taW4uanBlZyIsInNsaWRlc2hvdyI6ImVlYzFmNzIifQ%3D%3D\" href='https:\/\/rcanaider.com\/wp-content\/uploads\/2023\/11\/38161-min.jpeg'><img loading=\"lazy\" decoding=\"async\" width=\"783\" height=\"900\" src=\"https:\/\/rcanaider.com\/wp-content\/uploads\/2023\/11\/38161-min.jpeg\" class=\"attachment-full size-full\" alt=\"\" srcset=\"https:\/\/rcanaider.com\/wp-content\/uploads\/2023\/11\/38161-min.jpeg 783w, https:\/\/rcanaider.com\/wp-content\/uploads\/2023\/11\/38161-min-261x300.jpeg 261w, https:\/\/rcanaider.com\/wp-content\/uploads\/2023\/11\/38161-min-768x883.jpeg 768w, https:\/\/rcanaider.com\/wp-content\/uploads\/2023\/11\/38161-min-10x12.jpeg 10w, https:\/\/rcanaider.com\/wp-content\/uploads\/2023\/11\/38161-min-600x690.jpeg 600w\" sizes=\"(max-width: 783px) 100vw, 783px\" \/><\/a>\n\t\t\t<\/div><\/figure><figure class='gallery-item'>\n\t\t\t<div class='gallery-icon portrait'>\n\t\t\t\t<a data-elementor-open-lightbox=\"yes\" data-elementor-lightbox-slideshow=\"eec1f72\" data-elementor-lightbox-title=\"37951-min\" data-e-action-hash=\"#elementor-action%3Aaction%3Dlightbox%26settings%3DeyJpZCI6MjI4MCwidXJsIjoiaHR0cHM6XC9cL3JjYW5haWRlci5jb21cL3dwLWNvbnRlbnRcL3VwbG9hZHNcLzIwMjNcLzExXC8zNzk1MS1taW4uanBlZyIsInNsaWRlc2hvdyI6ImVlYzFmNzIifQ%3D%3D\" href='https:\/\/rcanaider.com\/wp-content\/uploads\/2023\/11\/37951-min.jpeg'><img loading=\"lazy\" decoding=\"async\" width=\"900\" height=\"1051\" src=\"https:\/\/rcanaider.com\/wp-content\/uploads\/2023\/11\/37951-min.jpeg\" class=\"attachment-full size-full\" alt=\"\" srcset=\"https:\/\/rcanaider.com\/wp-content\/uploads\/2023\/11\/37951-min.jpeg 900w, https:\/\/rcanaider.com\/wp-content\/uploads\/2023\/11\/37951-min-257x300.jpeg 257w, https:\/\/rcanaider.com\/wp-content\/uploads\/2023\/11\/37951-min-877x1024.jpeg 877w, https:\/\/rcanaider.com\/wp-content\/uploads\/2023\/11\/37951-min-768x897.jpeg 768w, https:\/\/rcanaider.com\/wp-content\/uploads\/2023\/11\/37951-min-10x12.jpeg 10w, https:\/\/rcanaider.com\/wp-content\/uploads\/2023\/11\/37951-min-600x701.jpeg 600w\" sizes=\"(max-width: 900px) 100vw, 900px\" \/><\/a>\n\t\t\t<\/div><\/figure><figure class='gallery-item'>\n\t\t\t<div class='gallery-icon portrait'>\n\t\t\t\t<a data-elementor-open-lightbox=\"yes\" data-elementor-lightbox-slideshow=\"eec1f72\" data-elementor-lightbox-title=\"37919-min\" data-e-action-hash=\"#elementor-action%3Aaction%3Dlightbox%26settings%3DeyJpZCI6MjI3OSwidXJsIjoiaHR0cHM6XC9cL3JjYW5haWRlci5jb21cL3dwLWNvbnRlbnRcL3VwbG9hZHNcLzIwMjNcLzExXC8zNzkxOS1taW4uanBlZyIsInNsaWRlc2hvdyI6ImVlYzFmNzIifQ%3D%3D\" href='https:\/\/rcanaider.com\/wp-content\/uploads\/2023\/11\/37919-min.jpeg'><img loading=\"lazy\" decoding=\"async\" width=\"900\" height=\"1600\" src=\"https:\/\/rcanaider.com\/wp-content\/uploads\/2023\/11\/37919-min.jpeg\" class=\"attachment-full size-full\" alt=\"\" srcset=\"https:\/\/rcanaider.com\/wp-content\/uploads\/2023\/11\/37919-min.jpeg 900w, https:\/\/rcanaider.com\/wp-content\/uploads\/2023\/11\/37919-min-169x300.jpeg 169w, https:\/\/rcanaider.com\/wp-content\/uploads\/2023\/11\/37919-min-576x1024.jpeg 576w, https:\/\/rcanaider.com\/wp-content\/uploads\/2023\/11\/37919-min-768x1365.jpeg 768w, https:\/\/rcanaider.com\/wp-content\/uploads\/2023\/11\/37919-min-864x1536.jpeg 864w, https:\/\/rcanaider.com\/wp-content\/uploads\/2023\/11\/37919-min-7x12.jpeg 7w, https:\/\/rcanaider.com\/wp-content\/uploads\/2023\/11\/37919-min-600x1067.jpeg 600w\" sizes=\"(max-width: 900px) 100vw, 900px\" \/><\/a>\n\t\t\t<\/div><\/figure>\n\t\t<\/div>\n\t\t<\/div>\n\t\t\t\t\t\t<\/div>\n\t\t\t\t<\/div>\n\t\t\t\t\t<\/div>\n\t\t\t\t<\/div>\n\t\t\t\t<\/div>","protected":false},"excerpt":{"rendered":"<p>LITERATURE EVENTS First Promotion of the novel &#8220;Caves&#8221; in Tirana, at Protik ICT Resource Center<\/p>","protected":false},"author":1,"featured_media":0,"parent":0,"menu_order":0,"comment_status":"closed","ping_status":"closed","template":"","meta":{"_monsterinsights_skip_tracking":false,"_monsterinsights_sitenote_active":false,"_monsterinsights_sitenote_note":"","_monsterinsights_sitenote_category":0,"site-sidebar-layout":"no-sidebar","site-content-layout":"page-builder","ast-site-content-layout":"full-width-container","site-content-style":"default","site-sidebar-style":"default","ast-global-header-display":"","ast-banner-title-visibility":"","ast-main-header-display":"","ast-hfb-above-header-display":"","ast-hfb-below-header-display":"","ast-hfb-mobile-header-display":"","site-post-title":"disabled","ast-breadcrumbs-content":"","ast-featured-img":"disabled","footer-sml-layout":"","theme-transparent-header-meta":"","adv-header-id-meta":"","stick-header-meta":"","header-above-stick-meta":"","header-main-stick-meta":"","header-below-stick-meta":"","astra-migrate-meta-layouts":"set","ast-page-background-enabled":"default","ast-page-background-meta":{"desktop":{"background-color":"var(--ast-global-color-4)","background-image":"","background-repeat":"repeat","background-position":"center center","background-size":"auto","background-attachment":"scroll","background-type":"","background-media":"","overlay-type":"","overlay-color":"","overlay-opacity":"","overlay-gradient":""},"tablet":{"background-color":"","background-image":"","background-repeat":"repeat","background-position":"center center","background-size":"auto","background-attachment":"scroll","background-type":"","background-media":"","overlay-type":"","overlay-color":"","overlay-opacity":"","overlay-gradient":""},"mobile":{"background-color":"","background-image":"","background-repeat":"repeat","background-position":"center center","background-size":"auto","background-attachment":"scroll","background-type":"","background-media":"","overlay-type":"","overlay-color":"","overlay-opacity":"","overlay-gradient":""}},"ast-content-background-meta":{"desktop":{"background-color":"var(--ast-global-color-5)","background-image":"","background-repeat":"repeat","background-position":"center center","background-size":"auto","background-attachment":"scroll","background-type":"","background-media":"","overlay-type":"","overlay-color":"","overlay-opacity":"","overlay-gradient":""},"tablet":{"background-color":"var(--ast-global-color-5)","background-image":"","background-repeat":"repeat","background-position":"center center","background-size":"auto","background-attachment":"scroll","background-type":"","background-media":"","overlay-type":"","overlay-color":"","overlay-opacity":"","overlay-gradient":""},"mobile":{"background-color":"var(--ast-global-color-5)","background-image":"","background-repeat":"repeat","background-position":"center center","background-size":"auto","background-attachment":"scroll","background-type":"","background-media":"","overlay-type":"","overlay-color":"","overlay-opacity":"","overlay-gradient":""}},"footnotes":""},"class_list":["post-2292","page","type-page","status-publish","hentry"],"_links":{"self":[{"href":"https:\/\/rcanaider.com\/fr\/wp-json\/wp\/v2\/pages\/2292","targetHints":{"allow":["GET"]}}],"collection":[{"href":"https:\/\/rcanaider.com\/fr\/wp-json\/wp\/v2\/pages"}],"about":[{"href":"https:\/\/rcanaider.com\/fr\/wp-json\/wp\/v2\/types\/page"}],"author":[{"embeddable":true,"href":"https:\/\/rcanaider.com\/fr\/wp-json\/wp\/v2\/users\/1"}],"replies":[{"embeddable":true,"href":"https:\/\/rcanaider.com\/fr\/wp-json\/wp\/v2\/comments?post=2292"}],"version-history":[{"count":14,"href":"https:\/\/rcanaider.com\/fr\/wp-json\/wp\/v2\/pages\/2292\/revisions"}],"predecessor-version":[{"id":2315,"href":"https:\/\/rcanaider.com\/fr\/wp-json\/wp\/v2\/pages\/2292\/revisions\/2315"}],"wp:attachment":[{"href":"https:\/\/rcanaider.com\/fr\/wp-json\/wp\/v2\/media?parent=2292"}],"curies":[{"name":"wp","href":"https:\/\/api.w.org\/{rel}","templated":true}]}}