{"id":2311,"date":"2023-11-19T00:44:05","date_gmt":"2023-11-19T00:44:05","guid":{"rendered":"https:\/\/rcanaider.com\/?page_id=2311"},"modified":"2023-11-20T17:46:02","modified_gmt":"2023-11-20T17:46:02","slug":"promotion-of-caves-in-prishtina-at-dukagjini-bookstore","status":"publish","type":"page","link":"https:\/\/rcanaider.com\/fr\/promotion-of-caves-in-prishtina-at-dukagjini-bookstore\/","title":{"rendered":"Promotion of &#8220;Caves&#8221; in Prishtina at Dukagjini bookstore"},"content":{"rendered":"<div data-elementor-type=\"wp-page\" data-elementor-id=\"2311\" class=\"elementor elementor-2311\">\n\t\t\t\t\t\t<section class=\"elementor-section elementor-top-section elementor-element elementor-element-35dfd436 elementor-section-boxed elementor-section-height-default elementor-section-height-default\" data-id=\"35dfd436\" data-element_type=\"section\" data-settings=\"{&quot;background_background&quot;:&quot;classic&quot;}\">\n\t\t\t\t\t\t\t<div class=\"elementor-background-overlay\"><\/div>\n\t\t\t\t\t\t\t<div class=\"elementor-container elementor-column-gap-no\">\n\t\t\t\t\t<div class=\"elementor-column elementor-col-100 elementor-top-column elementor-element elementor-element-316db81d\" data-id=\"316db81d\" data-element_type=\"column\">\n\t\t\t<div class=\"elementor-widget-wrap elementor-element-populated\">\n\t\t\t\t\t\t<div class=\"elementor-element elementor-element-14a3e483 elementor-widget elementor-widget-heading\" data-id=\"14a3e483\" data-element_type=\"widget\" data-widget_type=\"heading.default\">\n\t\t\t\t<div class=\"elementor-widget-container\">\n\t\t\t\t\t<h6 class=\"elementor-heading-title elementor-size-default\">\u00c9V\u00c9NEMENTS LITT\u00c9RAIRES\n<\/h6>\t\t\t\t<\/div>\n\t\t\t\t<\/div>\n\t\t\t\t<div class=\"elementor-element elementor-element-777150a9 elementor-widget elementor-widget-heading\" data-id=\"777150a9\" data-element_type=\"widget\" data-widget_type=\"heading.default\">\n\t\t\t\t<div class=\"elementor-widget-container\">\n\t\t\t\t\t<h3 class=\"elementor-heading-title elementor-size-default\">Promotion des \"Caves\" \u00e0 Prishtina \u00e0 la librairie Dukagjini<\/h3>\t\t\t\t<\/div>\n\t\t\t\t<\/div>\n\t\t\t\t\t<\/div>\n\t\t<\/div>\n\t\t\t\t\t<\/div>\n\t\t<\/section>\n\t\t<div class=\"elementor-element elementor-element-5a4da1d e-flex e-con-boxed e-con e-parent\" data-id=\"5a4da1d\" data-element_type=\"container\">\n\t\t\t\t\t<div class=\"e-con-inner\">\n\t\t\t\t<div class=\"elementor-element elementor-element-95744b0 gallery-spacing-custom elementor-widget elementor-widget-image-gallery\" data-id=\"95744b0\" data-element_type=\"widget\" data-widget_type=\"image-gallery.default\">\n\t\t\t\t<div class=\"elementor-widget-container\">\n\t\t\t\t\t\t\t<div class=\"elementor-image-gallery\">\n\t\t\t<div id='gallery-1' class='gallery galleryid-2311 gallery-columns-3 gallery-size-full'><figure class='gallery-item'>\n\t\t\t<div class='gallery-icon portrait'>\n\t\t\t\t<a data-elementor-open-lightbox=\"yes\" data-elementor-lightbox-slideshow=\"95744b0\" data-elementor-lightbox-title=\"40241-min\" data-e-action-hash=\"#elementor-action%3Aaction%3Dlightbox%26settings%3DeyJpZCI6MjMyNiwidXJsIjoiaHR0cHM6XC9cL3JjYW5haWRlci5jb21cL3dwLWNvbnRlbnRcL3VwbG9hZHNcLzIwMjNcLzExXC80MDI0MS1taW4uanBlZyIsInNsaWRlc2hvdyI6Ijk1NzQ0YjAifQ%3D%3D\" href='https:\/\/rcanaider.com\/wp-content\/uploads\/2023\/11\/40241-min.jpeg'><img fetchpriority=\"high\" decoding=\"async\" width=\"600\" height=\"800\" src=\"https:\/\/rcanaider.com\/wp-content\/uploads\/2023\/11\/40241-min.jpeg\" class=\"attachment-full size-full\" alt=\"\" srcset=\"https:\/\/rcanaider.com\/wp-content\/uploads\/2023\/11\/40241-min.jpeg 600w, https:\/\/rcanaider.com\/wp-content\/uploads\/2023\/11\/40241-min-225x300.jpeg 225w, https:\/\/rcanaider.com\/wp-content\/uploads\/2023\/11\/40241-min-9x12.jpeg 9w\" sizes=\"(max-width: 600px) 100vw, 600px\" \/><\/a>\n\t\t\t<\/div><\/figure><figure class='gallery-item'>\n\t\t\t<div class='gallery-icon portrait'>\n\t\t\t\t<a data-elementor-open-lightbox=\"yes\" data-elementor-lightbox-slideshow=\"95744b0\" data-elementor-lightbox-title=\"40248-min\" data-e-action-hash=\"#elementor-action%3Aaction%3Dlightbox%26settings%3DeyJpZCI6MjMyNSwidXJsIjoiaHR0cHM6XC9cL3JjYW5haWRlci5jb21cL3dwLWNvbnRlbnRcL3VwbG9hZHNcLzIwMjNcLzExXC80MDI0OC1taW4tZTE3MDAzNTQ3NzYzNzUuanBlZyIsInNsaWRlc2hvdyI6Ijk1NzQ0YjAifQ%3D%3D\" href='https:\/\/rcanaider.com\/wp-content\/uploads\/2023\/11\/40248-min-e1700354776375.jpeg'><img decoding=\"async\" width=\"549\" height=\"730\" src=\"https:\/\/rcanaider.com\/wp-content\/uploads\/2023\/11\/40248-min-e1700354776375.jpeg\" class=\"attachment-full size-full\" alt=\"\" srcset=\"https:\/\/rcanaider.com\/wp-content\/uploads\/2023\/11\/40248-min-e1700354776375.jpeg 549w, https:\/\/rcanaider.com\/wp-content\/uploads\/2023\/11\/40248-min-e1700354776375-226x300.jpeg 226w, https:\/\/rcanaider.com\/wp-content\/uploads\/2023\/11\/40248-min-e1700354776375-9x12.jpeg 9w\" sizes=\"(max-width: 549px) 100vw, 549px\" \/><\/a>\n\t\t\t<\/div><\/figure><figure class='gallery-item'>\n\t\t\t<div class='gallery-icon portrait'>\n\t\t\t\t<a data-elementor-open-lightbox=\"yes\" data-elementor-lightbox-slideshow=\"95744b0\" data-elementor-lightbox-title=\"40256-min\" data-e-action-hash=\"#elementor-action%3Aaction%3Dlightbox%26settings%3DeyJpZCI6MjMyMCwidXJsIjoiaHR0cHM6XC9cL3JjYW5haWRlci5jb21cL3dwLWNvbnRlbnRcL3VwbG9hZHNcLzIwMjNcLzExXC80MDI1Ni1taW4uanBlZyIsInNsaWRlc2hvdyI6Ijk1NzQ0YjAifQ%3D%3D\" href='https:\/\/rcanaider.com\/wp-content\/uploads\/2023\/11\/40256-min.jpeg'><img decoding=\"async\" width=\"768\" height=\"1024\" src=\"https:\/\/rcanaider.com\/wp-content\/uploads\/2023\/11\/40256-min.jpeg\" class=\"attachment-full size-full\" alt=\"\" srcset=\"https:\/\/rcanaider.com\/wp-content\/uploads\/2023\/11\/40256-min.jpeg 768w, https:\/\/rcanaider.com\/wp-content\/uploads\/2023\/11\/40256-min-225x300.jpeg 225w, https:\/\/rcanaider.com\/wp-content\/uploads\/2023\/11\/40256-min-9x12.jpeg 9w, https:\/\/rcanaider.com\/wp-content\/uploads\/2023\/11\/40256-min-600x800.jpeg 600w\" sizes=\"(max-width: 768px) 100vw, 768px\" \/><\/a>\n\t\t\t<\/div><\/figure><figure class='gallery-item'>\n\t\t\t<div class='gallery-icon portrait'>\n\t\t\t\t<a data-elementor-open-lightbox=\"yes\" data-elementor-lightbox-slideshow=\"95744b0\" data-elementor-lightbox-title=\"40417-min\" data-e-action-hash=\"#elementor-action%3Aaction%3Dlightbox%26settings%3DeyJpZCI6MjMyMywidXJsIjoiaHR0cHM6XC9cL3JjYW5haWRlci5jb21cL3dwLWNvbnRlbnRcL3VwbG9hZHNcLzIwMjNcLzExXC80MDQxNy1taW4uanBlZyIsInNsaWRlc2hvdyI6Ijk1NzQ0YjAifQ%3D%3D\" href='https:\/\/rcanaider.com\/wp-content\/uploads\/2023\/11\/40417-min.jpeg'><img loading=\"lazy\" decoding=\"async\" width=\"757\" height=\"979\" src=\"https:\/\/rcanaider.com\/wp-content\/uploads\/2023\/11\/40417-min.jpeg\" class=\"attachment-full size-full\" alt=\"\" srcset=\"https:\/\/rcanaider.com\/wp-content\/uploads\/2023\/11\/40417-min.jpeg 757w, https:\/\/rcanaider.com\/wp-content\/uploads\/2023\/11\/40417-min-232x300.jpeg 232w, https:\/\/rcanaider.com\/wp-content\/uploads\/2023\/11\/40417-min-9x12.jpeg 9w, https:\/\/rcanaider.com\/wp-content\/uploads\/2023\/11\/40417-min-600x776.jpeg 600w\" sizes=\"(max-width: 757px) 100vw, 757px\" \/><\/a>\n\t\t\t<\/div><\/figure><figure class='gallery-item'>\n\t\t\t<div class='gallery-icon landscape'>\n\t\t\t\t<a data-elementor-open-lightbox=\"yes\" data-elementor-lightbox-slideshow=\"95744b0\" data-elementor-lightbox-title=\"40291-min\" data-e-action-hash=\"#elementor-action%3Aaction%3Dlightbox%26settings%3DeyJpZCI6MjMyMiwidXJsIjoiaHR0cHM6XC9cL3JjYW5haWRlci5jb21cL3dwLWNvbnRlbnRcL3VwbG9hZHNcLzIwMjNcLzExXC80MDI5MS1taW4uanBlZyIsInNsaWRlc2hvdyI6Ijk1NzQ0YjAifQ%3D%3D\" href='https:\/\/rcanaider.com\/wp-content\/uploads\/2023\/11\/40291-min.jpeg'><img loading=\"lazy\" decoding=\"async\" width=\"791\" height=\"768\" src=\"https:\/\/rcanaider.com\/wp-content\/uploads\/2023\/11\/40291-min.jpeg\" class=\"attachment-full size-full\" alt=\"\" srcset=\"https:\/\/rcanaider.com\/wp-content\/uploads\/2023\/11\/40291-min.jpeg 791w, https:\/\/rcanaider.com\/wp-content\/uploads\/2023\/11\/40291-min-300x291.jpeg 300w, https:\/\/rcanaider.com\/wp-content\/uploads\/2023\/11\/40291-min-768x746.jpeg 768w, https:\/\/rcanaider.com\/wp-content\/uploads\/2023\/11\/40291-min-12x12.jpeg 12w, https:\/\/rcanaider.com\/wp-content\/uploads\/2023\/11\/40291-min-600x583.jpeg 600w\" sizes=\"(max-width: 791px) 100vw, 791px\" \/><\/a>\n\t\t\t<\/div><\/figure><figure class='gallery-item'>\n\t\t\t<div class='gallery-icon landscape'>\n\t\t\t\t<a data-elementor-open-lightbox=\"yes\" data-elementor-lightbox-slideshow=\"95744b0\" data-elementor-lightbox-title=\"COVER (1)-min\" data-e-action-hash=\"#elementor-action%3Aaction%3Dlightbox%26settings%3DeyJpZCI6MjMyNCwidXJsIjoiaHR0cHM6XC9cL3JjYW5haWRlci5jb21cL3dwLWNvbnRlbnRcL3VwbG9hZHNcLzIwMjNcLzExXC9DT1ZFUi0xLW1pbi5qcGVnIiwic2xpZGVzaG93IjoiOTU3NDRiMCJ9\" href='https:\/\/rcanaider.com\/wp-content\/uploads\/2023\/11\/COVER-1-min.jpeg'><img loading=\"lazy\" decoding=\"async\" width=\"1326\" height=\"1200\" src=\"https:\/\/rcanaider.com\/wp-content\/uploads\/2023\/11\/COVER-1-min.jpeg\" class=\"attachment-full size-full\" alt=\"\" srcset=\"https:\/\/rcanaider.com\/wp-content\/uploads\/2023\/11\/COVER-1-min.jpeg 1326w, https:\/\/rcanaider.com\/wp-content\/uploads\/2023\/11\/COVER-1-min-300x271.jpeg 300w, https:\/\/rcanaider.com\/wp-content\/uploads\/2023\/11\/COVER-1-min-1024x927.jpeg 1024w, https:\/\/rcanaider.com\/wp-content\/uploads\/2023\/11\/COVER-1-min-768x695.jpeg 768w, https:\/\/rcanaider.com\/wp-content\/uploads\/2023\/11\/COVER-1-min-13x12.jpeg 13w, https:\/\/rcanaider.com\/wp-content\/uploads\/2023\/11\/COVER-1-min-600x543.jpeg 600w\" sizes=\"(max-width: 1326px) 100vw, 1326px\" \/><\/a>\n\t\t\t<\/div><\/figure><figure class='gallery-item'>\n\t\t\t<div class='gallery-icon landscape'>\n\t\t\t\t<a data-elementor-open-lightbox=\"yes\" data-elementor-lightbox-slideshow=\"95744b0\" data-elementor-lightbox-title=\"40288-min\" data-e-action-hash=\"#elementor-action%3Aaction%3Dlightbox%26settings%3DeyJpZCI6MjMyMSwidXJsIjoiaHR0cHM6XC9cL3JjYW5haWRlci5jb21cL3dwLWNvbnRlbnRcL3VwbG9hZHNcLzIwMjNcLzExXC80MDI4OC1taW4uanBlZyIsInNsaWRlc2hvdyI6Ijk1NzQ0YjAifQ%3D%3D\" href='https:\/\/rcanaider.com\/wp-content\/uploads\/2023\/11\/40288-min.jpeg'><img loading=\"lazy\" decoding=\"async\" width=\"966\" height=\"795\" src=\"https:\/\/rcanaider.com\/wp-content\/uploads\/2023\/11\/40288-min.jpeg\" class=\"attachment-full size-full\" alt=\"\" srcset=\"https:\/\/rcanaider.com\/wp-content\/uploads\/2023\/11\/40288-min.jpeg 966w, https:\/\/rcanaider.com\/wp-content\/uploads\/2023\/11\/40288-min-300x247.jpeg 300w, https:\/\/rcanaider.com\/wp-content\/uploads\/2023\/11\/40288-min-768x632.jpeg 768w, https:\/\/rcanaider.com\/wp-content\/uploads\/2023\/11\/40288-min-15x12.jpeg 15w, https:\/\/rcanaider.com\/wp-content\/uploads\/2023\/11\/40288-min-600x494.jpeg 600w\" sizes=\"(max-width: 966px) 100vw, 966px\" \/><\/a>\n\t\t\t<\/div><\/figure><figure class='gallery-item'>\n\t\t\t<div class='gallery-icon landscape'>\n\t\t\t\t<a data-elementor-open-lightbox=\"yes\" data-elementor-lightbox-slideshow=\"95744b0\" data-elementor-lightbox-title=\"40240-min\" data-e-action-hash=\"#elementor-action%3Aaction%3Dlightbox%26settings%3DeyJpZCI6MjMyNywidXJsIjoiaHR0cHM6XC9cL3JjYW5haWRlci5jb21cL3dwLWNvbnRlbnRcL3VwbG9hZHNcLzIwMjNcLzExXC80MDI0MC1taW4uanBlZyIsInNsaWRlc2hvdyI6Ijk1NzQ0YjAifQ%3D%3D\" href='https:\/\/rcanaider.com\/wp-content\/uploads\/2023\/11\/40240-min.jpeg'><img loading=\"lazy\" decoding=\"async\" width=\"800\" height=\"600\" src=\"https:\/\/rcanaider.com\/wp-content\/uploads\/2023\/11\/40240-min.jpeg\" class=\"attachment-full size-full\" alt=\"\" srcset=\"https:\/\/rcanaider.com\/wp-content\/uploads\/2023\/11\/40240-min.jpeg 800w, https:\/\/rcanaider.com\/wp-content\/uploads\/2023\/11\/40240-min-300x225.jpeg 300w, https:\/\/rcanaider.com\/wp-content\/uploads\/2023\/11\/40240-min-768x576.jpeg 768w, https:\/\/rcanaider.com\/wp-content\/uploads\/2023\/11\/40240-min-16x12.jpeg 16w, https:\/\/rcanaider.com\/wp-content\/uploads\/2023\/11\/40240-min-600x450.jpeg 600w\" sizes=\"(max-width: 800px) 100vw, 800px\" \/><\/a>\n\t\t\t<\/div><\/figure><figure class='gallery-item'>\n\t\t\t<div class='gallery-icon landscape'>\n\t\t\t\t<a data-elementor-open-lightbox=\"yes\" data-elementor-lightbox-slideshow=\"95744b0\" data-elementor-lightbox-title=\"40235-min\" data-e-action-hash=\"#elementor-action%3Aaction%3Dlightbox%26settings%3DeyJpZCI6MjMyOCwidXJsIjoiaHR0cHM6XC9cL3JjYW5haWRlci5jb21cL3dwLWNvbnRlbnRcL3VwbG9hZHNcLzIwMjNcLzExXC80MDIzNS1taW4uanBlZyIsInNsaWRlc2hvdyI6Ijk1NzQ0YjAifQ%3D%3D\" href='https:\/\/rcanaider.com\/wp-content\/uploads\/2023\/11\/40235-min.jpeg'><img loading=\"lazy\" decoding=\"async\" width=\"800\" height=\"600\" src=\"https:\/\/rcanaider.com\/wp-content\/uploads\/2023\/11\/40235-min.jpeg\" class=\"attachment-full size-full\" alt=\"\" srcset=\"https:\/\/rcanaider.com\/wp-content\/uploads\/2023\/11\/40235-min.jpeg 800w, https:\/\/rcanaider.com\/wp-content\/uploads\/2023\/11\/40235-min-300x225.jpeg 300w, https:\/\/rcanaider.com\/wp-content\/uploads\/2023\/11\/40235-min-768x576.jpeg 768w, https:\/\/rcanaider.com\/wp-content\/uploads\/2023\/11\/40235-min-16x12.jpeg 16w, https:\/\/rcanaider.com\/wp-content\/uploads\/2023\/11\/40235-min-600x450.jpeg 600w\" sizes=\"(max-width: 800px) 100vw, 800px\" \/><\/a>\n\t\t\t<\/div><\/figure>\n\t\t<\/div>\n\t\t<\/div>\n\t\t\t\t\t\t<\/div>\n\t\t\t\t<\/div>\n\t\t\t\t\t<\/div>\n\t\t\t\t<\/div>\n\t\t<div class=\"elementor-element elementor-element-be373ef e-flex e-con-boxed e-con e-parent\" data-id=\"be373ef\" data-element_type=\"container\">\n\t\t\t\t\t<div class=\"e-con-inner\">\n\t\t\t\t<div class=\"elementor-element elementor-element-e31bd50 elementor-widget elementor-widget-video\" data-id=\"e31bd50\" data-element_type=\"widget\" data-settings=\"{&quot;youtube_url&quot;:&quot;https:\\\/\\\/www.youtube.com\\\/watch?v=mYbzns4QkF8&quot;,&quot;video_type&quot;:&quot;youtube&quot;,&quot;controls&quot;:&quot;yes&quot;}\" data-widget_type=\"video.default\">\n\t\t\t\t<div class=\"elementor-widget-container\">\n\t\t\t\t\t\t\t<div class=\"elementor-wrapper elementor-open-inline\">\n\t\t\t<div class=\"elementor-video\"><\/div>\t\t<\/div>\n\t\t\t\t\t\t<\/div>\n\t\t\t\t<\/div>\n\t\t\t\t\t<\/div>\n\t\t\t\t<\/div>\n\t\t\t\t<\/div>","protected":false},"excerpt":{"rendered":"<p>LITERATURE EVENTS Promotion of &#8220;Caves&#8221; in Prishtina at Dukagjini bookstore<\/p>","protected":false},"author":1,"featured_media":0,"parent":0,"menu_order":0,"comment_status":"closed","ping_status":"closed","template":"","meta":{"_monsterinsights_skip_tracking":false,"_monsterinsights_sitenote_active":false,"_monsterinsights_sitenote_note":"","_monsterinsights_sitenote_category":0,"site-sidebar-layout":"no-sidebar","site-content-layout":"page-builder","ast-site-content-layout":"full-width-container","site-content-style":"default","site-sidebar-style":"default","ast-global-header-display":"","ast-banner-title-visibility":"","ast-main-header-display":"","ast-hfb-above-header-display":"","ast-hfb-below-header-display":"","ast-hfb-mobile-header-display":"","site-post-title":"disabled","ast-breadcrumbs-content":"","ast-featured-img":"disabled","footer-sml-layout":"","theme-transparent-header-meta":"","adv-header-id-meta":"","stick-header-meta":"","header-above-stick-meta":"","header-main-stick-meta":"","header-below-stick-meta":"","astra-migrate-meta-layouts":"set","ast-page-background-enabled":"default","ast-page-background-meta":{"desktop":{"background-color":"var(--ast-global-color-4)","background-image":"","background-repeat":"repeat","background-position":"center center","background-size":"auto","background-attachment":"scroll","background-type":"","background-media":"","overlay-type":"","overlay-color":"","overlay-opacity":"","overlay-gradient":""},"tablet":{"background-color":"","background-image":"","background-repeat":"repeat","background-position":"center center","background-size":"auto","background-attachment":"scroll","background-type":"","background-media":"","overlay-type":"","overlay-color":"","overlay-opacity":"","overlay-gradient":""},"mobile":{"background-color":"","background-image":"","background-repeat":"repeat","background-position":"center center","background-size":"auto","background-attachment":"scroll","background-type":"","background-media":"","overlay-type":"","overlay-color":"","overlay-opacity":"","overlay-gradient":""}},"ast-content-background-meta":{"desktop":{"background-color":"var(--ast-global-color-5)","background-image":"","background-repeat":"repeat","background-position":"center center","background-size":"auto","background-attachment":"scroll","background-type":"","background-media":"","overlay-type":"","overlay-color":"","overlay-opacity":"","overlay-gradient":""},"tablet":{"background-color":"var(--ast-global-color-5)","background-image":"","background-repeat":"repeat","background-position":"center center","background-size":"auto","background-attachment":"scroll","background-type":"","background-media":"","overlay-type":"","overlay-color":"","overlay-opacity":"","overlay-gradient":""},"mobile":{"background-color":"var(--ast-global-color-5)","background-image":"","background-repeat":"repeat","background-position":"center center","background-size":"auto","background-attachment":"scroll","background-type":"","background-media":"","overlay-type":"","overlay-color":"","overlay-opacity":"","overlay-gradient":""}},"footnotes":""},"class_list":["post-2311","page","type-page","status-publish","hentry"],"_links":{"self":[{"href":"https:\/\/rcanaider.com\/fr\/wp-json\/wp\/v2\/pages\/2311","targetHints":{"allow":["GET"]}}],"collection":[{"href":"https:\/\/rcanaider.com\/fr\/wp-json\/wp\/v2\/pages"}],"about":[{"href":"https:\/\/rcanaider.com\/fr\/wp-json\/wp\/v2\/types\/page"}],"author":[{"embeddable":true,"href":"https:\/\/rcanaider.com\/fr\/wp-json\/wp\/v2\/users\/1"}],"replies":[{"embeddable":true,"href":"https:\/\/rcanaider.com\/fr\/wp-json\/wp\/v2\/comments?post=2311"}],"version-history":[{"count":10,"href":"https:\/\/rcanaider.com\/fr\/wp-json\/wp\/v2\/pages\/2311\/revisions"}],"predecessor-version":[{"id":2500,"href":"https:\/\/rcanaider.com\/fr\/wp-json\/wp\/v2\/pages\/2311\/revisions\/2500"}],"wp:attachment":[{"href":"https:\/\/rcanaider.com\/fr\/wp-json\/wp\/v2\/media?parent=2311"}],"curies":[{"name":"wp","href":"https:\/\/api.w.org\/{rel}","templated":true}]}}