{"id":2828,"date":"2024-03-02T12:50:59","date_gmt":"2024-03-02T12:50:59","guid":{"rendered":"https:\/\/rcanaider.com\/?page_id=2828"},"modified":"2024-03-02T14:54:26","modified_gmt":"2024-03-02T14:54:26","slug":"promotion-of-caves-at-fondation-artists-way-in-vevey-switzerland","status":"publish","type":"page","link":"https:\/\/rcanaider.com\/fr\/promotion-of-caves-at-fondation-artists-way-in-vevey-switzerland\/","title":{"rendered":"Promotion of &#8220;Caves&#8221; at Fondation Artists-Way in Vevey, Switzerland"},"content":{"rendered":"<div data-elementor-type=\"wp-page\" data-elementor-id=\"2828\" class=\"elementor elementor-2828\">\n\t\t\t\t\t\t<section class=\"elementor-section elementor-top-section elementor-element elementor-element-12d13183 elementor-section-boxed elementor-section-height-default elementor-section-height-default\" data-id=\"12d13183\" data-element_type=\"section\" data-settings=\"{&quot;background_background&quot;:&quot;classic&quot;}\">\n\t\t\t\t\t\t\t<div class=\"elementor-background-overlay\"><\/div>\n\t\t\t\t\t\t\t<div class=\"elementor-container elementor-column-gap-no\">\n\t\t\t\t\t<div class=\"elementor-column elementor-col-100 elementor-top-column elementor-element elementor-element-b491c0c\" data-id=\"b491c0c\" data-element_type=\"column\">\n\t\t\t<div class=\"elementor-widget-wrap elementor-element-populated\">\n\t\t\t\t\t\t<div class=\"elementor-element elementor-element-1dce7754 elementor-widget elementor-widget-heading\" data-id=\"1dce7754\" data-element_type=\"widget\" data-widget_type=\"heading.default\">\n\t\t\t\t<div class=\"elementor-widget-container\">\n\t\t\t\t\t<h6 class=\"elementor-heading-title elementor-size-default\">\u00c9V\u00c9NEMENTS LITT\u00c9RAIRES<\/h6>\t\t\t\t<\/div>\n\t\t\t\t<\/div>\n\t\t\t\t<div class=\"elementor-element elementor-element-6995cb15 elementor-widget elementor-widget-heading\" data-id=\"6995cb15\" data-element_type=\"widget\" data-widget_type=\"heading.default\">\n\t\t\t\t<div class=\"elementor-widget-container\">\n\t\t\t\t\t<h3 class=\"elementor-heading-title elementor-size-default\">Promotion of \"Caves\" at Fondation Artists-Way in Vevey, Switzerland<\/h3>\t\t\t\t<\/div>\n\t\t\t\t<\/div>\n\t\t\t\t\t<\/div>\n\t\t<\/div>\n\t\t\t\t\t<\/div>\n\t\t<\/section>\n\t\t<div class=\"elementor-element elementor-element-3031141 e-flex e-con-boxed e-con e-parent\" data-id=\"3031141\" data-element_type=\"container\">\n\t\t\t\t\t<div class=\"e-con-inner\">\n\t\t\t\t<div class=\"elementor-element elementor-element-27bae9c elementor-widget elementor-widget-text-editor\" data-id=\"27bae9c\" data-element_type=\"widget\" data-widget_type=\"text-editor.default\">\n\t\t\t\t<div class=\"elementor-widget-container\">\n\t\t\t\t\t\t\t\t\t<p>The novel \u00ab Caves \u00bb is promoted at Fondation Artists-Way in Vevey, Switzerland, in a very warm atmosphere, in a non-traditional way and environment, among friends and sorrounded by beautiful works of art. Special thanks to the FAW for this opportunity, to the Representatives of The General Consulate of Republic of Kosovo in Geneva, as well as to all those who attended this event. A big interest was shown by the audience wishing to read the book in French or English.<\/p>\t\t\t\t\t\t\t\t<\/div>\n\t\t\t\t<\/div>\n\t\t\t\t\t<\/div>\n\t\t\t\t<\/div>\n\t\t<div class=\"elementor-element elementor-element-e9437c6 e-flex e-con-boxed e-con e-parent\" data-id=\"e9437c6\" data-element_type=\"container\">\n\t\t\t\t\t<div class=\"e-con-inner\">\n\t\t\t\t<div class=\"elementor-element elementor-element-eec1f72 gallery-spacing-custom elementor-widget elementor-widget-image-gallery\" data-id=\"eec1f72\" data-element_type=\"widget\" data-widget_type=\"image-gallery.default\">\n\t\t\t\t<div class=\"elementor-widget-container\">\n\t\t\t\t\t\t\t<div class=\"elementor-image-gallery\">\n\t\t\t<div id='gallery-1' class='gallery galleryid-2828 gallery-columns-3 gallery-size-full'><figure class='gallery-item'>\n\t\t\t<div class='gallery-icon landscape'>\n\t\t\t\t<a data-elementor-open-lightbox=\"yes\" data-elementor-lightbox-slideshow=\"eec1f72\" data-elementor-lightbox-title=\"IMG_4397-min\" data-e-action-hash=\"#elementor-action%3Aaction%3Dlightbox%26settings%3DeyJpZCI6MjgyOSwidXJsIjoiaHR0cHM6XC9cL3JjYW5haWRlci5jb21cL3dwLWNvbnRlbnRcL3VwbG9hZHNcLzIwMjRcLzAzXC9JTUdfNDM5Ny1taW4uanBnIiwic2xpZGVzaG93IjoiZWVjMWY3MiJ9\" href='https:\/\/rcanaider.com\/wp-content\/uploads\/2024\/03\/IMG_4397-min.jpg'><img fetchpriority=\"high\" decoding=\"async\" width=\"1600\" height=\"1200\" src=\"https:\/\/rcanaider.com\/wp-content\/uploads\/2024\/03\/IMG_4397-min.jpg\" class=\"attachment-full size-full\" alt=\"\" srcset=\"https:\/\/rcanaider.com\/wp-content\/uploads\/2024\/03\/IMG_4397-min.jpg 1600w, https:\/\/rcanaider.com\/wp-content\/uploads\/2024\/03\/IMG_4397-min-300x225.jpg 300w, https:\/\/rcanaider.com\/wp-content\/uploads\/2024\/03\/IMG_4397-min-1024x768.jpg 1024w, https:\/\/rcanaider.com\/wp-content\/uploads\/2024\/03\/IMG_4397-min-768x576.jpg 768w, https:\/\/rcanaider.com\/wp-content\/uploads\/2024\/03\/IMG_4397-min-1536x1152.jpg 1536w, https:\/\/rcanaider.com\/wp-content\/uploads\/2024\/03\/IMG_4397-min-16x12.jpg 16w, https:\/\/rcanaider.com\/wp-content\/uploads\/2024\/03\/IMG_4397-min-600x450.jpg 600w\" sizes=\"(max-width: 1600px) 100vw, 1600px\" \/><\/a>\n\t\t\t<\/div><\/figure><figure class='gallery-item'>\n\t\t\t<div class='gallery-icon landscape'>\n\t\t\t\t<a data-elementor-open-lightbox=\"yes\" data-elementor-lightbox-slideshow=\"eec1f72\" data-elementor-lightbox-title=\"IMG_4414-min\" data-e-action-hash=\"#elementor-action%3Aaction%3Dlightbox%26settings%3DeyJpZCI6MjgzMCwidXJsIjoiaHR0cHM6XC9cL3JjYW5haWRlci5jb21cL3dwLWNvbnRlbnRcL3VwbG9hZHNcLzIwMjRcLzAzXC9JTUdfNDQxNC1taW4uanBnIiwic2xpZGVzaG93IjoiZWVjMWY3MiJ9\" href='https:\/\/rcanaider.com\/wp-content\/uploads\/2024\/03\/IMG_4414-min.jpg'><img decoding=\"async\" width=\"1600\" height=\"1200\" src=\"https:\/\/rcanaider.com\/wp-content\/uploads\/2024\/03\/IMG_4414-min.jpg\" class=\"attachment-full size-full\" alt=\"\" srcset=\"https:\/\/rcanaider.com\/wp-content\/uploads\/2024\/03\/IMG_4414-min.jpg 1600w, https:\/\/rcanaider.com\/wp-content\/uploads\/2024\/03\/IMG_4414-min-300x225.jpg 300w, https:\/\/rcanaider.com\/wp-content\/uploads\/2024\/03\/IMG_4414-min-1024x768.jpg 1024w, https:\/\/rcanaider.com\/wp-content\/uploads\/2024\/03\/IMG_4414-min-768x576.jpg 768w, https:\/\/rcanaider.com\/wp-content\/uploads\/2024\/03\/IMG_4414-min-1536x1152.jpg 1536w, https:\/\/rcanaider.com\/wp-content\/uploads\/2024\/03\/IMG_4414-min-16x12.jpg 16w, https:\/\/rcanaider.com\/wp-content\/uploads\/2024\/03\/IMG_4414-min-600x450.jpg 600w\" sizes=\"(max-width: 1600px) 100vw, 1600px\" \/><\/a>\n\t\t\t<\/div><\/figure><figure class='gallery-item'>\n\t\t\t<div class='gallery-icon landscape'>\n\t\t\t\t<a data-elementor-open-lightbox=\"yes\" data-elementor-lightbox-slideshow=\"eec1f72\" data-elementor-lightbox-title=\"IMG_4454-min\" data-e-action-hash=\"#elementor-action%3Aaction%3Dlightbox%26settings%3DeyJpZCI6MjgzMSwidXJsIjoiaHR0cHM6XC9cL3JjYW5haWRlci5jb21cL3dwLWNvbnRlbnRcL3VwbG9hZHNcLzIwMjRcLzAzXC9JTUdfNDQ1NC1taW4uanBnIiwic2xpZGVzaG93IjoiZWVjMWY3MiJ9\" href='https:\/\/rcanaider.com\/wp-content\/uploads\/2024\/03\/IMG_4454-min.jpg'><img decoding=\"async\" width=\"1600\" height=\"1188\" src=\"https:\/\/rcanaider.com\/wp-content\/uploads\/2024\/03\/IMG_4454-min.jpg\" class=\"attachment-full size-full\" alt=\"\" srcset=\"https:\/\/rcanaider.com\/wp-content\/uploads\/2024\/03\/IMG_4454-min.jpg 1600w, https:\/\/rcanaider.com\/wp-content\/uploads\/2024\/03\/IMG_4454-min-300x223.jpg 300w, https:\/\/rcanaider.com\/wp-content\/uploads\/2024\/03\/IMG_4454-min-1024x760.jpg 1024w, https:\/\/rcanaider.com\/wp-content\/uploads\/2024\/03\/IMG_4454-min-768x570.jpg 768w, https:\/\/rcanaider.com\/wp-content\/uploads\/2024\/03\/IMG_4454-min-1536x1140.jpg 1536w, https:\/\/rcanaider.com\/wp-content\/uploads\/2024\/03\/IMG_4454-min-16x12.jpg 16w, https:\/\/rcanaider.com\/wp-content\/uploads\/2024\/03\/IMG_4454-min-600x446.jpg 600w\" sizes=\"(max-width: 1600px) 100vw, 1600px\" \/><\/a>\n\t\t\t<\/div><\/figure><figure class='gallery-item'>\n\t\t\t<div class='gallery-icon portrait'>\n\t\t\t\t<a data-elementor-open-lightbox=\"yes\" data-elementor-lightbox-slideshow=\"eec1f72\" data-elementor-lightbox-title=\"IMG_4400-min\" data-e-action-hash=\"#elementor-action%3Aaction%3Dlightbox%26settings%3DeyJpZCI6MjgzMywidXJsIjoiaHR0cHM6XC9cL3JjYW5haWRlci5jb21cL3dwLWNvbnRlbnRcL3VwbG9hZHNcLzIwMjRcLzAzXC9JTUdfNDQwMC1taW4uanBnIiwic2xpZGVzaG93IjoiZWVjMWY3MiJ9\" href='https:\/\/rcanaider.com\/wp-content\/uploads\/2024\/03\/IMG_4400-min.jpg'><img loading=\"lazy\" decoding=\"async\" width=\"1600\" height=\"2133\" src=\"https:\/\/rcanaider.com\/wp-content\/uploads\/2024\/03\/IMG_4400-min.jpg\" class=\"attachment-full size-full\" alt=\"\" srcset=\"https:\/\/rcanaider.com\/wp-content\/uploads\/2024\/03\/IMG_4400-min.jpg 1600w, https:\/\/rcanaider.com\/wp-content\/uploads\/2024\/03\/IMG_4400-min-225x300.jpg 225w, https:\/\/rcanaider.com\/wp-content\/uploads\/2024\/03\/IMG_4400-min-768x1024.jpg 768w, https:\/\/rcanaider.com\/wp-content\/uploads\/2024\/03\/IMG_4400-min-1152x1536.jpg 1152w, https:\/\/rcanaider.com\/wp-content\/uploads\/2024\/03\/IMG_4400-min-1536x2048.jpg 1536w, https:\/\/rcanaider.com\/wp-content\/uploads\/2024\/03\/IMG_4400-min-9x12.jpg 9w, https:\/\/rcanaider.com\/wp-content\/uploads\/2024\/03\/IMG_4400-min-600x800.jpg 600w\" sizes=\"(max-width: 1600px) 100vw, 1600px\" \/><\/a>\n\t\t\t<\/div><\/figure><figure class='gallery-item'>\n\t\t\t<div class='gallery-icon portrait'>\n\t\t\t\t<a data-elementor-open-lightbox=\"yes\" data-elementor-lightbox-slideshow=\"eec1f72\" data-elementor-lightbox-title=\"IMG_4404-min\" data-e-action-hash=\"#elementor-action%3Aaction%3Dlightbox%26settings%3DeyJpZCI6MjgzNCwidXJsIjoiaHR0cHM6XC9cL3JjYW5haWRlci5jb21cL3dwLWNvbnRlbnRcL3VwbG9hZHNcLzIwMjRcLzAzXC9JTUdfNDQwNC1taW4uanBnIiwic2xpZGVzaG93IjoiZWVjMWY3MiJ9\" href='https:\/\/rcanaider.com\/wp-content\/uploads\/2024\/03\/IMG_4404-min.jpg'><img loading=\"lazy\" decoding=\"async\" width=\"1600\" height=\"2133\" src=\"https:\/\/rcanaider.com\/wp-content\/uploads\/2024\/03\/IMG_4404-min.jpg\" class=\"attachment-full size-full\" alt=\"\" srcset=\"https:\/\/rcanaider.com\/wp-content\/uploads\/2024\/03\/IMG_4404-min.jpg 1600w, https:\/\/rcanaider.com\/wp-content\/uploads\/2024\/03\/IMG_4404-min-225x300.jpg 225w, https:\/\/rcanaider.com\/wp-content\/uploads\/2024\/03\/IMG_4404-min-768x1024.jpg 768w, https:\/\/rcanaider.com\/wp-content\/uploads\/2024\/03\/IMG_4404-min-1152x1536.jpg 1152w, https:\/\/rcanaider.com\/wp-content\/uploads\/2024\/03\/IMG_4404-min-1536x2048.jpg 1536w, https:\/\/rcanaider.com\/wp-content\/uploads\/2024\/03\/IMG_4404-min-9x12.jpg 9w, https:\/\/rcanaider.com\/wp-content\/uploads\/2024\/03\/IMG_4404-min-600x800.jpg 600w\" sizes=\"(max-width: 1600px) 100vw, 1600px\" \/><\/a>\n\t\t\t<\/div><\/figure><figure class='gallery-item'>\n\t\t\t<div class='gallery-icon portrait'>\n\t\t\t\t<a data-elementor-open-lightbox=\"yes\" data-elementor-lightbox-slideshow=\"eec1f72\" data-elementor-lightbox-title=\"73E2B351-3115-40DB-9C41-170C3190F40B-min\" data-e-action-hash=\"#elementor-action%3Aaction%3Dlightbox%26settings%3DeyJpZCI6MjgzNSwidXJsIjoiaHR0cHM6XC9cL3JjYW5haWRlci5jb21cL3dwLWNvbnRlbnRcL3VwbG9hZHNcLzIwMjRcLzAzXC83M0UyQjM1MS0zMTE1LTQwREItOUM0MS0xNzBDMzE5MEY0MEItbWluLmpwZyIsInNsaWRlc2hvdyI6ImVlYzFmNzIifQ%3D%3D\" href='https:\/\/rcanaider.com\/wp-content\/uploads\/2024\/03\/73E2B351-3115-40DB-9C41-170C3190F40B-min.jpg'><img loading=\"lazy\" decoding=\"async\" width=\"1202\" height=\"1600\" src=\"https:\/\/rcanaider.com\/wp-content\/uploads\/2024\/03\/73E2B351-3115-40DB-9C41-170C3190F40B-min.jpg\" class=\"attachment-full size-full\" alt=\"\" srcset=\"https:\/\/rcanaider.com\/wp-content\/uploads\/2024\/03\/73E2B351-3115-40DB-9C41-170C3190F40B-min.jpg 1202w, https:\/\/rcanaider.com\/wp-content\/uploads\/2024\/03\/73E2B351-3115-40DB-9C41-170C3190F40B-min-225x300.jpg 225w, https:\/\/rcanaider.com\/wp-content\/uploads\/2024\/03\/73E2B351-3115-40DB-9C41-170C3190F40B-min-769x1024.jpg 769w, https:\/\/rcanaider.com\/wp-content\/uploads\/2024\/03\/73E2B351-3115-40DB-9C41-170C3190F40B-min-768x1022.jpg 768w, https:\/\/rcanaider.com\/wp-content\/uploads\/2024\/03\/73E2B351-3115-40DB-9C41-170C3190F40B-min-1154x1536.jpg 1154w, https:\/\/rcanaider.com\/wp-content\/uploads\/2024\/03\/73E2B351-3115-40DB-9C41-170C3190F40B-min-9x12.jpg 9w, https:\/\/rcanaider.com\/wp-content\/uploads\/2024\/03\/73E2B351-3115-40DB-9C41-170C3190F40B-min-600x799.jpg 600w\" sizes=\"(max-width: 1202px) 100vw, 1202px\" \/><\/a>\n\t\t\t<\/div><\/figure><figure class='gallery-item'>\n\t\t\t<div class='gallery-icon portrait'>\n\t\t\t\t<a data-elementor-open-lightbox=\"yes\" data-elementor-lightbox-slideshow=\"eec1f72\" data-elementor-lightbox-title=\"IMG_4403-min\" data-e-action-hash=\"#elementor-action%3Aaction%3Dlightbox%26settings%3DeyJpZCI6MjgzNiwidXJsIjoiaHR0cHM6XC9cL3JjYW5haWRlci5jb21cL3dwLWNvbnRlbnRcL3VwbG9hZHNcLzIwMjRcLzAzXC9JTUdfNDQwMy1taW4uanBnIiwic2xpZGVzaG93IjoiZWVjMWY3MiJ9\" href='https:\/\/rcanaider.com\/wp-content\/uploads\/2024\/03\/IMG_4403-min.jpg'><img loading=\"lazy\" decoding=\"async\" width=\"1476\" height=\"1600\" src=\"https:\/\/rcanaider.com\/wp-content\/uploads\/2024\/03\/IMG_4403-min.jpg\" class=\"attachment-full size-full\" alt=\"\" srcset=\"https:\/\/rcanaider.com\/wp-content\/uploads\/2024\/03\/IMG_4403-min.jpg 1476w, https:\/\/rcanaider.com\/wp-content\/uploads\/2024\/03\/IMG_4403-min-277x300.jpg 277w, https:\/\/rcanaider.com\/wp-content\/uploads\/2024\/03\/IMG_4403-min-945x1024.jpg 945w, https:\/\/rcanaider.com\/wp-content\/uploads\/2024\/03\/IMG_4403-min-768x833.jpg 768w, https:\/\/rcanaider.com\/wp-content\/uploads\/2024\/03\/IMG_4403-min-1417x1536.jpg 1417w, https:\/\/rcanaider.com\/wp-content\/uploads\/2024\/03\/IMG_4403-min-11x12.jpg 11w, https:\/\/rcanaider.com\/wp-content\/uploads\/2024\/03\/IMG_4403-min-600x650.jpg 600w\" sizes=\"(max-width: 1476px) 100vw, 1476px\" \/><\/a>\n\t\t\t<\/div><\/figure><figure class='gallery-item'>\n\t\t\t<div class='gallery-icon landscape'>\n\t\t\t\t<a data-elementor-open-lightbox=\"yes\" data-elementor-lightbox-slideshow=\"eec1f72\" data-elementor-lightbox-title=\"73E2B351-3115-40DB-9C41-170C3190F40B (1)-min\" data-e-action-hash=\"#elementor-action%3Aaction%3Dlightbox%26settings%3DeyJpZCI6MjgzMiwidXJsIjoiaHR0cHM6XC9cL3JjYW5haWRlci5jb21cL3dwLWNvbnRlbnRcL3VwbG9hZHNcLzIwMjRcLzAzXC83M0UyQjM1MS0zMTE1LTQwREItOUM0MS0xNzBDMzE5MEY0MEItMS1taW4uanBnIiwic2xpZGVzaG93IjoiZWVjMWY3MiJ9\" href='https:\/\/rcanaider.com\/wp-content\/uploads\/2024\/03\/73E2B351-3115-40DB-9C41-170C3190F40B-1-min.jpg'><img loading=\"lazy\" decoding=\"async\" width=\"1600\" height=\"1433\" src=\"https:\/\/rcanaider.com\/wp-content\/uploads\/2024\/03\/73E2B351-3115-40DB-9C41-170C3190F40B-1-min.jpg\" class=\"attachment-full size-full\" alt=\"\" srcset=\"https:\/\/rcanaider.com\/wp-content\/uploads\/2024\/03\/73E2B351-3115-40DB-9C41-170C3190F40B-1-min.jpg 1600w, https:\/\/rcanaider.com\/wp-content\/uploads\/2024\/03\/73E2B351-3115-40DB-9C41-170C3190F40B-1-min-300x269.jpg 300w, https:\/\/rcanaider.com\/wp-content\/uploads\/2024\/03\/73E2B351-3115-40DB-9C41-170C3190F40B-1-min-1024x917.jpg 1024w, https:\/\/rcanaider.com\/wp-content\/uploads\/2024\/03\/73E2B351-3115-40DB-9C41-170C3190F40B-1-min-768x688.jpg 768w, https:\/\/rcanaider.com\/wp-content\/uploads\/2024\/03\/73E2B351-3115-40DB-9C41-170C3190F40B-1-min-1536x1376.jpg 1536w, https:\/\/rcanaider.com\/wp-content\/uploads\/2024\/03\/73E2B351-3115-40DB-9C41-170C3190F40B-1-min-13x12.jpg 13w, https:\/\/rcanaider.com\/wp-content\/uploads\/2024\/03\/73E2B351-3115-40DB-9C41-170C3190F40B-1-min-600x537.jpg 600w\" sizes=\"(max-width: 1600px) 100vw, 1600px\" \/><\/a>\n\t\t\t<\/div><\/figure>\n\t\t<\/div>\n\t\t<\/div>\n\t\t\t\t\t\t<\/div>\n\t\t\t\t<\/div>\n\t\t\t\t\t<\/div>\n\t\t\t\t<\/div>\n\t\t<div class=\"elementor-element elementor-element-1bb5ee0 e-flex e-con-boxed e-con e-parent\" data-id=\"1bb5ee0\" data-element_type=\"container\">\n\t\t\t\t\t<div class=\"e-con-inner\">\n\t\t<div class=\"elementor-element elementor-element-af4e71f e-con-full e-flex e-con e-child\" data-id=\"af4e71f\" data-element_type=\"container\">\n\t\t\t\t<div class=\"elementor-element elementor-element-46557ff elementor-widget elementor-widget-video\" data-id=\"46557ff\" data-element_type=\"widget\" data-settings=\"{&quot;video_type&quot;:&quot;hosted&quot;,&quot;controls&quot;:&quot;yes&quot;}\" data-widget_type=\"video.default\">\n\t\t\t\t<div class=\"elementor-widget-container\">\n\t\t\t\t\t\t\t<div class=\"e-hosted-video elementor-wrapper elementor-open-inline\">\n\t\t\t\t\t<video class=\"elementor-video\" src=\"https:\/\/rcanaider.com\/wp-content\/uploads\/2024\/03\/75704c8ab0044ee1a2754b1ac18effdb.mov\" controls=\"\" preload=\"metadata\" controlslist=\"nodownload\"><\/video>\n\t\t\t\t<\/div>\n\t\t\t\t\t\t<\/div>\n\t\t\t\t<\/div>\n\t\t\t\t<\/div>\n\t\t<div class=\"elementor-element elementor-element-8c4f427 e-con-full e-flex e-con e-child\" data-id=\"8c4f427\" data-element_type=\"container\">\n\t\t\t\t<\/div>\n\t\t\t\t\t<\/div>\n\t\t\t\t<\/div>\n\t\t<div class=\"elementor-element elementor-element-4eedee5 e-flex e-con-boxed e-con e-parent\" data-id=\"4eedee5\" data-element_type=\"container\">\n\t\t\t\t\t<div class=\"e-con-inner\">\n\t\t\t\t\t<\/div>\n\t\t\t\t<\/div>\n\t\t\t\t<\/div>","protected":false},"excerpt":{"rendered":"<p>LITERATURE EVENTS Promotion of &#8220;Caves&#8221; at Fondation Artists-Way in Vevey, Switzerland The novel \u00ab Caves \u00bb is promoted at Fondation Artists-Way in Vevey, Switzerland, in a very warm atmosphere, in a non-traditional way and environment, among friends and sorrounded by beautiful works of art. Special thanks to the FAW for this opportunity, to the Representatives [&hellip;]<\/p>","protected":false},"author":1,"featured_media":0,"parent":0,"menu_order":0,"comment_status":"closed","ping_status":"closed","template":"","meta":{"_monsterinsights_skip_tracking":false,"_monsterinsights_sitenote_active":false,"_monsterinsights_sitenote_note":"","_monsterinsights_sitenote_category":0,"site-sidebar-layout":"no-sidebar","site-content-layout":"page-builder","ast-site-content-layout":"full-width-container","site-content-style":"default","site-sidebar-style":"default","ast-global-header-display":"","ast-banner-title-visibility":"","ast-main-header-display":"","ast-hfb-above-header-display":"","ast-hfb-below-header-display":"","ast-hfb-mobile-header-display":"","site-post-title":"disabled","ast-breadcrumbs-content":"","ast-featured-img":"disabled","footer-sml-layout":"","theme-transparent-header-meta":"","adv-header-id-meta":"","stick-header-meta":"","header-above-stick-meta":"","header-main-stick-meta":"","header-below-stick-meta":"","astra-migrate-meta-layouts":"set","ast-page-background-enabled":"default","ast-page-background-meta":{"desktop":{"background-color":"var(--ast-global-color-4)","background-image":"","background-repeat":"repeat","background-position":"center center","background-size":"auto","background-attachment":"scroll","background-type":"","background-media":"","overlay-type":"","overlay-color":"","overlay-opacity":"","overlay-gradient":""},"tablet":{"background-color":"","background-image":"","background-repeat":"repeat","background-position":"center center","background-size":"auto","background-attachment":"scroll","background-type":"","background-media":"","overlay-type":"","overlay-color":"","overlay-opacity":"","overlay-gradient":""},"mobile":{"background-color":"","background-image":"","background-repeat":"repeat","background-position":"center center","background-size":"auto","background-attachment":"scroll","background-type":"","background-media":"","overlay-type":"","overlay-color":"","overlay-opacity":"","overlay-gradient":""}},"ast-content-background-meta":{"desktop":{"background-color":"var(--ast-global-color-5)","background-image":"","background-repeat":"repeat","background-position":"center center","background-size":"auto","background-attachment":"scroll","background-type":"","background-media":"","overlay-type":"","overlay-color":"","overlay-opacity":"","overlay-gradient":""},"tablet":{"background-color":"var(--ast-global-color-5)","background-image":"","background-repeat":"repeat","background-position":"center center","background-size":"auto","background-attachment":"scroll","background-type":"","background-media":"","overlay-type":"","overlay-color":"","overlay-opacity":"","overlay-gradient":""},"mobile":{"background-color":"var(--ast-global-color-5)","background-image":"","background-repeat":"repeat","background-position":"center center","background-size":"auto","background-attachment":"scroll","background-type":"","background-media":"","overlay-type":"","overlay-color":"","overlay-opacity":"","overlay-gradient":""}},"footnotes":""},"class_list":["post-2828","page","type-page","status-publish","hentry"],"_links":{"self":[{"href":"https:\/\/rcanaider.com\/fr\/wp-json\/wp\/v2\/pages\/2828","targetHints":{"allow":["GET"]}}],"collection":[{"href":"https:\/\/rcanaider.com\/fr\/wp-json\/wp\/v2\/pages"}],"about":[{"href":"https:\/\/rcanaider.com\/fr\/wp-json\/wp\/v2\/types\/page"}],"author":[{"embeddable":true,"href":"https:\/\/rcanaider.com\/fr\/wp-json\/wp\/v2\/users\/1"}],"replies":[{"embeddable":true,"href":"https:\/\/rcanaider.com\/fr\/wp-json\/wp\/v2\/comments?post=2828"}],"version-history":[{"count":37,"href":"https:\/\/rcanaider.com\/fr\/wp-json\/wp\/v2\/pages\/2828\/revisions"}],"predecessor-version":[{"id":2935,"href":"https:\/\/rcanaider.com\/fr\/wp-json\/wp\/v2\/pages\/2828\/revisions\/2935"}],"wp:attachment":[{"href":"https:\/\/rcanaider.com\/fr\/wp-json\/wp\/v2\/media?parent=2828"}],"curies":[{"name":"wp","href":"https:\/\/api.w.org\/{rel}","templated":true}]}}