{"id":3059,"date":"2024-05-12T16:02:36","date_gmt":"2024-05-12T16:02:36","guid":{"rendered":"https:\/\/rcanaider.com\/?page_id=3059"},"modified":"2024-05-13T08:35:20","modified_gmt":"2024-05-13T08:35:20","slug":"registration","status":"publish","type":"page","link":"https:\/\/rcanaider.com\/fr\/registration\/","title":{"rendered":"Inscription"},"content":{"rendered":"<div data-elementor-type=\"wp-page\" data-elementor-id=\"3059\" class=\"elementor elementor-3059\">\n\t\t\t\t\t\t<section class=\"elementor-section elementor-top-section elementor-element elementor-element-3bb326cd elementor-section-boxed elementor-section-height-default elementor-section-height-default\" data-id=\"3bb326cd\" data-element_type=\"section\" data-settings=\"{&quot;background_background&quot;:&quot;classic&quot;}\">\n\t\t\t\t\t\t\t<div class=\"elementor-background-overlay\"><\/div>\n\t\t\t\t\t\t\t<div class=\"elementor-container elementor-column-gap-no\">\n\t\t\t\t\t<div class=\"elementor-column elementor-col-100 elementor-top-column elementor-element elementor-element-7871b6e6\" data-id=\"7871b6e6\" data-element_type=\"column\">\n\t\t\t<div class=\"elementor-widget-wrap elementor-element-populated\">\n\t\t\t\t\t\t<div class=\"elementor-element elementor-element-597044ee elementor-widget elementor-widget-heading\" data-id=\"597044ee\" data-element_type=\"widget\" data-widget_type=\"heading.default\">\n\t\t\t\t<div class=\"elementor-widget-container\">\n\t\t\t\t\t<h6 class=\"elementor-heading-title elementor-size-default\">Workshops<\/h6>\t\t\t\t<\/div>\n\t\t\t\t<\/div>\n\t\t\t\t<div class=\"elementor-element elementor-element-5c2c6299 elementor-widget elementor-widget-heading\" data-id=\"5c2c6299\" data-element_type=\"widget\" data-widget_type=\"heading.default\">\n\t\t\t\t<div class=\"elementor-widget-container\">\n\t\t\t\t\t<h1 class=\"elementor-heading-title elementor-size-default\">Inscription<\/h1>\t\t\t\t<\/div>\n\t\t\t\t<\/div>\n\t\t\t\t\t<\/div>\n\t\t<\/div>\n\t\t\t\t\t<\/div>\n\t\t<\/section>\n\t\t<div class=\"elementor-element elementor-element-3170ba6 e-flex e-con-boxed e-con e-parent\" data-id=\"3170ba6\" data-element_type=\"container\">\n\t\t\t\t\t<div class=\"e-con-inner\">\n\t\t\t\t<div class=\"elementor-element elementor-element-f0eb961 elementor-widget elementor-widget-shortcode\" data-id=\"f0eb961\" data-element_type=\"widget\" data-widget_type=\"shortcode.default\">\n\t\t\t\t<div class=\"elementor-widget-container\">\n\t\t\t\t\t\t\t<div class=\"elementor-shortcode\"><div class=\"forminator-ui forminator-custom-form forminator-custom-form-3058 forminator-design--material  forminator_ajax\" data-forminator-render=\"0\" data-form=\"forminator-module-3058\" data-uid=\"69e1c2bf65af6\"><br\/><\/div><form\n\t\t\t\tid=\"forminator-module-3058\"\n\t\t\t\tclass=\"forminator-ui forminator-custom-form forminator-custom-form-3058 forminator-design--material  forminator_ajax\"\n\t\t\t\tmethod=\"post\"\n\t\t\t\tdata-forminator-render=\"0\"\n\t\t\t\tdata-form-id=\"3058\"\n\t\t\t\t data-color-option=\"default\" data-design=\"material\" data-grid=\"open\" style=\"display: none;\"\n\t\t\t\tdata-uid=\"69e1c2bf65af6\" action=\"\"\n\t\t\t><div role=\"alert\" aria-live=\"polite\" class=\"forminator-response-message forminator-error\" aria-hidden=\"true\"><\/div><div class=\"forminator-row\"><div id=\"name-1\" class=\"forminator-field-name forminator-col forminator-col-12\"><div class=\"forminator-row forminator-no-margin\" data-multiple=\"true\"><div class=\"forminator-col forminator-col-md-6\"><div class=\"forminator-field\"><label for=\"forminator-field-first-name-1_69e1c2bf65af6\" id=\"forminator-field-first-name-1_69e1c2bf65af6-label\" class=\"forminator-label\">Pr\u00e9nom<\/label><input type=\"text\" name=\"name-1-first-name\" placeholder=\"\" id=\"forminator-field-first-name-1_69e1c2bf65af6\" class=\"forminator-input\" aria-required=\"false\" data-multi=\"1\" autocomplete=\"given-name\" value=\"\" \/><\/div><\/div><div class=\"forminator-col forminator-col-md-6\"><div class=\"forminator-field\"><label for=\"forminator-field-last-name-1_69e1c2bf65af6\" id=\"forminator-field-last-name-1_69e1c2bf65af6-label\" class=\"forminator-label\">Nom de famille<\/label><input type=\"text\" name=\"name-1-last-name\" placeholder=\"\" id=\"forminator-field-last-name-1_69e1c2bf65af6\" class=\"forminator-input\" aria-required=\"false\" data-multi=\"1\" autocomplete=\"family-name\" value=\"\" \/><\/div><\/div><\/div><\/div><\/div><div class=\"forminator-row\"><div id=\"email-1\" class=\"forminator-field-email forminator-col forminator-col-12\"><div class=\"forminator-field\"><label for=\"forminator-field-email-1_69e1c2bf65af6\" id=\"forminator-field-email-1_69e1c2bf65af6-label\" class=\"forminator-label\">Adresse e-mail <span class=\"forminator-required\">*<\/span><\/label><input type=\"email\" name=\"email-1\" value=\"\" placeholder=\"\" id=\"forminator-field-email-1_69e1c2bf65af6\" class=\"forminator-input forminator-email--field\" data-required=\"1\" aria-required=\"true\" autocomplete=\"email\" \/><\/div><\/div><\/div><div class=\"forminator-row\"><div id=\"phone-1\" class=\"forminator-field-phone forminator-col forminator-col-12\"><div class=\"forminator-field\"><label for=\"forminator-field-phone-1_69e1c2bf65af6\" id=\"forminator-field-phone-1_69e1c2bf65af6-label\" class=\"forminator-label\">Mobile: <span class=\"forminator-required\">*<\/span><\/label><input type=\"text\" name=\"phone-1\" value=\"\" placeholder=\"\" id=\"forminator-field-phone-1_69e1c2bf65af6\" class=\"forminator-input forminator-field--phone\" data-required=\"1\" aria-required=\"true\" autocomplete=\"off\" \/><\/div><\/div><\/div><div class=\"forminator-row\"><div id=\"address-1\" class=\"forminator-field-address forminator-col forminator-col-12\"><div class=\"forminator-row\"><div id=\"address-1-street_address\" class=\"forminator-col\"><div class=\"forminator-field\"><label for=\"forminator-field-address-1-street_address_69e1c2bf65af6\" id=\"forminator-field-address-1-street_address_69e1c2bf65af6-label\" class=\"forminator-label\">Adresse de la rue<\/label><input type=\"text\" name=\"address-1-street_address\" placeholder=\"\" id=\"forminator-field-address-1-street_address_69e1c2bf65af6\" class=\"forminator-input\" data-required=\"\" aria-required=\"false\" autocomplete=\"address-line1\" value=\"\" \/><\/div><\/div><\/div><div class=\"forminator-row\"><div id=\"address-1-address_line\" class=\"forminator-col\"><div class=\"forminator-field\"><label for=\"forminator-field-address-1-address_line_69e1c2bf65af6\" id=\"forminator-field-address-1-address_line_69e1c2bf65af6-label\" class=\"forminator-label\">Appartement, suite, etc.<\/label><input type=\"text\" name=\"address-1-address_line\" placeholder=\"\" id=\"forminator-field-address-1-address_line_69e1c2bf65af6\" class=\"forminator-input\" data-required=\"\" aria-required=\"false\" autocomplete=\"address-line2\" value=\"\" \/><\/div><\/div><\/div><div class=\"forminator-row\" data-multiple=\"true\"><div id=\"address-1-city\" class=\"forminator-col forminator-col-6\"><div class=\"forminator-field\"><label for=\"forminator-field-address-1-city_69e1c2bf65af6\" id=\"forminator-field-address-1-city_69e1c2bf65af6-label\" class=\"forminator-label\">Ville<\/label><input type=\"text\" name=\"address-1-city\" placeholder=\"\" id=\"forminator-field-address-1-city_69e1c2bf65af6\" class=\"forminator-input\" data-required=\"\" aria-required=\"false\" autocomplete=\"address-level2\" value=\"\" \/><\/div><\/div><div id=\"address-1-state\" class=\"forminator-col forminator-col-6\"><div class=\"forminator-field\"><label for=\"forminator-field-address-1-state_69e1c2bf65af6\" id=\"forminator-field-address-1-state_69e1c2bf65af6-label\" class=\"forminator-label\">\u00c9tat\/Province<\/label><input type=\"text\" name=\"address-1-state\" placeholder=\"\" id=\"forminator-field-address-1-state_69e1c2bf65af6\" class=\"forminator-input\" data-required=\"\" aria-required=\"false\" autocomplete=\"address-level1\" value=\"\" \/><\/div><\/div><\/div><\/div><\/div><div class=\"forminator-row\"><div id=\"radio-1\" class=\"forminator-field-radio forminator-col forminator-col-6\"><div role=\"radiogroup\" class=\"forminator-field\" aria-labelledby=\"forminator-radiogroup-radio-1-69e1c2bf65af6-label\"><span id=\"forminator-radiogroup-radio-1-69e1c2bf65af6-label\" class=\"forminator-label\">Type d'atelier :<\/span><label id=\"forminator-field-radio-1-label-1\" for=\"forminator-field-radio-1-1-69e1c2bf65af6\" class=\"forminator-radio forminator-radio-inline\" title=\"Petit groupe\"><input type=\"radio\" name=\"radio-1\" value=\"one\" id=\"forminator-field-radio-1-1-69e1c2bf65af6\" aria-labelledby=\"forminator-field-radio-1-label-1\" data-calculation=\"0\"   data-hidden-behavior=\"zero\"\/><span class=\"forminator-radio-bullet\" aria-hidden=\"true\"><\/span><span class=\"forminator-radio-label\">Petit groupe<\/span><\/label><label id=\"forminator-field-radio-1-label-2\" for=\"forminator-field-radio-1-2-69e1c2bf65af6\" class=\"forminator-radio forminator-radio-inline\" title=\"Individuel ou \u00e9quipe\"><input type=\"radio\" name=\"radio-1\" value=\"two\" id=\"forminator-field-radio-1-2-69e1c2bf65af6\" aria-labelledby=\"forminator-field-radio-1-label-2\" data-calculation=\"0\"   data-hidden-behavior=\"zero\"\/><span class=\"forminator-radio-bullet\" aria-hidden=\"true\"><\/span><span class=\"forminator-radio-label\">Individuel ou \u00e9quipe<\/span><\/label><\/div><\/div><div id=\"radio-2\" class=\"forminator-field-radio forminator-col forminator-col-6\"><div role=\"radiogroup\" class=\"forminator-field\" aria-labelledby=\"forminator-radiogroup-radio-2-69e1c2bf65af6-label\"><span id=\"forminator-radiogroup-radio-2-69e1c2bf65af6-label\" class=\"forminator-label\">\u00c2ge :<\/span><label id=\"forminator-field-radio-2-label-1\" for=\"forminator-field-radio-2-1-69e1c2bf65af6\" class=\"forminator-radio forminator-radio-inline\" title=\"Adulte 16+\"><input type=\"radio\" name=\"radio-2\" value=\"one\" id=\"forminator-field-radio-2-1-69e1c2bf65af6\" aria-labelledby=\"forminator-field-radio-2-label-1\" data-calculation=\"0\"   data-hidden-behavior=\"zero\"\/><span class=\"forminator-radio-bullet\" aria-hidden=\"true\"><\/span><span class=\"forminator-radio-label\">Adulte 16+<\/span><\/label><label id=\"forminator-field-radio-2-label-2\" for=\"forminator-field-radio-2-2-69e1c2bf65af6\" class=\"forminator-radio forminator-radio-inline\" title=\"Enfant 10-15\"><input type=\"radio\" name=\"radio-2\" value=\"two\" id=\"forminator-field-radio-2-2-69e1c2bf65af6\" aria-labelledby=\"forminator-field-radio-2-label-2\" data-calculation=\"0\"   data-hidden-behavior=\"zero\"\/><span class=\"forminator-radio-bullet\" aria-hidden=\"true\"><\/span><span class=\"forminator-radio-label\">Enfant 10-15<\/span><\/label><\/div><\/div><\/div><div class=\"forminator-row\"><div id=\"radio-3\" class=\"forminator-field-radio forminator-col forminator-col-12\"><div role=\"radiogroup\" class=\"forminator-field\" aria-labelledby=\"forminator-radiogroup-radio-3-69e1c2bf65af6-label\"><span id=\"forminator-radiogroup-radio-3-69e1c2bf65af6-label\" class=\"forminator-label\">Choisissez votre atelier<\/span><label id=\"forminator-field-radio-3-label-1\" for=\"forminator-field-radio-3-1-69e1c2bf65af6\" class=\"forminator-radio forminator-radio-inline\" title=\"Monday 10:30 \u2013 12:00\"><input type=\"radio\" name=\"radio-3\" value=\"one\" id=\"forminator-field-radio-3-1-69e1c2bf65af6\" aria-labelledby=\"forminator-field-radio-3-label-1\" data-calculation=\"0\"   data-hidden-behavior=\"zero\"\/><span class=\"forminator-radio-bullet\" aria-hidden=\"true\"><\/span><span class=\"forminator-radio-label\">Monday 10:30 \u2013 12:00<\/span><\/label><label id=\"forminator-field-radio-3-label-2\" for=\"forminator-field-radio-3-2-69e1c2bf65af6\" class=\"forminator-radio forminator-radio-inline\" title=\"Monday 14:00 \u2013 15:30\"><input type=\"radio\" name=\"radio-3\" value=\"two\" id=\"forminator-field-radio-3-2-69e1c2bf65af6\" aria-labelledby=\"forminator-field-radio-3-label-2\" data-calculation=\"0\"   data-hidden-behavior=\"zero\"\/><span class=\"forminator-radio-bullet\" aria-hidden=\"true\"><\/span><span class=\"forminator-radio-label\">Monday 14:00 \u2013 15:30<\/span><\/label><label id=\"forminator-field-radio-3-label-3\" for=\"forminator-field-radio-3-3-69e1c2bf65af6\" class=\"forminator-radio forminator-radio-inline\" title=\"Tuesday 10:30 \u2013 12:00\"><input type=\"radio\" name=\"radio-3\" value=\"o-Tuesday-10:30-\u2013-12:30\" id=\"forminator-field-radio-3-3-69e1c2bf65af6\" aria-labelledby=\"forminator-field-radio-3-label-3\" data-calculation=\"0\"   data-hidden-behavior=\"zero\"\/><span class=\"forminator-radio-bullet\" aria-hidden=\"true\"><\/span><span class=\"forminator-radio-label\">Tuesday 10:30 \u2013 12:00<\/span><\/label><label id=\"forminator-field-radio-3-label-4\" for=\"forminator-field-radio-3-4-69e1c2bf65af6\" class=\"forminator-radio forminator-radio-inline\" title=\"Tuesday 14:00 \u2013 15:30\"><input type=\"radio\" name=\"radio-3\" value=\"Tuesday-14:00-\u2013-16:00\" id=\"forminator-field-radio-3-4-69e1c2bf65af6\" aria-labelledby=\"forminator-field-radio-3-label-4\" data-calculation=\"0\"   data-hidden-behavior=\"zero\"\/><span class=\"forminator-radio-bullet\" aria-hidden=\"true\"><\/span><span class=\"forminator-radio-label\">Tuesday 14:00 \u2013 15:30<\/span><\/label><label id=\"forminator-field-radio-3-label-5\" for=\"forminator-field-radio-3-5-69e1c2bf65af6\" class=\"forminator-radio forminator-radio-inline\" title=\"Thursday 10:30 \u2013 12:00\"><input type=\"radio\" name=\"radio-3\" value=\"Thursday-10:30-\u2013-12:30\" id=\"forminator-field-radio-3-5-69e1c2bf65af6\" aria-labelledby=\"forminator-field-radio-3-label-5\" data-calculation=\"0\"   data-hidden-behavior=\"zero\"\/><span class=\"forminator-radio-bullet\" aria-hidden=\"true\"><\/span><span class=\"forminator-radio-label\">Thursday 10:30 \u2013 12:00<\/span><\/label><label id=\"forminator-field-radio-3-label-6\" for=\"forminator-field-radio-3-6-69e1c2bf65af6\" class=\"forminator-radio forminator-radio-inline\" title=\"Thursday 14:00 \u2013 15:30\"><input type=\"radio\" name=\"radio-3\" value=\"Thursday-14:00-\u2013-16:00\" id=\"forminator-field-radio-3-6-69e1c2bf65af6\" aria-labelledby=\"forminator-field-radio-3-label-6\" data-calculation=\"0\"   data-hidden-behavior=\"zero\"\/><span class=\"forminator-radio-bullet\" aria-hidden=\"true\"><\/span><span class=\"forminator-radio-label\">Thursday 14:00 \u2013 15:30<\/span><\/label><label id=\"forminator-field-radio-3-label-7\" for=\"forminator-field-radio-3-7-69e1c2bf65af6\" class=\"forminator-radio forminator-radio-inline\" title=\"Friday: 10:30 \u2013 12:00\"><input type=\"radio\" name=\"radio-3\" value=\"Friday:-10:30-\u2013-12:30\" id=\"forminator-field-radio-3-7-69e1c2bf65af6\" aria-labelledby=\"forminator-field-radio-3-label-7\" data-calculation=\"0\"   data-hidden-behavior=\"zero\"\/><span class=\"forminator-radio-bullet\" aria-hidden=\"true\"><\/span><span class=\"forminator-radio-label\">Friday: 10:30 \u2013 12:00<\/span><\/label><label id=\"forminator-field-radio-3-label-8\" for=\"forminator-field-radio-3-8-69e1c2bf65af6\" class=\"forminator-radio forminator-radio-inline\" title=\"Autre\"><input type=\"radio\" name=\"radio-3\" value=\"Other\" id=\"forminator-field-radio-3-8-69e1c2bf65af6\" aria-labelledby=\"forminator-field-radio-3-label-8\" data-calculation=\"0\"   data-hidden-behavior=\"zero\"\/><span class=\"forminator-radio-bullet\" aria-hidden=\"true\"><\/span><span class=\"forminator-radio-label\">Autre<\/span><\/label><\/div><\/div><\/div><div class=\"forminator-row\"><div id=\"date-1\" class=\"forminator-field-date forminator-col forminator-col-12\"><div class=\"forminator-field\"><label for=\"forminator-field-date-1-picker_69e1c2bf65af6\" id=\"forminator-field-date-1-picker_69e1c2bf65af6-label\" class=\"forminator-label\">Date de d\u00e9but: <span class=\"forminator-required\">*<\/span><\/label><div class=\"forminator-input-with-icon\"><span class=\"forminator-icon-calendar\" aria-hidden=\"true\"><\/span><input autocomplete=\"off\" type=\"text\" size=\"1\" name=\"date-1\" value=\"04\/17\/2026\" placeholder=\"\" id=\"forminator-field-date-1-picker_69e1c2bf65af6\" class=\"forminator-input forminator-datepicker\" data-required=\"1\" data-format=\"mm\/dd\/yy\" data-restrict-type=\"\" data-restrict=\"\" data-start-year=\"1926\" data-end-year=\"2126\" data-past-dates=\"enable\" data-start-of-week=\"1\" data-start-date=\"\" data-end-date=\"\" data-start-field=\"\" data-end-field=\"\" data-start-offset=\"\" data-end-offset=\"\" data-disable-date=\"\" data-disable-range=\"\" \/><\/div><\/div><\/div><\/div><div class=\"forminator-row\"><div id=\"radio-4\" class=\"forminator-field-radio forminator-col forminator-col-12\"><div role=\"radiogroup\" class=\"forminator-field\" aria-labelledby=\"forminator-radiogroup-radio-4-69e1c2bf65af6-label\"><span id=\"forminator-radiogroup-radio-4-69e1c2bf65af6-label\" class=\"forminator-label\">Dur\u00e9e de l'atelier<\/span><label id=\"forminator-field-radio-4-label-1\" for=\"forminator-field-radio-4-1-69e1c2bf65af6\" class=\"forminator-radio forminator-radio-inline\" title=\"1 mois\"><input type=\"radio\" name=\"radio-4\" value=\"one\" id=\"forminator-field-radio-4-1-69e1c2bf65af6\" aria-labelledby=\"forminator-field-radio-4-label-1\" data-calculation=\"0\"   data-hidden-behavior=\"zero\"\/><span class=\"forminator-radio-bullet\" aria-hidden=\"true\"><\/span><span class=\"forminator-radio-label\">1 mois<\/span><\/label><label id=\"forminator-field-radio-4-label-2\" for=\"forminator-field-radio-4-2-69e1c2bf65af6\" class=\"forminator-radio forminator-radio-inline\" title=\"2 \u2013 3 mois\"><input type=\"radio\" name=\"radio-4\" value=\"two\" id=\"forminator-field-radio-4-2-69e1c2bf65af6\" aria-labelledby=\"forminator-field-radio-4-label-2\" data-calculation=\"0\"   data-hidden-behavior=\"zero\"\/><span class=\"forminator-radio-bullet\" aria-hidden=\"true\"><\/span><span class=\"forminator-radio-label\">2 \u2013 3 mois<\/span><\/label><label id=\"forminator-field-radio-4-label-3\" for=\"forminator-field-radio-4-3-69e1c2bf65af6\" class=\"forminator-radio forminator-radio-inline\" title=\"6 \u2013 12 mois\"><input type=\"radio\" name=\"radio-4\" value=\"o-6-\u2013-12-months\" id=\"forminator-field-radio-4-3-69e1c2bf65af6\" aria-labelledby=\"forminator-field-radio-4-label-3\" data-calculation=\"0\"   data-hidden-behavior=\"zero\"\/><span class=\"forminator-radio-bullet\" aria-hidden=\"true\"><\/span><span class=\"forminator-radio-label\">6 \u2013 12 mois<\/span><\/label><label id=\"forminator-field-radio-4-label-4\" for=\"forminator-field-radio-4-4-69e1c2bf65af6\" class=\"forminator-radio forminator-radio-inline\" title=\"S\u00e9ance d&#039;essai\"><input type=\"radio\" name=\"radio-4\" value=\"o-Trial-session\" id=\"forminator-field-radio-4-4-69e1c2bf65af6\" aria-labelledby=\"forminator-field-radio-4-label-4\" data-calculation=\"0\"   data-hidden-behavior=\"zero\"\/><span class=\"forminator-radio-bullet\" aria-hidden=\"true\"><\/span><span class=\"forminator-radio-label\">S\u00e9ance d'essai<\/span><\/label><label id=\"forminator-field-radio-4-label-5\" for=\"forminator-field-radio-4-5-69e1c2bf65af6\" class=\"forminator-radio forminator-radio-inline\" title=\"Occasionnel\"><input type=\"radio\" name=\"radio-4\" value=\"Occasional\" id=\"forminator-field-radio-4-5-69e1c2bf65af6\" aria-labelledby=\"forminator-field-radio-4-label-5\" data-calculation=\"0\"   data-hidden-behavior=\"zero\"\/><span class=\"forminator-radio-bullet\" aria-hidden=\"true\"><\/span><span class=\"forminator-radio-label\">Occasionnel<\/span><\/label><\/div><\/div><\/div><div class=\"forminator-row\"><div id=\"textarea-1\" class=\"forminator-field-textarea forminator-col forminator-col-12\"><div class=\"forminator-field\"><label for=\"forminator-field-textarea-1_69e1c2bf65af6\" id=\"forminator-field-textarea-1_69e1c2bf65af6-label\" class=\"forminator-label\">Motivation du cours (Pourquoi souhaitez-vous assister \u00e0 mes ateliers et quelle est votre principale motivation) :<\/label><textarea name=\"textarea-1\" placeholder=\"\" id=\"forminator-field-textarea-1_69e1c2bf65af6\" class=\"forminator-textarea\" rows=\"6\" style=\"min-height:140px;\" ><\/textarea><\/div><\/div><\/div><div class=\"forminator-row\"><div id=\"textarea-2\" class=\"forminator-field-textarea forminator-col forminator-col-12\"><div class=\"forminator-field\"><label for=\"forminator-field-textarea-2_69e1c2bf65af6\" id=\"forminator-field-textarea-2_69e1c2bf65af6-label\" class=\"forminator-label\">Message (Parlez-moi de vos attentes et partagez-moi plus de d\u00e9tails si vous \u00eates int\u00e9ress\u00e9 par un atelier individuel ou en \u00e9quipe) :<\/label><textarea name=\"textarea-2\" placeholder=\"\" id=\"forminator-field-textarea-2_69e1c2bf65af6\" class=\"forminator-textarea\" rows=\"6\" style=\"min-height:140px;\" ><\/textarea><\/div><\/div><\/div><div class=\"forminator-row\"><div id=\"captcha-1\" class=\"forminator-field-captcha forminator-col forminator-col-12\"><div class=\"forminator-captcha-left forminator-hcaptcha\" data-theme=\"light\"  data-sitekey=\"4f72deb5-1cbd-4648-aefc-538233110f17\" data-size=\"normal\"><\/div> <\/div><\/div><input type=\"hidden\" name=\"referer_url\" value=\"\" \/><div class=\"forminator-row forminator-row-last\"><div class=\"forminator-col\"><div class=\"forminator-field\"><button class=\"forminator-button forminator-button-submit\"><span>Envoyer<\/span><span aria-hidden=\"true\"><\/span><\/button><\/div><\/div><\/div><input type=\"hidden\" id=\"forminator_nonce\" name=\"forminator_nonce\" value=\"3591e438ab\" \/><input type=\"hidden\" name=\"_wp_http_referer\" value=\"\/fr\/wp-json\/wp\/v2\/pages\/3059\" \/><input type=\"hidden\" name=\"form_id\" value=\"3058\"><input type=\"hidden\" name=\"page_id\" value=\"3059\"><input type=\"hidden\" name=\"form_type\" value=\"default\"><input type=\"hidden\" name=\"current_url\" value=\"https:\/\/rcanaider.com\/fr\/registration\/\"><input type=\"hidden\" name=\"render_id\" value=\"0\"><input type=\"hidden\" name=\"action\" value=\"forminator_submit_form_custom-forms\"><input type=\"hidden\" name=\"trp-form-language\" value=\"fr\"\/><\/form><\/div>\n\t\t\t\t\t\t<\/div>\n\t\t\t\t<\/div>\n\t\t\t\t\t<\/div>\n\t\t\t\t<\/div>\n\t\t\t\t<\/div>","protected":false},"excerpt":{"rendered":"<p>Workshops Registration<\/p>","protected":false},"author":1,"featured_media":0,"parent":0,"menu_order":0,"comment_status":"closed","ping_status":"closed","template":"","meta":{"_monsterinsights_skip_tracking":false,"_monsterinsights_sitenote_active":false,"_monsterinsights_sitenote_note":"","_monsterinsights_sitenote_category":0,"site-sidebar-layout":"no-sidebar","site-content-layout":"page-builder","ast-site-content-layout":"full-width-container","site-content-style":"default","site-sidebar-style":"default","ast-global-header-display":"","ast-banner-title-visibility":"","ast-main-header-display":"","ast-hfb-above-header-display":"","ast-hfb-below-header-display":"","ast-hfb-mobile-header-display":"","site-post-title":"disabled","ast-breadcrumbs-content":"","ast-featured-img":"disabled","footer-sml-layout":"","theme-transparent-header-meta":"","adv-header-id-meta":"","stick-header-meta":"","header-above-stick-meta":"","header-main-stick-meta":"","header-below-stick-meta":"","astra-migrate-meta-layouts":"set","ast-page-background-enabled":"default","ast-page-background-meta":{"desktop":{"background-color":"var(--ast-global-color-4)","background-image":"","background-repeat":"repeat","background-position":"center center","background-size":"auto","background-attachment":"scroll","background-type":"","background-media":"","overlay-type":"","overlay-color":"","overlay-opacity":"","overlay-gradient":""},"tablet":{"background-color":"","background-image":"","background-repeat":"repeat","background-position":"center center","background-size":"auto","background-attachment":"scroll","background-type":"","background-media":"","overlay-type":"","overlay-color":"","overlay-opacity":"","overlay-gradient":""},"mobile":{"background-color":"","background-image":"","background-repeat":"repeat","background-position":"center center","background-size":"auto","background-attachment":"scroll","background-type":"","background-media":"","overlay-type":"","overlay-color":"","overlay-opacity":"","overlay-gradient":""}},"ast-content-background-meta":{"desktop":{"background-color":"var(--ast-global-color-5)","background-image":"","background-repeat":"repeat","background-position":"center center","background-size":"auto","background-attachment":"scroll","background-type":"","background-media":"","overlay-type":"","overlay-color":"","overlay-opacity":"","overlay-gradient":""},"tablet":{"background-color":"var(--ast-global-color-5)","background-image":"","background-repeat":"repeat","background-position":"center center","background-size":"auto","background-attachment":"scroll","background-type":"","background-media":"","overlay-type":"","overlay-color":"","overlay-opacity":"","overlay-gradient":""},"mobile":{"background-color":"var(--ast-global-color-5)","background-image":"","background-repeat":"repeat","background-position":"center center","background-size":"auto","background-attachment":"scroll","background-type":"","background-media":"","overlay-type":"","overlay-color":"","overlay-opacity":"","overlay-gradient":""}},"footnotes":""},"class_list":["post-3059","page","type-page","status-publish","hentry"],"_links":{"self":[{"href":"https:\/\/rcanaider.com\/fr\/wp-json\/wp\/v2\/pages\/3059","targetHints":{"allow":["GET"]}}],"collection":[{"href":"https:\/\/rcanaider.com\/fr\/wp-json\/wp\/v2\/pages"}],"about":[{"href":"https:\/\/rcanaider.com\/fr\/wp-json\/wp\/v2\/types\/page"}],"author":[{"embeddable":true,"href":"https:\/\/rcanaider.com\/fr\/wp-json\/wp\/v2\/users\/1"}],"replies":[{"embeddable":true,"href":"https:\/\/rcanaider.com\/fr\/wp-json\/wp\/v2\/comments?post=3059"}],"version-history":[{"count":22,"href":"https:\/\/rcanaider.com\/fr\/wp-json\/wp\/v2\/pages\/3059\/revisions"}],"predecessor-version":[{"id":3125,"href":"https:\/\/rcanaider.com\/fr\/wp-json\/wp\/v2\/pages\/3059\/revisions\/3125"}],"wp:attachment":[{"href":"https:\/\/rcanaider.com\/fr\/wp-json\/wp\/v2\/media?parent=3059"}],"curies":[{"name":"wp","href":"https:\/\/api.w.org\/{rel}","templated":true}]}}