{"id":3766,"date":"2026-03-09T03:37:21","date_gmt":"2026-03-09T03:37:21","guid":{"rendered":"https:\/\/rcanaider.com\/?page_id=3766"},"modified":"2026-03-09T03:39:12","modified_gmt":"2026-03-09T03:39:12","slug":"through-my-lens-at-epfl-lausanne-for-the-documentary-udha","status":"publish","type":"page","link":"https:\/\/rcanaider.com\/fr\/through-my-lens-at-epfl-lausanne-for-the-documentary-udha\/","title":{"rendered":"\u00c0 travers mon objectif \u00e0 l\u2019EPFL Lausanne \u2013 Pour le documentaire \"UDHA\""},"content":{"rendered":"<div data-elementor-type=\"wp-page\" data-elementor-id=\"3766\" class=\"elementor elementor-3766\">\n\t\t\t\t\t\t<section class=\"elementor-section elementor-top-section elementor-element elementor-element-2df2df30 elementor-section-boxed elementor-section-height-default elementor-section-height-default\" data-id=\"2df2df30\" data-element_type=\"section\" data-settings=\"{&quot;background_background&quot;:&quot;classic&quot;}\">\n\t\t\t\t\t\t\t<div class=\"elementor-background-overlay\"><\/div>\n\t\t\t\t\t\t\t<div class=\"elementor-container elementor-column-gap-no\">\n\t\t\t\t\t<div class=\"elementor-column elementor-col-100 elementor-top-column elementor-element elementor-element-1af7e4e\" data-id=\"1af7e4e\" data-element_type=\"column\">\n\t\t\t<div class=\"elementor-widget-wrap elementor-element-populated\">\n\t\t\t\t\t\t<div class=\"elementor-element elementor-element-7c993191 elementor-widget elementor-widget-heading\" data-id=\"7c993191\" data-element_type=\"widget\" data-widget_type=\"heading.default\">\n\t\t\t\t<div class=\"elementor-widget-container\">\n\t\t\t\t\t<h6 class=\"elementor-heading-title elementor-size-default\">EVENTS\n<\/h6>\t\t\t\t<\/div>\n\t\t\t\t<\/div>\n\t\t\t\t<div class=\"elementor-element elementor-element-58f2e93b elementor-widget elementor-widget-heading\" data-id=\"58f2e93b\" data-element_type=\"widget\" data-widget_type=\"heading.default\">\n\t\t\t\t<div class=\"elementor-widget-container\">\n\t\t\t\t\t<h3 class=\"elementor-heading-title elementor-size-default\">\u00c0 travers mon objectif \u00e0 l\u2019EPFL Lausanne \u2013 Pour le documentaire \"UDHA\"<\/h3>\t\t\t\t<\/div>\n\t\t\t\t<\/div>\n\t\t\t\t\t<\/div>\n\t\t<\/div>\n\t\t\t\t\t<\/div>\n\t\t<\/section>\n\t\t<div class=\"elementor-element elementor-element-14166d07 e-flex e-con-boxed e-con e-parent\" data-id=\"14166d07\" data-element_type=\"container\">\n\t\t\t\t\t<div class=\"e-con-inner\">\n\t\t\t\t<div class=\"elementor-element elementor-element-7dd2bf68 elementor-widget elementor-widget-heading\" data-id=\"7dd2bf68\" data-element_type=\"widget\" data-widget_type=\"heading.default\">\n\t\t\t\t<div class=\"elementor-widget-container\">\n\t\t\t\t\t<h4 class=\"elementor-heading-title elementor-size-default\">Lausanne \u2013 5 December 2025<\/h4>\t\t\t\t<\/div>\n\t\t\t\t<\/div>\n\t\t\t\t<div class=\"elementor-element elementor-element-316c7fda elementor-widget elementor-widget-text-editor\" data-id=\"316c7fda\" data-element_type=\"widget\" data-widget_type=\"text-editor.default\">\n\t\t\t\t<div class=\"elementor-widget-container\">\n\t\t\t\t\t\t\t\t\t<p>J\u2019ai eu le plaisir d\u2019assurer la couverture photographique de la projection du documentaire\u00a0<em>\u201cUdha \u2013 One Blood, One Language, One Pledge\u201d<\/em>organis\u00e9e le 5 d\u00e9cembre 2025 \u00e0 l\u2019EPFL \u00e0 Lausanne \u2014 un \u00e9v\u00e9nement qui a rassembl\u00e9 la diaspora albanaise dans une atmosph\u00e8re empreinte d\u2019\u00e9motion et de sens.<\/p><p>La soir\u00e9e \u00e9tait consacr\u00e9e \u00e0 la pr\u00e9sentation du documentaire produit par la Fondation \u00ab Lorik Cana 5 \u00bb, un projet cin\u00e9matographique \u00e0 forte port\u00e9e culturelle et identitaire. Ce moment de rencontre a offert un espace de r\u00e9flexion, d\u2019\u00e9change et de reconnexion, renfor\u00e7ant le sentiment d\u2019appartenance et les liens entre les membres de la communaut\u00e9 albanaise en Suisse.<\/p><p>L\u2019\u00e9v\u00e9nement a \u00e9t\u00e9 rendu possible gr\u00e2ce \u00e0 l\u2019engagement de albinfo.ch, que je remercie pour sa confiance, ainsi qu\u2019\u00e0 l\u2019implication des co-organisateurs AEAUL \u2013 Association des \u00c9tudiants Albanais de l\u2019Universit\u00e9 de Lausanne et Swiss-Albania-Event, qui ont permis la pr\u00e9sentation de ce projet documentaire au sein du cadre acad\u00e9mique de l\u2019EPFL.<\/p><p>Documenter cette soir\u00e9e a repr\u00e9sent\u00e9 \u00e0 la fois une responsabilit\u00e9 professionnelle et un honneur personnel \u2014 saisir des instants qui nous relient \u00e0 notre langue, \u00e0 nos racines et \u00e0 notre m\u00e9moire collective.<\/p>\t\t\t\t\t\t\t\t<\/div>\n\t\t\t\t<\/div>\n\t\t\t\t\t<\/div>\n\t\t\t\t<\/div>\n\t\t<div class=\"elementor-element elementor-element-70b12d76 e-flex e-con-boxed e-con e-parent\" data-id=\"70b12d76\" data-element_type=\"container\">\n\t\t\t\t\t<div class=\"e-con-inner\">\n\t\t\t\t<div class=\"elementor-element elementor-element-7c22b418 elementor-widget elementor-widget-html\" data-id=\"7c22b418\" data-element_type=\"widget\" data-widget_type=\"html.default\">\n\t\t\t\t<div class=\"elementor-widget-container\">\n\t\t\t\t\t<iframe \nsrc=\"https:\/\/rcanaider.pixieset.com\/lorikcanaudhalausanne\/\" \nwidth=\"100%\" \nheight=\"800\" \nframeborder=\"0\"\nstyle=\"border:none;\">\n<\/iframe>\t\t\t\t<\/div>\n\t\t\t\t<\/div>\n\t\t\t\t\t<\/div>\n\t\t\t\t<\/div>\n\t\t\t\t<\/div>","protected":false},"excerpt":{"rendered":"<p>EVENTS Through My Lens at EPFL Lausanne \u2013 For the Documentary \u201cUDHA\u201d Lausanne \u2013 5 December 2025 I had the pleasure of serving as photographer for the event\u00a0\u201cUdha \u2013 One Blood, One Language, One Pledge\u201d, held on December 5, 2025, in Lausanne \u2014 a gathering that brought together members of the Albanian diaspora in an [&hellip;]<\/p>","protected":false},"author":1,"featured_media":0,"parent":0,"menu_order":0,"comment_status":"closed","ping_status":"closed","template":"","meta":{"_monsterinsights_skip_tracking":false,"_monsterinsights_sitenote_active":false,"_monsterinsights_sitenote_note":"","_monsterinsights_sitenote_category":0,"site-sidebar-layout":"no-sidebar","site-content-layout":"page-builder","ast-site-content-layout":"full-width-container","site-content-style":"default","site-sidebar-style":"default","ast-global-header-display":"","ast-banner-title-visibility":"","ast-main-header-display":"","ast-hfb-above-header-display":"","ast-hfb-below-header-display":"","ast-hfb-mobile-header-display":"","site-post-title":"disabled","ast-breadcrumbs-content":"","ast-featured-img":"disabled","footer-sml-layout":"","theme-transparent-header-meta":"","adv-header-id-meta":"","stick-header-meta":"","header-above-stick-meta":"","header-main-stick-meta":"","header-below-stick-meta":"","astra-migrate-meta-layouts":"set","ast-page-background-enabled":"default","ast-page-background-meta":{"desktop":{"background-color":"var(--ast-global-color-4)","background-image":"","background-repeat":"repeat","background-position":"center center","background-size":"auto","background-attachment":"scroll","background-type":"","background-media":"","overlay-type":"","overlay-color":"","overlay-opacity":"","overlay-gradient":""},"tablet":{"background-color":"","background-image":"","background-repeat":"repeat","background-position":"center center","background-size":"auto","background-attachment":"scroll","background-type":"","background-media":"","overlay-type":"","overlay-color":"","overlay-opacity":"","overlay-gradient":""},"mobile":{"background-color":"","background-image":"","background-repeat":"repeat","background-position":"center center","background-size":"auto","background-attachment":"scroll","background-type":"","background-media":"","overlay-type":"","overlay-color":"","overlay-opacity":"","overlay-gradient":""}},"ast-content-background-meta":{"desktop":{"background-color":"var(--ast-global-color-5)","background-image":"","background-repeat":"repeat","background-position":"center center","background-size":"auto","background-attachment":"scroll","background-type":"","background-media":"","overlay-type":"","overlay-color":"","overlay-opacity":"","overlay-gradient":""},"tablet":{"background-color":"var(--ast-global-color-5)","background-image":"","background-repeat":"repeat","background-position":"center center","background-size":"auto","background-attachment":"scroll","background-type":"","background-media":"","overlay-type":"","overlay-color":"","overlay-opacity":"","overlay-gradient":""},"mobile":{"background-color":"var(--ast-global-color-5)","background-image":"","background-repeat":"repeat","background-position":"center center","background-size":"auto","background-attachment":"scroll","background-type":"","background-media":"","overlay-type":"","overlay-color":"","overlay-opacity":"","overlay-gradient":""}},"footnotes":""},"class_list":["post-3766","page","type-page","status-publish","hentry"],"_links":{"self":[{"href":"https:\/\/rcanaider.com\/fr\/wp-json\/wp\/v2\/pages\/3766","targetHints":{"allow":["GET"]}}],"collection":[{"href":"https:\/\/rcanaider.com\/fr\/wp-json\/wp\/v2\/pages"}],"about":[{"href":"https:\/\/rcanaider.com\/fr\/wp-json\/wp\/v2\/types\/page"}],"author":[{"embeddable":true,"href":"https:\/\/rcanaider.com\/fr\/wp-json\/wp\/v2\/users\/1"}],"replies":[{"embeddable":true,"href":"https:\/\/rcanaider.com\/fr\/wp-json\/wp\/v2\/comments?post=3766"}],"version-history":[{"count":4,"href":"https:\/\/rcanaider.com\/fr\/wp-json\/wp\/v2\/pages\/3766\/revisions"}],"predecessor-version":[{"id":3882,"href":"https:\/\/rcanaider.com\/fr\/wp-json\/wp\/v2\/pages\/3766\/revisions\/3882"}],"wp:attachment":[{"href":"https:\/\/rcanaider.com\/fr\/wp-json\/wp\/v2\/media?parent=3766"}],"curies":[{"name":"wp","href":"https:\/\/api.w.org\/{rel}","templated":true}]}}