{"id":3767,"date":"2026-03-09T03:35:39","date_gmt":"2026-03-09T03:35:39","guid":{"rendered":"https:\/\/rcanaider.com\/?page_id=3767"},"modified":"2026-03-09T03:40:28","modified_gmt":"2026-03-09T03:40:28","slug":"creative-workshops-the-power-of-choice","status":"publish","type":"page","link":"https:\/\/rcanaider.com\/fr\/creative-workshops-the-power-of-choice\/","title":{"rendered":"Ateliers cr\u00e9atifs \u2013 Le pouvoir du choix"},"content":{"rendered":"<div data-elementor-type=\"wp-page\" data-elementor-id=\"3767\" class=\"elementor elementor-3767\">\n\t\t\t\t\t\t<section class=\"elementor-section elementor-top-section elementor-element elementor-element-3911e3c0 elementor-section-boxed elementor-section-height-default elementor-section-height-default\" data-id=\"3911e3c0\" data-element_type=\"section\" data-settings=\"{&quot;background_background&quot;:&quot;classic&quot;}\">\n\t\t\t\t\t\t\t<div class=\"elementor-background-overlay\"><\/div>\n\t\t\t\t\t\t\t<div class=\"elementor-container elementor-column-gap-no\">\n\t\t\t\t\t<div class=\"elementor-column elementor-col-100 elementor-top-column elementor-element elementor-element-5e9c221f\" data-id=\"5e9c221f\" data-element_type=\"column\">\n\t\t\t<div class=\"elementor-widget-wrap elementor-element-populated\">\n\t\t\t\t\t\t<div class=\"elementor-element elementor-element-2a6436b elementor-widget elementor-widget-heading\" data-id=\"2a6436b\" data-element_type=\"widget\" data-widget_type=\"heading.default\">\n\t\t\t\t<div class=\"elementor-widget-container\">\n\t\t\t\t\t<h6 class=\"elementor-heading-title elementor-size-default\">EVENTS\n<\/h6>\t\t\t\t<\/div>\n\t\t\t\t<\/div>\n\t\t\t\t<div class=\"elementor-element elementor-element-3d466547 elementor-widget elementor-widget-heading\" data-id=\"3d466547\" data-element_type=\"widget\" data-widget_type=\"heading.default\">\n\t\t\t\t<div class=\"elementor-widget-container\">\n\t\t\t\t\t<h3 class=\"elementor-heading-title elementor-size-default\">Ateliers cr\u00e9atifs \u2013 Le pouvoir du choix\n\n<\/h3>\t\t\t\t<\/div>\n\t\t\t\t<\/div>\n\t\t\t\t\t<\/div>\n\t\t<\/div>\n\t\t\t\t\t<\/div>\n\t\t<\/section>\n\t\t<div class=\"elementor-element elementor-element-5ab8b37a e-flex e-con-boxed e-con e-parent\" data-id=\"5ab8b37a\" data-element_type=\"container\">\n\t\t\t\t\t<div class=\"e-con-inner\">\n\t\t\t\t<div class=\"elementor-element elementor-element-463b1788 elementor-widget elementor-widget-heading\" data-id=\"463b1788\" data-element_type=\"widget\" data-widget_type=\"heading.default\">\n\t\t\t\t<div class=\"elementor-widget-container\">\n\t\t\t\t\t<h4 class=\"elementor-heading-title elementor-size-default\">Date: 6.02.2026<\/h4>\t\t\t\t<\/div>\n\t\t\t\t<\/div>\n\t\t\t\t<div class=\"elementor-element elementor-element-758ab42e elementor-widget elementor-widget-text-editor\" data-id=\"758ab42e\" data-element_type=\"widget\" data-widget_type=\"text-editor.default\">\n\t\t\t\t<div class=\"elementor-widget-container\">\n\t\t\t\t\t\t\t\t\t<p>Le 6 f\u00e9vrier 2026, les associations Rinia Contact et Le Nid de Lumi\u00e8re ont coorganis\u00e9 un atelier cr\u00e9atif autour du th\u00e8me\u00a0<em>\" Le pouvoir du choix \"<\/em>en partenariat avec l\u2019association Camarada, qui a permis la participation des femmes b\u00e9n\u00e9ficiaires.<\/p><p>Anim\u00e9 et guid\u00e9 par R.C.Anaider, artiste, \u00e9crivaine, po\u00e8te et photographe, fondatrice de l\u2019association Le Nid de Lumi\u00e8re, et soutenu par le staff de l\u2019association Rinia Contact, cet atelier proposait un espace d\u2019exploration artistique et introspective autour de la notion du choix, envisag\u00e9e comme un acte intime, conscient et lib\u00e9rateur. \u00c0 travers la peinture, les participantes ont \u00e9t\u00e9 invit\u00e9es \u00e0 laisser leurs pens\u00e9es et leurs \u00e9motions circuler librement, en s\u2019exprimant par les couleurs, les gestes et la mati\u00e8re sur la toile.<\/p><p>La s\u00e9ance s\u2019est d\u00e9roul\u00e9e dans une atmosph\u00e8re calme et bienveillante, accompagn\u00e9e de musique classique, favorisant la concentration, le l\u00e2cher-prise et l\u2019immersion cr\u00e9ative. Les participantes ont \u00e9t\u00e9 encourag\u00e9es \u00e0 se reconnecter \u00e0 leur enfant artiste int\u00e9rieur, ce qui leur a permis de r\u00e9aliser des \u0153uvres qu\u2019elles n\u2019auraient, pour la plupart, jamais imagin\u00e9es au d\u00e9but de l\u2019atelier.<\/p><p>En parall\u00e8le du travail pictural, un temps de r\u00e9flexion personnelle a \u00e9t\u00e9 propos\u00e9 \u00e0 travers un questionnaire structur\u00e9 en deux parties :\u00a0<em>Moi aujourd\u2019hui<\/em>\u00a0et\u00a0<em>Moi et ma peinture<\/em>\u00c0 partir de ces supports, les participantes ont s\u00e9lectionn\u00e9 des mots et des fragments de phrases entrant en r\u00e9sonance avec leur monde int\u00e9rieur et leur cr\u00e9ation artistique, renfor\u00e7ant ainsi le lien entre expression visuelle et parole intime.<\/p><p>Les \u0153uvres r\u00e9alis\u00e9es au cours de l\u2019atelier ont \u00e9t\u00e9 emport\u00e9es par les participantes comme des traces sensibles et personnelles de ce moment partag\u00e9. Destin\u00e9es \u00e0 trouver leur place dans leur espace de vie, elles deviennent des pr\u00e9sences silencieuses, rappelant la force du choix, du geste cr\u00e9atif et du chemin int\u00e9rieur parcouru durant l\u2019atelier.<\/p><p>L\u2019intervenante artistique, R.C. Anaider, a \u00e9galement cr\u00e9\u00e9, pour chaque \u0153uvre artistique, un po\u00e8me original, en tentant d\u2019exprimer par les mots ce que les couleurs et les textures inscrivaient silencieusement dans les \u0153uvres des participantes.<\/p><p>Cet atelier marque l\u2019ouverture d\u2019une s\u00e9rie d\u2019ateliers cr\u00e9atifs qui se poursuivront prochainement, avec pour objectif commun d\u2019offrir des espaces d\u2019expression, de choix conscient et de reconnexion \u00e0 soi \u00e0 travers l\u2019art.<\/p>\t\t\t\t\t\t\t\t<\/div>\n\t\t\t\t<\/div>\n\t\t\t\t\t<\/div>\n\t\t\t\t<\/div>\n\t\t<div class=\"elementor-element elementor-element-53f589f7 e-flex e-con-boxed e-con e-parent\" data-id=\"53f589f7\" data-element_type=\"container\">\n\t\t\t\t\t<div class=\"e-con-inner\">\n\t\t\t\t<div class=\"elementor-element elementor-element-52c14a0c elementor-widget elementor-widget-html\" data-id=\"52c14a0c\" data-element_type=\"widget\" data-widget_type=\"html.default\">\n\t\t\t\t<div class=\"elementor-widget-container\">\n\t\t\t\t\t<iframe \nsrc=\"https:\/\/rcanaider.pixieset.com\/atelierscreatifs\/\" \nwidth=\"100%\" \nheight=\"800\" \nframeborder=\"0\"\nstyle=\"border:none;\">\n<\/iframe>\t\t\t\t<\/div>\n\t\t\t\t<\/div>\n\t\t\t\t\t<\/div>\n\t\t\t\t<\/div>\n\t\t\t\t<\/div>","protected":false},"excerpt":{"rendered":"<p>EVENTS Creative Workshops \u2013 The Power of Choice Date: 6.02.2026 On February 6, 2026, the associations Rinia Contact and Le Nid de Lumi\u00e8re co-organized a creative workshop around the theme\u00a0\u201cThe Power of Choice\u201d, in partnership with the association Camarada, which enabled the participation of beneficiary women. Led and guided by R.C. Anaider \u2014 artist, writer, [&hellip;]<\/p>","protected":false},"author":1,"featured_media":0,"parent":0,"menu_order":0,"comment_status":"closed","ping_status":"closed","template":"","meta":{"_monsterinsights_skip_tracking":false,"_monsterinsights_sitenote_active":false,"_monsterinsights_sitenote_note":"","_monsterinsights_sitenote_category":0,"site-sidebar-layout":"no-sidebar","site-content-layout":"page-builder","ast-site-content-layout":"full-width-container","site-content-style":"default","site-sidebar-style":"default","ast-global-header-display":"","ast-banner-title-visibility":"","ast-main-header-display":"","ast-hfb-above-header-display":"","ast-hfb-below-header-display":"","ast-hfb-mobile-header-display":"","site-post-title":"disabled","ast-breadcrumbs-content":"","ast-featured-img":"disabled","footer-sml-layout":"","theme-transparent-header-meta":"","adv-header-id-meta":"","stick-header-meta":"","header-above-stick-meta":"","header-main-stick-meta":"","header-below-stick-meta":"","astra-migrate-meta-layouts":"set","ast-page-background-enabled":"default","ast-page-background-meta":{"desktop":{"background-color":"var(--ast-global-color-4)","background-image":"","background-repeat":"repeat","background-position":"center center","background-size":"auto","background-attachment":"scroll","background-type":"","background-media":"","overlay-type":"","overlay-color":"","overlay-opacity":"","overlay-gradient":""},"tablet":{"background-color":"","background-image":"","background-repeat":"repeat","background-position":"center center","background-size":"auto","background-attachment":"scroll","background-type":"","background-media":"","overlay-type":"","overlay-color":"","overlay-opacity":"","overlay-gradient":""},"mobile":{"background-color":"","background-image":"","background-repeat":"repeat","background-position":"center center","background-size":"auto","background-attachment":"scroll","background-type":"","background-media":"","overlay-type":"","overlay-color":"","overlay-opacity":"","overlay-gradient":""}},"ast-content-background-meta":{"desktop":{"background-color":"var(--ast-global-color-5)","background-image":"","background-repeat":"repeat","background-position":"center center","background-size":"auto","background-attachment":"scroll","background-type":"","background-media":"","overlay-type":"","overlay-color":"","overlay-opacity":"","overlay-gradient":""},"tablet":{"background-color":"var(--ast-global-color-5)","background-image":"","background-repeat":"repeat","background-position":"center center","background-size":"auto","background-attachment":"scroll","background-type":"","background-media":"","overlay-type":"","overlay-color":"","overlay-opacity":"","overlay-gradient":""},"mobile":{"background-color":"var(--ast-global-color-5)","background-image":"","background-repeat":"repeat","background-position":"center center","background-size":"auto","background-attachment":"scroll","background-type":"","background-media":"","overlay-type":"","overlay-color":"","overlay-opacity":"","overlay-gradient":""}},"footnotes":""},"class_list":["post-3767","page","type-page","status-publish","hentry"],"_links":{"self":[{"href":"https:\/\/rcanaider.com\/fr\/wp-json\/wp\/v2\/pages\/3767","targetHints":{"allow":["GET"]}}],"collection":[{"href":"https:\/\/rcanaider.com\/fr\/wp-json\/wp\/v2\/pages"}],"about":[{"href":"https:\/\/rcanaider.com\/fr\/wp-json\/wp\/v2\/types\/page"}],"author":[{"embeddable":true,"href":"https:\/\/rcanaider.com\/fr\/wp-json\/wp\/v2\/users\/1"}],"replies":[{"embeddable":true,"href":"https:\/\/rcanaider.com\/fr\/wp-json\/wp\/v2\/comments?post=3767"}],"version-history":[{"count":13,"href":"https:\/\/rcanaider.com\/fr\/wp-json\/wp\/v2\/pages\/3767\/revisions"}],"predecessor-version":[{"id":3888,"href":"https:\/\/rcanaider.com\/fr\/wp-json\/wp\/v2\/pages\/3767\/revisions\/3888"}],"wp:attachment":[{"href":"https:\/\/rcanaider.com\/fr\/wp-json\/wp\/v2\/media?parent=3767"}],"curies":[{"name":"wp","href":"https:\/\/api.w.org\/{rel}","templated":true}]}}