{"id":3768,"date":"2026-03-09T03:29:42","date_gmt":"2026-03-09T03:29:42","guid":{"rendered":"https:\/\/rcanaider.com\/?page_id=3768"},"modified":"2026-03-09T03:34:45","modified_gmt":"2026-03-09T03:34:45","slug":"through-my-lens-at-victoria-hall-for-the-18th-anniversary-of-kosovos-independence","status":"publish","type":"page","link":"https:\/\/rcanaider.com\/fr\/through-my-lens-at-victoria-hall-for-the-18th-anniversary-of-kosovos-independence\/","title":{"rendered":"\u00c0 travers mon objectif au Victoria Hall \u2013 18e anniversaire de l\u2019ind\u00e9pendance du Kosovo"},"content":{"rendered":"<div data-elementor-type=\"wp-page\" data-elementor-id=\"3768\" class=\"elementor elementor-3768\">\n\t\t\t\t\t\t<section class=\"elementor-section elementor-top-section elementor-element elementor-element-41517ee4 elementor-section-boxed elementor-section-height-default elementor-section-height-default\" data-id=\"41517ee4\" data-element_type=\"section\" data-settings=\"{&quot;background_background&quot;:&quot;classic&quot;}\">\n\t\t\t\t\t\t\t<div class=\"elementor-background-overlay\"><\/div>\n\t\t\t\t\t\t\t<div class=\"elementor-container elementor-column-gap-no\">\n\t\t\t\t\t<div class=\"elementor-column elementor-col-100 elementor-top-column elementor-element elementor-element-10c8e18f\" data-id=\"10c8e18f\" data-element_type=\"column\">\n\t\t\t<div class=\"elementor-widget-wrap elementor-element-populated\">\n\t\t\t\t\t\t<div class=\"elementor-element elementor-element-767b110e elementor-widget elementor-widget-heading\" data-id=\"767b110e\" data-element_type=\"widget\" data-widget_type=\"heading.default\">\n\t\t\t\t<div class=\"elementor-widget-container\">\n\t\t\t\t\t<h6 class=\"elementor-heading-title elementor-size-default\">EVENTS\n<\/h6>\t\t\t\t<\/div>\n\t\t\t\t<\/div>\n\t\t\t\t<div class=\"elementor-element elementor-element-5cd68148 elementor-widget elementor-widget-heading\" data-id=\"5cd68148\" data-element_type=\"widget\" data-widget_type=\"heading.default\">\n\t\t\t\t<div class=\"elementor-widget-container\">\n\t\t\t\t\t<h3 class=\"elementor-heading-title elementor-size-default\">\u00c0 travers mon objectif au Victoria Hall \u2013 18e anniversaire de l\u2019ind\u00e9pendance du Kosovo\n\n<\/h3>\t\t\t\t<\/div>\n\t\t\t\t<\/div>\n\t\t\t\t\t<\/div>\n\t\t<\/div>\n\t\t\t\t\t<\/div>\n\t\t<\/section>\n\t\t<div class=\"elementor-element elementor-element-3935f05f e-flex e-con-boxed e-con e-parent\" data-id=\"3935f05f\" data-element_type=\"container\">\n\t\t\t\t\t<div class=\"e-con-inner\">\n\t\t\t\t<div class=\"elementor-element elementor-element-655ec597 elementor-widget elementor-widget-heading\" data-id=\"655ec597\" data-element_type=\"widget\" data-widget_type=\"heading.default\">\n\t\t\t\t<div class=\"elementor-widget-container\">\n\t\t\t\t\t<h4 class=\"elementor-heading-title elementor-size-default\">Date: 23.02.2026<\/h4>\t\t\t\t<\/div>\n\t\t\t\t<\/div>\n\t\t\t\t<div class=\"elementor-element elementor-element-69b61070 elementor-widget elementor-widget-text-editor\" data-id=\"69b61070\" data-element_type=\"widget\" data-widget_type=\"text-editor.default\">\n\t\t\t\t<div class=\"elementor-widget-container\">\n\t\t\t\t\t\t\t\t\t<p>Le 23 f\u00e9vrier 2026, j\u2019ai eu le profond honneur d\u2019assurer la couverture photographique de la c\u00e9l\u00e9bration du 18e anniversaire de l\u2019ind\u00e9pendance du Kosovo, marqu\u00e9e par un concert magnifique et solennel au Victoria Hall \u00e0 Gen\u00e8ve.<br \/>Cette soir\u00e9e exceptionnelle a \u00e9t\u00e9 organis\u00e9e avec raffinement et accueillie avec \u00e9l\u00e9gance par le Consulat g\u00e9n\u00e9ral du Kosovo \u00e0 Gen\u00e8ve, dont la coordination soign\u00e9e et la r\u00e9ception distingu\u00e9e ont \u00e9lev\u00e9 cette c\u00e9l\u00e9bration au rang d\u2019un \u00e9v\u00e9nement v\u00e9ritablement prestigieux et m\u00e9morable.<br \/>L\u2019\u00e9v\u00e9nement a r\u00e9uni des personnalit\u00e9s \u00e9minentes de la diplomatie suisse, albanaise et kosovare, t\u00e9moignant de la solidit\u00e9 des liens institutionnels ainsi que des valeurs partag\u00e9es de culture, d\u2019histoire et de respect mutuel.<br \/>Dans le cadre majestueux du Victoria Hall, la musique est devenue le langage de la soir\u00e9e. La voix lumineuse du t\u00e9nor Rame Lahaj, l\u2019interpr\u00e9tation raffin\u00e9e et expressive de la soprano Marigona Qerkezi, ainsi que la sensibilit\u00e9 du pianiste Kamal Khan ont cr\u00e9\u00e9 un dialogue artistique puissant, r\u00e9sonnant bien au-del\u00e0 de la sc\u00e8ne. Leur performance a rempli la salle d\u2019\u00e9motion, d\u2019\u00e9l\u00e9gance et de fiert\u00e9 collective.<br \/>Documenter ce rassemblement exceptionnel \u2014 qui a accueilli plus de 1 000 invit\u00e9s \u2014 a repr\u00e9sent\u00e9 \u00e0 la fois une responsabilit\u00e9 importante et une exp\u00e9rience profond\u00e9ment significative. \u00c0 travers mon objectif, j\u2019ai cherch\u00e9 \u00e0 saisir non seulement des instants, mais une atmosph\u00e8re ; non seulement des pr\u00e9sences, mais l\u2019esprit d\u2019une communaut\u00e9 r\u00e9unie pour c\u00e9l\u00e9brer.<\/p>\t\t\t\t\t\t\t\t<\/div>\n\t\t\t\t<\/div>\n\t\t\t\t\t<\/div>\n\t\t\t\t<\/div>\n\t\t<div class=\"elementor-element elementor-element-285d8703 e-flex e-con-boxed e-con e-parent\" data-id=\"285d8703\" data-element_type=\"container\">\n\t\t\t\t\t<div class=\"e-con-inner\">\n\t\t\t\t<div class=\"elementor-element elementor-element-2a58e17 elementor-widget elementor-widget-html\" data-id=\"2a58e17\" data-element_type=\"widget\" data-widget_type=\"html.default\">\n\t\t\t\t<div class=\"elementor-widget-container\">\n\t\t\t\t\t<iframe \nsrc=\"https:\/\/rcanaider.pixieset.com\/victoriahallconcertonthe18thanniversaryofkosovosindependence\/\" \nwidth=\"100%\" \nheight=\"800\" \nframeborder=\"0\"\nstyle=\"border:none;\">\n<\/iframe>\t\t\t\t<\/div>\n\t\t\t\t<\/div>\n\t\t\t\t\t<\/div>\n\t\t\t\t<\/div>\n\t\t\t\t<\/div>","protected":false},"excerpt":{"rendered":"<p>EVENTS Through My Lens at Victoria Hall for the 18th Anniversary of Kosovo\u2019s Independence Date: 23.02.2026 On February 23, 2026, I had the profound honour of serving as photographer for the celebration of the 18th Anniversary of Kosovo\u2019s Independence, marked by a magnificent and solemn concert at Victoria Hall in Geneva.This exceptional evening was exquisitely [&hellip;]<\/p>","protected":false},"author":1,"featured_media":0,"parent":0,"menu_order":0,"comment_status":"closed","ping_status":"closed","template":"","meta":{"_monsterinsights_skip_tracking":false,"_monsterinsights_sitenote_active":false,"_monsterinsights_sitenote_note":"","_monsterinsights_sitenote_category":0,"site-sidebar-layout":"no-sidebar","site-content-layout":"page-builder","ast-site-content-layout":"full-width-container","site-content-style":"default","site-sidebar-style":"default","ast-global-header-display":"","ast-banner-title-visibility":"","ast-main-header-display":"","ast-hfb-above-header-display":"","ast-hfb-below-header-display":"","ast-hfb-mobile-header-display":"","site-post-title":"disabled","ast-breadcrumbs-content":"","ast-featured-img":"disabled","footer-sml-layout":"","theme-transparent-header-meta":"","adv-header-id-meta":"","stick-header-meta":"","header-above-stick-meta":"","header-main-stick-meta":"","header-below-stick-meta":"","astra-migrate-meta-layouts":"set","ast-page-background-enabled":"default","ast-page-background-meta":{"desktop":{"background-color":"var(--ast-global-color-4)","background-image":"","background-repeat":"repeat","background-position":"center center","background-size":"auto","background-attachment":"scroll","background-type":"","background-media":"","overlay-type":"","overlay-color":"","overlay-opacity":"","overlay-gradient":""},"tablet":{"background-color":"","background-image":"","background-repeat":"repeat","background-position":"center center","background-size":"auto","background-attachment":"scroll","background-type":"","background-media":"","overlay-type":"","overlay-color":"","overlay-opacity":"","overlay-gradient":""},"mobile":{"background-color":"","background-image":"","background-repeat":"repeat","background-position":"center center","background-size":"auto","background-attachment":"scroll","background-type":"","background-media":"","overlay-type":"","overlay-color":"","overlay-opacity":"","overlay-gradient":""}},"ast-content-background-meta":{"desktop":{"background-color":"var(--ast-global-color-5)","background-image":"","background-repeat":"repeat","background-position":"center center","background-size":"auto","background-attachment":"scroll","background-type":"","background-media":"","overlay-type":"","overlay-color":"","overlay-opacity":"","overlay-gradient":""},"tablet":{"background-color":"var(--ast-global-color-5)","background-image":"","background-repeat":"repeat","background-position":"center center","background-size":"auto","background-attachment":"scroll","background-type":"","background-media":"","overlay-type":"","overlay-color":"","overlay-opacity":"","overlay-gradient":""},"mobile":{"background-color":"var(--ast-global-color-5)","background-image":"","background-repeat":"repeat","background-position":"center center","background-size":"auto","background-attachment":"scroll","background-type":"","background-media":"","overlay-type":"","overlay-color":"","overlay-opacity":"","overlay-gradient":""}},"footnotes":""},"class_list":["post-3768","page","type-page","status-publish","hentry"],"_links":{"self":[{"href":"https:\/\/rcanaider.com\/fr\/wp-json\/wp\/v2\/pages\/3768","targetHints":{"allow":["GET"]}}],"collection":[{"href":"https:\/\/rcanaider.com\/fr\/wp-json\/wp\/v2\/pages"}],"about":[{"href":"https:\/\/rcanaider.com\/fr\/wp-json\/wp\/v2\/types\/page"}],"author":[{"embeddable":true,"href":"https:\/\/rcanaider.com\/fr\/wp-json\/wp\/v2\/users\/1"}],"replies":[{"embeddable":true,"href":"https:\/\/rcanaider.com\/fr\/wp-json\/wp\/v2\/comments?post=3768"}],"version-history":[{"count":10,"href":"https:\/\/rcanaider.com\/fr\/wp-json\/wp\/v2\/pages\/3768\/revisions"}],"predecessor-version":[{"id":3866,"href":"https:\/\/rcanaider.com\/fr\/wp-json\/wp\/v2\/pages\/3768\/revisions\/3866"}],"wp:attachment":[{"href":"https:\/\/rcanaider.com\/fr\/wp-json\/wp\/v2\/media?parent=3768"}],"curies":[{"name":"wp","href":"https:\/\/api.w.org\/{rel}","templated":true}]}}