{"id":3769,"date":"2026-03-09T03:12:44","date_gmt":"2026-03-09T03:12:44","guid":{"rendered":"https:\/\/rcanaider.com\/?page_id=3769"},"modified":"2026-03-09T03:34:28","modified_gmt":"2026-03-09T03:34:28","slug":"through-my-lens-at-the-permanent-mission-of-albania-to-the-united-nations","status":"publish","type":"page","link":"https:\/\/rcanaider.com\/fr\/through-my-lens-at-the-permanent-mission-of-albania-to-the-united-nations\/","title":{"rendered":"\u00c0 travers mon objectif \u00e0 la Mission permanente de l\u2019Albanie aupr\u00e8s des Nations Unies"},"content":{"rendered":"<div data-elementor-type=\"wp-page\" data-elementor-id=\"3769\" class=\"elementor elementor-3769\">\n\t\t\t\t\t\t<section class=\"elementor-section elementor-top-section elementor-element elementor-element-461ab154 elementor-section-boxed elementor-section-height-default elementor-section-height-default\" data-id=\"461ab154\" data-element_type=\"section\" data-settings=\"{&quot;background_background&quot;:&quot;classic&quot;}\">\n\t\t\t\t\t\t\t<div class=\"elementor-background-overlay\"><\/div>\n\t\t\t\t\t\t\t<div class=\"elementor-container elementor-column-gap-no\">\n\t\t\t\t\t<div class=\"elementor-column elementor-col-100 elementor-top-column elementor-element elementor-element-1d4e6a65\" data-id=\"1d4e6a65\" data-element_type=\"column\">\n\t\t\t<div class=\"elementor-widget-wrap elementor-element-populated\">\n\t\t\t\t\t\t<div class=\"elementor-element elementor-element-7defa199 elementor-widget elementor-widget-heading\" data-id=\"7defa199\" data-element_type=\"widget\" data-widget_type=\"heading.default\">\n\t\t\t\t<div class=\"elementor-widget-container\">\n\t\t\t\t\t<h6 class=\"elementor-heading-title elementor-size-default\">EVENTS\n<\/h6>\t\t\t\t<\/div>\n\t\t\t\t<\/div>\n\t\t\t\t<div class=\"elementor-element elementor-element-1cc46483 elementor-widget elementor-widget-heading\" data-id=\"1cc46483\" data-element_type=\"widget\" data-widget_type=\"heading.default\">\n\t\t\t\t<div class=\"elementor-widget-container\">\n\t\t\t\t\t<h3 class=\"elementor-heading-title elementor-size-default\">\u00c0 travers mon objectif \u00e0 la Mission permanente de l\u2019Albanie aupr\u00e8s des Nations Unies<\/h3>\t\t\t\t<\/div>\n\t\t\t\t<\/div>\n\t\t\t\t\t<\/div>\n\t\t<\/div>\n\t\t\t\t\t<\/div>\n\t\t<\/section>\n\t\t<div class=\"elementor-element elementor-element-51fe0b3 e-flex e-con-boxed e-con e-parent\" data-id=\"51fe0b3\" data-element_type=\"container\">\n\t\t\t\t\t<div class=\"e-con-inner\">\n\t\t\t\t<div class=\"elementor-element elementor-element-7d70376 elementor-widget elementor-widget-heading\" data-id=\"7d70376\" data-element_type=\"widget\" data-widget_type=\"heading.default\">\n\t\t\t\t<div class=\"elementor-widget-container\">\n\t\t\t\t\t<h4 class=\"elementor-heading-title elementor-size-default\">\nGen\u00e8ve \u2013 27 novembre 2025\n<\/h4>\t\t\t\t<\/div>\n\t\t\t\t<\/div>\n\t\t\t\t<div class=\"elementor-element elementor-element-a846f5b elementor-widget elementor-widget-text-editor\" data-id=\"a846f5b\" data-element_type=\"widget\" data-widget_type=\"text-editor.default\">\n\t\t\t\t<div class=\"elementor-widget-container\">\n\t\t\t\t\t\t\t\t\t<p>J\u2019ai eu l\u2019honneur d\u2019assurer la couverture photographique officielle de la c\u00e9l\u00e9bration du 113e anniversaire de l\u2019ind\u00e9pendance de l\u2019Albanie et du 81e anniversaire de sa lib\u00e9ration, organis\u00e9e le 27 novembre 2025 par la Mission permanente de la R\u00e9publique d\u2019Albanie aupr\u00e8s des Nations Unies \u00e0 Gen\u00e8ve, ainsi que par d\u2019autres organisations internationales bas\u00e9es \u00e0 Gen\u00e8ve.<br \/>Cet \u00e9v\u00e9nement comm\u00e9moratif a r\u00e9uni des repr\u00e9sentants de missions diplomatiques, des Nations Unies et de diverses organisations internationales ayant leur si\u00e8ge \u00e0 Gen\u00e8ve, ainsi que des membres de la communaut\u00e9 albanaise vivant et travaillant en Suisse, qui ont honor\u00e9 l\u2019occasion de leur pr\u00e9sence.<br \/>L\u2019invit\u00e9e d\u2019honneur \u00e9tait Mme Ana Roch, Pr\u00e9sidente du Grand Conseil du canton de Gen\u00e8ve.<br \/>L\u2019ann\u00e9e 2025 marque \u00e9galement deux jalons importants : le 70e anniversaire de l\u2019adh\u00e9sion de l\u2019Albanie aux Nations Unies et le 55e anniversaire de l\u2019\u00e9tablissement des relations diplomatiques entre l\u2019Albanie et la Suisse.<br \/>Documenter ce rassemblement d\u2019envergure a repr\u00e9sent\u00e9 \u00e0 la fois un privil\u00e8ge professionnel et une exp\u00e9rience profond\u00e9ment significative, t\u00e9moignant d\u2019un moment de fiert\u00e9 nationale, de dialogue diplomatique et d\u2019histoire partag\u00e9e au c\u0153ur du paysage international genevois.<br \/>La Mission permanente de la R\u00e9publique d\u2019Albanie aupr\u00e8s des Nations Unies \u00e0 Gen\u00e8ve adresse ses sinc\u00e8res remerciements \u00e0 l\u2019ensemble des participants pour leur pr\u00e9sence et leur contribution \u00e0 cette c\u00e9l\u00e9bration importante.<\/p>\t\t\t\t\t\t\t\t<\/div>\n\t\t\t\t<\/div>\n\t\t\t\t\t<\/div>\n\t\t\t\t<\/div>\n\t\t<div class=\"elementor-element elementor-element-7d74f9ac e-flex e-con-boxed e-con e-parent\" data-id=\"7d74f9ac\" data-element_type=\"container\">\n\t\t\t\t\t<div class=\"e-con-inner\">\n\t\t\t\t<div class=\"elementor-element elementor-element-854874a elementor-widget elementor-widget-html\" data-id=\"854874a\" data-element_type=\"widget\" data-widget_type=\"html.default\">\n\t\t\t\t<div class=\"elementor-widget-container\">\n\t\t\t\t\t<iframe \nsrc=\"https:\/\/rcanaider.pixieset.com\/113yearsofindependencealbanianmissionungeneva\/\" \nwidth=\"100%\" \nheight=\"800\" \nframeborder=\"0\"\nstyle=\"border:none;\">\n<\/iframe>\t\t\t\t<\/div>\n\t\t\t\t<\/div>\n\t\t\t\t\t<\/div>\n\t\t\t\t<\/div>\n\t\t\t\t<\/div>","protected":false},"excerpt":{"rendered":"<p>EVENTS Through My Lens at the Permanent Mission of Albania to the United Nations Geneva \u2013 27 November 2025 I had the distinct honor of serving as the official photographer for the celebration of the 113th Anniversary of Albania\u2019s Independence and the 81st Anniversary of its Liberation, organized on November 27, 2025, by the Permanent [&hellip;]<\/p>","protected":false},"author":1,"featured_media":0,"parent":0,"menu_order":0,"comment_status":"closed","ping_status":"closed","template":"","meta":{"_monsterinsights_skip_tracking":false,"_monsterinsights_sitenote_active":false,"_monsterinsights_sitenote_note":"","_monsterinsights_sitenote_category":0,"site-sidebar-layout":"no-sidebar","site-content-layout":"page-builder","ast-site-content-layout":"full-width-container","site-content-style":"default","site-sidebar-style":"default","ast-global-header-display":"","ast-banner-title-visibility":"","ast-main-header-display":"","ast-hfb-above-header-display":"","ast-hfb-below-header-display":"","ast-hfb-mobile-header-display":"","site-post-title":"disabled","ast-breadcrumbs-content":"","ast-featured-img":"disabled","footer-sml-layout":"","theme-transparent-header-meta":"","adv-header-id-meta":"","stick-header-meta":"","header-above-stick-meta":"","header-main-stick-meta":"","header-below-stick-meta":"","astra-migrate-meta-layouts":"set","ast-page-background-enabled":"default","ast-page-background-meta":{"desktop":{"background-color":"var(--ast-global-color-4)","background-image":"","background-repeat":"repeat","background-position":"center center","background-size":"auto","background-attachment":"scroll","background-type":"","background-media":"","overlay-type":"","overlay-color":"","overlay-opacity":"","overlay-gradient":""},"tablet":{"background-color":"","background-image":"","background-repeat":"repeat","background-position":"center center","background-size":"auto","background-attachment":"scroll","background-type":"","background-media":"","overlay-type":"","overlay-color":"","overlay-opacity":"","overlay-gradient":""},"mobile":{"background-color":"","background-image":"","background-repeat":"repeat","background-position":"center center","background-size":"auto","background-attachment":"scroll","background-type":"","background-media":"","overlay-type":"","overlay-color":"","overlay-opacity":"","overlay-gradient":""}},"ast-content-background-meta":{"desktop":{"background-color":"var(--ast-global-color-5)","background-image":"","background-repeat":"repeat","background-position":"center center","background-size":"auto","background-attachment":"scroll","background-type":"","background-media":"","overlay-type":"","overlay-color":"","overlay-opacity":"","overlay-gradient":""},"tablet":{"background-color":"var(--ast-global-color-5)","background-image":"","background-repeat":"repeat","background-position":"center center","background-size":"auto","background-attachment":"scroll","background-type":"","background-media":"","overlay-type":"","overlay-color":"","overlay-opacity":"","overlay-gradient":""},"mobile":{"background-color":"var(--ast-global-color-5)","background-image":"","background-repeat":"repeat","background-position":"center center","background-size":"auto","background-attachment":"scroll","background-type":"","background-media":"","overlay-type":"","overlay-color":"","overlay-opacity":"","overlay-gradient":""}},"footnotes":""},"class_list":["post-3769","page","type-page","status-publish","hentry"],"_links":{"self":[{"href":"https:\/\/rcanaider.com\/fr\/wp-json\/wp\/v2\/pages\/3769","targetHints":{"allow":["GET"]}}],"collection":[{"href":"https:\/\/rcanaider.com\/fr\/wp-json\/wp\/v2\/pages"}],"about":[{"href":"https:\/\/rcanaider.com\/fr\/wp-json\/wp\/v2\/types\/page"}],"author":[{"embeddable":true,"href":"https:\/\/rcanaider.com\/fr\/wp-json\/wp\/v2\/users\/1"}],"replies":[{"embeddable":true,"href":"https:\/\/rcanaider.com\/fr\/wp-json\/wp\/v2\/comments?post=3769"}],"version-history":[{"count":13,"href":"https:\/\/rcanaider.com\/fr\/wp-json\/wp\/v2\/pages\/3769\/revisions"}],"predecessor-version":[{"id":3860,"href":"https:\/\/rcanaider.com\/fr\/wp-json\/wp\/v2\/pages\/3769\/revisions\/3860"}],"wp:attachment":[{"href":"https:\/\/rcanaider.com\/fr\/wp-json\/wp\/v2\/media?parent=3769"}],"curies":[{"name":"wp","href":"https:\/\/api.w.org\/{rel}","templated":true}]}}