{"id":3889,"date":"2026-03-09T03:48:37","date_gmt":"2026-03-09T03:48:37","guid":{"rendered":"https:\/\/rcanaider.com\/?page_id=3889"},"modified":"2026-03-09T04:05:14","modified_gmt":"2026-03-09T04:05:14","slug":"events","status":"publish","type":"page","link":"https:\/\/rcanaider.com\/fr\/events\/","title":{"rendered":"\u00c9v\u00e9nements"},"content":{"rendered":"<div data-elementor-type=\"wp-page\" data-elementor-id=\"3889\" class=\"elementor elementor-3889\">\n\t\t\t\t\t\t<section class=\"elementor-section elementor-top-section elementor-element elementor-element-abec7b7 elementor-section-boxed elementor-section-height-default elementor-section-height-default\" data-id=\"abec7b7\" data-element_type=\"section\" data-settings=\"{&quot;background_background&quot;:&quot;classic&quot;}\">\n\t\t\t\t\t\t\t<div class=\"elementor-background-overlay\"><\/div>\n\t\t\t\t\t\t\t<div class=\"elementor-container elementor-column-gap-no\">\n\t\t\t\t\t<div class=\"elementor-column elementor-col-100 elementor-top-column elementor-element elementor-element-8296086\" data-id=\"8296086\" data-element_type=\"column\">\n\t\t\t<div class=\"elementor-widget-wrap elementor-element-populated\">\n\t\t\t\t\t\t<div class=\"elementor-element elementor-element-68a5846 elementor-widget elementor-widget-heading\" data-id=\"68a5846\" data-element_type=\"widget\" data-widget_type=\"heading.default\">\n\t\t\t\t<div class=\"elementor-widget-container\">\n\t\t\t\t\t<h6 class=\"elementor-heading-title elementor-size-default\">D\u00e9couvrez mes derniers \u00e9v\u00e9nements<\/h6>\t\t\t\t<\/div>\n\t\t\t\t<\/div>\n\t\t\t\t<div class=\"elementor-element elementor-element-31df0fc3 elementor-widget elementor-widget-heading\" data-id=\"31df0fc3\" data-element_type=\"widget\" data-widget_type=\"heading.default\">\n\t\t\t\t<div class=\"elementor-widget-container\">\n\t\t\t\t\t<h1 class=\"elementor-heading-title elementor-size-default\">\u00c9v\u00e9nements<\/h1>\t\t\t\t<\/div>\n\t\t\t\t<\/div>\n\t\t\t\t\t<\/div>\n\t\t<\/div>\n\t\t\t\t\t<\/div>\n\t\t<\/section>\n\t\t<div class=\"elementor-element elementor-element-78fd0b1d e-flex e-con-boxed e-con e-parent\" data-id=\"78fd0b1d\" data-element_type=\"container\">\n\t\t\t\t\t<div class=\"e-con-inner\">\n\t\t<div class=\"elementor-element elementor-element-1a6c317 e-con-full e-flex e-con e-child\" data-id=\"1a6c317\" data-element_type=\"container\">\n\t\t<div class=\"elementor-element elementor-element-7fc09cd e-con-full e-flex e-con e-child\" data-id=\"7fc09cd\" data-element_type=\"container\">\n\t\t\t\t<div class=\"elementor-element elementor-element-410eb673 elementor-widget elementor-widget-image\" data-id=\"410eb673\" data-element_type=\"widget\" data-widget_type=\"image.default\">\n\t\t\t\t<div class=\"elementor-widget-container\">\n\t\t\t\t\t\t\t\t\t\t\t\t\t\t\t\t<a href=\"https:\/\/rcanaider.com\/fr\/promotion-of-caves-in-prishtina-at-dukagjini-bookstore\/\">\n\t\t\t\t\t\t\t<img decoding=\"async\" src=\"https:\/\/rcanaider.com\/wp-content\/uploads\/elementor\/thumbs\/vh-71-rk8iygekpt2aibaly30x2w6hp5bloholgwt1benyj8.jpg\" title=\"vh-71\" alt=\"vh-71\" loading=\"lazy\" \/>\t\t\t\t\t\t\t\t<\/a>\n\t\t\t\t\t\t\t\t\t\t\t\t\t\t\t<\/div>\n\t\t\t\t<\/div>\n\t\t\t\t<div class=\"elementor-element elementor-element-4fb733d7 elementor-widget elementor-widget-heading\" data-id=\"4fb733d7\" data-element_type=\"widget\" data-widget_type=\"heading.default\">\n\t\t\t\t<div class=\"elementor-widget-container\">\n\t\t\t\t\t<h4 class=\"elementor-heading-title elementor-size-default\"><a href=\"https:\/\/rcanaider.com\/fr\/through-my-lens-at-victoria-hall-for-the-18th-anniversary-of-kosovos-independence\/\">\u00c0 travers mon objectif au Victoria Hall \u2013 18e anniversaire de l\u2019ind\u00e9pendance du Kosovo\n<\/a><\/h4>\t\t\t\t<\/div>\n\t\t\t\t<\/div>\n\t\t\t\t<div class=\"elementor-element elementor-element-5f7b01a elementor-widget elementor-widget-heading\" data-id=\"5f7b01a\" data-element_type=\"widget\" data-widget_type=\"heading.default\">\n\t\t\t\t<div class=\"elementor-widget-container\">\n\t\t\t\t\t<h5 class=\"elementor-heading-title elementor-size-default\">Date: 23.02.2026\n<\/h5>\t\t\t\t<\/div>\n\t\t\t\t<\/div>\n\t\t\t\t<\/div>\n\t\t\t\t<\/div>\n\t\t<div class=\"elementor-element elementor-element-1604a9c3 e-con-full e-flex e-con e-child\" data-id=\"1604a9c3\" data-element_type=\"container\">\n\t\t\t\t<div class=\"elementor-element elementor-element-a659ba1 elementor-widget elementor-widget-image\" data-id=\"a659ba1\" data-element_type=\"widget\" data-widget_type=\"image.default\">\n\t\t\t\t<div class=\"elementor-widget-container\">\n\t\t\t\t\t\t\t\t\t\t\t\t\t\t\t<img decoding=\"async\" src=\"https:\/\/rcanaider.com\/wp-content\/uploads\/elementor\/thumbs\/at-6feb8-rk8j543f4k6eqvmg2gms8pp16ei77b45dv5uoyskgk.jpg\" title=\"at-6feb8\" alt=\"at-6feb8\" loading=\"lazy\" \/>\t\t\t\t\t\t\t\t\t\t\t\t\t\t\t<\/div>\n\t\t\t\t<\/div>\n\t\t\t\t<div class=\"elementor-element elementor-element-f2ad175 elementor-widget elementor-widget-heading\" data-id=\"f2ad175\" data-element_type=\"widget\" data-widget_type=\"heading.default\">\n\t\t\t\t<div class=\"elementor-widget-container\">\n\t\t\t\t\t<h4 class=\"elementor-heading-title elementor-size-default\"><a href=\"https:\/\/rcanaider.com\/fr\/creative-workshops-the-power-of-choice\/\">Ateliers cr\u00e9atifs \u2013 Le pouvoir du choix\n<\/a><\/h4>\t\t\t\t<\/div>\n\t\t\t\t<\/div>\n\t\t\t\t<div class=\"elementor-element elementor-element-770d706b elementor-widget elementor-widget-heading\" data-id=\"770d706b\" data-element_type=\"widget\" data-widget_type=\"heading.default\">\n\t\t\t\t<div class=\"elementor-widget-container\">\n\t\t\t\t\t<h5 class=\"elementor-heading-title elementor-size-default\">Date: 06.02.2026\n<\/h5>\t\t\t\t<\/div>\n\t\t\t\t<\/div>\n\t\t\t\t<\/div>\n\t\t<div class=\"elementor-element elementor-element-65cf5ece e-con-full e-flex e-con e-child\" data-id=\"65cf5ece\" data-element_type=\"container\">\n\t\t<div class=\"elementor-element elementor-element-1abb442d e-con-full e-flex e-con e-child\" data-id=\"1abb442d\" data-element_type=\"container\">\n\t\t<div class=\"elementor-element elementor-element-d93a40e e-con-full e-flex e-con e-child\" data-id=\"d93a40e\" data-element_type=\"container\">\n\t\t\t\t<div class=\"elementor-element elementor-element-18ce306 elementor-widget elementor-widget-image\" data-id=\"18ce306\" data-element_type=\"widget\" data-widget_type=\"image.default\">\n\t\t\t\t<div class=\"elementor-widget-container\">\n\t\t\t\t\t\t\t\t\t\t\t\t\t\t\t<img decoding=\"async\" src=\"https:\/\/rcanaider.com\/wp-content\/uploads\/elementor\/thumbs\/lorik-26-rk8j8bpkh6koewyibclw9eiq8soci2v4trekq01578.jpg\" title=\"lorik-26\" alt=\"lorik-26\" loading=\"lazy\" \/>\t\t\t\t\t\t\t\t\t\t\t\t\t\t\t<\/div>\n\t\t\t\t<\/div>\n\t\t\t\t<div class=\"elementor-element elementor-element-847fb87 elementor-widget elementor-widget-heading\" data-id=\"847fb87\" data-element_type=\"widget\" data-widget_type=\"heading.default\">\n\t\t\t\t<div class=\"elementor-widget-container\">\n\t\t\t\t\t<h4 class=\"elementor-heading-title elementor-size-default\"><a href=\"https:\/\/rcanaider.com\/fr\/through-my-lens-at-epfl-lausanne-for-the-documentary-udha\/\">\u00c0 travers mon objectif \u00e0 l\u2019EPFL Lausanne \u2013 Pour le documentaire \"UDHA\"\n<\/a><\/h4>\t\t\t\t<\/div>\n\t\t\t\t<\/div>\n\t\t\t\t<div class=\"elementor-element elementor-element-ddda8d0 elementor-widget elementor-widget-heading\" data-id=\"ddda8d0\" data-element_type=\"widget\" data-widget_type=\"heading.default\">\n\t\t\t\t<div class=\"elementor-widget-container\">\n\t\t\t\t\t<h5 class=\"elementor-heading-title elementor-size-default\">Lausanne \u2013 05 December 2025\n<\/h5>\t\t\t\t<\/div>\n\t\t\t\t<\/div>\n\t\t\t\t<\/div>\n\t\t\t\t<\/div>\n\t\t\t\t<\/div>\n\t\t\t\t\t<\/div>\n\t\t\t\t<\/div>\n\t\t<div class=\"elementor-element elementor-element-7cd17c8 e-flex e-con-boxed e-con e-parent\" data-id=\"7cd17c8\" data-element_type=\"container\">\n\t\t\t\t\t<div class=\"e-con-inner\">\n\t\t<div class=\"elementor-element elementor-element-8984458 e-con-full e-flex e-con e-child\" data-id=\"8984458\" data-element_type=\"container\">\n\t\t<div class=\"elementor-element elementor-element-b263fa7 e-con-full e-flex e-con e-child\" data-id=\"b263fa7\" data-element_type=\"container\">\n\t\t\t\t<div class=\"elementor-element elementor-element-91246d2 elementor-widget elementor-widget-image\" data-id=\"91246d2\" data-element_type=\"widget\" data-widget_type=\"image.default\">\n\t\t\t\t<div class=\"elementor-widget-container\">\n\t\t\t\t\t\t\t\t\t\t\t\t\t\t\t<img decoding=\"async\" src=\"https:\/\/rcanaider.com\/wp-content\/uploads\/elementor\/thumbs\/wipo-122-rk8iqs20wijzoyg0rrklptwz1v5oth7iex0a821pck.jpg\" title=\"wipo-122\" alt=\"wipo-122\" loading=\"lazy\" \/>\t\t\t\t\t\t\t\t\t\t\t\t\t\t\t<\/div>\n\t\t\t\t<\/div>\n\t\t\t\t<div class=\"elementor-element elementor-element-f24ffc1 elementor-widget elementor-widget-heading\" data-id=\"f24ffc1\" data-element_type=\"widget\" data-widget_type=\"heading.default\">\n\t\t\t\t<div class=\"elementor-widget-container\">\n\t\t\t\t\t<h4 class=\"elementor-heading-title elementor-size-default\"><a href=\"https:\/\/rcanaider.com\/fr\/through-my-lens-at-the-permanent-mission-of-albania-to-the-united-nations\/\">\u00c0 travers mon objectif \u00e0 la Mission permanente de l\u2019Albanie aupr\u00e8s des Nations Unies\n<\/a><\/h4>\t\t\t\t<\/div>\n\t\t\t\t<\/div>\n\t\t\t\t<div class=\"elementor-element elementor-element-64bc0e2 elementor-widget elementor-widget-heading\" data-id=\"64bc0e2\" data-element_type=\"widget\" data-widget_type=\"heading.default\">\n\t\t\t\t<div class=\"elementor-widget-container\">\n\t\t\t\t\t<h5 class=\"elementor-heading-title elementor-size-default\">Gen\u00e8ve \u2013 27 novembre 2025\n<\/h5>\t\t\t\t<\/div>\n\t\t\t\t<\/div>\n\t\t\t\t<\/div>\n\t\t\t\t<\/div>\n\t\t<div class=\"elementor-element elementor-element-a621200 e-con-full e-flex e-con e-child\" data-id=\"a621200\" data-element_type=\"container\">\n\t\t<div class=\"elementor-element elementor-element-86fff72 e-con-full e-flex e-con e-child\" data-id=\"86fff72\" data-element_type=\"container\">\n\t\t\t\t<div class=\"elementor-element elementor-element-af31186 elementor-widget elementor-widget-image\" data-id=\"af31186\" data-element_type=\"widget\" data-widget_type=\"image.default\">\n\t\t\t\t<div class=\"elementor-widget-container\">\n\t\t\t\t\t\t\t\t\t\t\t\t\t\t\t\t<a href=\"https:\/\/rcanaider.com\/fr\/promotion-of-caves-in-prishtina-at-dukagjini-bookstore\/\">\n\t\t\t\t\t\t\t<img decoding=\"async\" src=\"https:\/\/rcanaider.com\/wp-content\/uploads\/elementor\/thumbs\/COVER-1-min-qfkf4b85cl207bz5yhkkdeizifaeek3m89wn1gcr6c.jpeg\" title=\"COVER (1)-min\" alt=\"COVER (1)-min\" loading=\"lazy\" \/>\t\t\t\t\t\t\t\t<\/a>\n\t\t\t\t\t\t\t\t\t\t\t\t\t\t\t<\/div>\n\t\t\t\t<\/div>\n\t\t\t\t<div class=\"elementor-element elementor-element-507a5c3 elementor-widget elementor-widget-heading\" data-id=\"507a5c3\" data-element_type=\"widget\" data-widget_type=\"heading.default\">\n\t\t\t\t<div class=\"elementor-widget-container\">\n\t\t\t\t\t<h4 class=\"elementor-heading-title elementor-size-default\"><a href=\"https:\/\/rcanaider.com\/fr\/promotion-of-caves-in-prishtina-at-dukagjini-bookstore\/\">Promotion des \"Caves\" \u00e0 Prishtina \u00e0 la librairie Dukagjini<\/a><\/h4>\t\t\t\t<\/div>\n\t\t\t\t<\/div>\n\t\t\t\t<div class=\"elementor-element elementor-element-cbfbf6a elementor-widget elementor-widget-text-editor\" data-id=\"cbfbf6a\" data-element_type=\"widget\" data-widget_type=\"text-editor.default\">\n\t\t\t\t<div class=\"elementor-widget-container\">\n\t\t\t\t\t\t\t\t\t<p>Video: <a href=\"https:\/\/www.youtube.com\/watch?v=fk05WpojfWo\" target=\"_blank\" rel=\"noopener\">https:\/\/www.youtube.com\/watch?v=fk05WpojfWo<\/a><\/p>\t\t\t\t\t\t\t\t<\/div>\n\t\t\t\t<\/div>\n\t\t\t\t<div class=\"elementor-element elementor-element-718555e elementor-widget elementor-widget-heading\" data-id=\"718555e\" data-element_type=\"widget\" data-widget_type=\"heading.default\">\n\t\t\t\t<div class=\"elementor-widget-container\">\n\t\t\t\t\t<h5 class=\"elementor-heading-title elementor-size-default\">20 octobre 2022\n<\/h5>\t\t\t\t<\/div>\n\t\t\t\t<\/div>\n\t\t\t\t<\/div>\n\t\t\t\t<\/div>\n\t\t<div class=\"elementor-element elementor-element-3a71811 e-con-full e-flex e-con e-child\" data-id=\"3a71811\" data-element_type=\"container\">\n\t\t\t\t<div class=\"elementor-element elementor-element-debaa4d elementor-widget elementor-widget-image\" data-id=\"debaa4d\" data-element_type=\"widget\" data-widget_type=\"image.default\">\n\t\t\t\t<div class=\"elementor-widget-container\">\n\t\t\t\t\t\t\t\t\t\t\t\t\t\t\t<img decoding=\"async\" src=\"https:\/\/rcanaider.com\/wp-content\/uploads\/elementor\/thumbs\/njbfgmkvd-qfjtdqpfe5ry6opbm7uegvrj1sh5ydcnywvn84ofis.jpg\" title=\"njbfgmkvd\" alt=\"njbfgmkvd\" loading=\"lazy\" \/>\t\t\t\t\t\t\t\t\t\t\t\t\t\t\t<\/div>\n\t\t\t\t<\/div>\n\t\t\t\t<div class=\"elementor-element elementor-element-2a1a954 elementor-widget elementor-widget-heading\" data-id=\"2a1a954\" data-element_type=\"widget\" data-widget_type=\"heading.default\">\n\t\t\t\t<div class=\"elementor-widget-container\">\n\t\t\t\t\t<h4 class=\"elementor-heading-title elementor-size-default\">Entretien avec l'auteur de \"Caves\" sur ABC News Albanie <\/h4>\t\t\t\t<\/div>\n\t\t\t\t<\/div>\n\t\t\t\t<div class=\"elementor-element elementor-element-490dc5e elementor-widget elementor-widget-text-editor\" data-id=\"490dc5e\" data-element_type=\"widget\" data-widget_type=\"text-editor.default\">\n\t\t\t\t<div class=\"elementor-widget-container\">\n\t\t\t\t\t\t\t\t\t<p>Video: <a href=\"https:\/\/www.youtube.com\/watch?v=LAPFakKPPDY\" target=\"_blank\" rel=\"noopener\">https:\/\/www.youtube.com\/watch?v=LAPFakKPPDY<\/a><\/p>\t\t\t\t\t\t\t\t<\/div>\n\t\t\t\t<\/div>\n\t\t\t\t<div class=\"elementor-element elementor-element-ed65478 elementor-widget elementor-widget-heading\" data-id=\"ed65478\" data-element_type=\"widget\" data-widget_type=\"heading.default\">\n\t\t\t\t<div class=\"elementor-widget-container\">\n\t\t\t\t\t<h5 class=\"elementor-heading-title elementor-size-default\">16 septembre 2022<\/h5>\t\t\t\t<\/div>\n\t\t\t\t<\/div>\n\t\t\t\t<\/div>\n\t\t\t\t\t<\/div>\n\t\t\t\t<\/div>\n\t\t<div class=\"elementor-element elementor-element-86bbb33 e-flex e-con-boxed e-con e-parent\" data-id=\"86bbb33\" data-element_type=\"container\">\n\t\t\t\t\t<div class=\"e-con-inner\">\n\t\t<div class=\"elementor-element elementor-element-2a0e0197 e-con-full e-flex e-con e-child\" data-id=\"2a0e0197\" data-element_type=\"container\">\n\t\t<div class=\"elementor-element elementor-element-23b38ad e-con-full e-flex e-con e-child\" data-id=\"23b38ad\" data-element_type=\"container\">\n\t\t<div class=\"elementor-element elementor-element-4ba50ca e-con-full e-flex e-con e-child\" data-id=\"4ba50ca\" data-element_type=\"container\">\n\t\t\t\t<div class=\"elementor-element elementor-element-ab826c0 elementor-widget elementor-widget-image\" data-id=\"ab826c0\" data-element_type=\"widget\" data-widget_type=\"image.default\">\n\t\t\t\t<div class=\"elementor-widget-container\">\n\t\t\t\t\t\t\t\t\t\t\t\t\t\t\t<img decoding=\"async\" src=\"https:\/\/rcanaider.com\/wp-content\/uploads\/elementor\/thumbs\/IMG_4454-min-1-qkmbzlpjxzr2lkgaa8lghv8f01r1e7574farf7pbbo.jpg\" title=\"IMG_4454-min\" alt=\"IMG_4454-min\" loading=\"lazy\" \/>\t\t\t\t\t\t\t\t\t\t\t\t\t\t\t<\/div>\n\t\t\t\t<\/div>\n\t\t\t\t<div class=\"elementor-element elementor-element-2a892a9 elementor-widget elementor-widget-heading\" data-id=\"2a892a9\" data-element_type=\"widget\" data-widget_type=\"heading.default\">\n\t\t\t\t<div class=\"elementor-widget-container\">\n\t\t\t\t\t<h4 class=\"elementor-heading-title elementor-size-default\"><a href=\"https:\/\/rcanaider.com\/fr\/promotion-of-caves-at-fondation-artists-way-in-vevey-switzerland\/\">\nPromotion of \"Caves\" at Fondation Artists-Way in Vevey, Switzerland \n\n<\/a><\/h4>\t\t\t\t<\/div>\n\t\t\t\t<\/div>\n\t\t\t\t<div class=\"elementor-element elementor-element-570a746 elementor-widget elementor-widget-heading\" data-id=\"570a746\" data-element_type=\"widget\" data-widget_type=\"heading.default\">\n\t\t\t\t<div class=\"elementor-widget-container\">\n\t\t\t\t\t<h5 class=\"elementor-heading-title elementor-size-default\">10 December 2023<\/h5>\t\t\t\t<\/div>\n\t\t\t\t<\/div>\n\t\t\t\t<\/div>\n\t\t\t\t<\/div>\n\t\t\t\t<\/div>\n\t\t<div class=\"elementor-element elementor-element-b4e708a e-con-full e-flex e-con e-child\" data-id=\"b4e708a\" data-element_type=\"container\">\n\t\t\t\t<div class=\"elementor-element elementor-element-395f3c23 elementor-widget elementor-widget-image\" data-id=\"395f3c23\" data-element_type=\"widget\" data-widget_type=\"image.default\">\n\t\t\t\t<div class=\"elementor-widget-container\">\n\t\t\t\t\t\t\t\t\t\t\t\t\t\t\t\t<a href=\"https:\/\/rcanaider.com\/fr\/first-promotion-of-the-novel-caves-in-tirana-at-protik-ict-resource-center\/\">\n\t\t\t\t\t\t\t<img decoding=\"async\" src=\"https:\/\/rcanaider.com\/wp-content\/uploads\/elementor\/thumbs\/COVER-min-qfjtnl2kyp91roel4z0r2wcb01yjk9fgzmtp5g30d0.jpeg\" title=\"COVER-min\" alt=\"COVER-min\" loading=\"lazy\" \/>\t\t\t\t\t\t\t\t<\/a>\n\t\t\t\t\t\t\t\t\t\t\t\t\t\t\t<\/div>\n\t\t\t\t<\/div>\n\t\t\t\t<div class=\"elementor-element elementor-element-1cf2077b elementor-widget elementor-widget-heading\" data-id=\"1cf2077b\" data-element_type=\"widget\" data-widget_type=\"heading.default\">\n\t\t\t\t<div class=\"elementor-widget-container\">\n\t\t\t\t\t<h4 class=\"elementor-heading-title elementor-size-default\"><a href=\"https:\/\/rcanaider.com\/fr\/first-promotion-of-the-novel-caves-in-tirana-at-protik-ict-resource-center\/\">Premi\u00e8re promotion du roman \"Caves\" \u00e0 Tirana, au Centre de ressources Protik ICT<\/a><\/h4>\t\t\t\t<\/div>\n\t\t\t\t<\/div>\n\t\t\t\t<div class=\"elementor-element elementor-element-4dcc2680 elementor-widget elementor-widget-heading\" data-id=\"4dcc2680\" data-element_type=\"widget\" data-widget_type=\"heading.default\">\n\t\t\t\t<div class=\"elementor-widget-container\">\n\t\t\t\t\t<h5 class=\"elementor-heading-title elementor-size-default\">14 septembre 2022<\/h5>\t\t\t\t<\/div>\n\t\t\t\t<\/div>\n\t\t\t\t<\/div>\n\t\t<div class=\"elementor-element elementor-element-4ee41b7d e-con-full e-flex e-con e-child\" data-id=\"4ee41b7d\" data-element_type=\"container\">\n\t\t\t\t<\/div>\n\t\t\t\t\t<\/div>\n\t\t\t\t<\/div>\n\t\t\t\t<\/div>","protected":false},"excerpt":{"rendered":"<p>Discover my latest events Events Through My Lens at Victoria Hall for the 18th Anniversary of Kosovo\u2019s Independence Date: 23.02.2026 Creative Workshops \u2013 The Power of Choice Date: 06.02.2026 Through My Lens at EPFL Lausanne \u2013 For the Documentary \u201cUDHA\u201d Lausanne \u2013 05 December 2025 Through My Lens at the Permanent Mission of Albania to [&hellip;]<\/p>","protected":false},"author":1,"featured_media":0,"parent":0,"menu_order":0,"comment_status":"closed","ping_status":"closed","template":"","meta":{"_monsterinsights_skip_tracking":false,"_monsterinsights_sitenote_active":false,"_monsterinsights_sitenote_note":"","_monsterinsights_sitenote_category":0,"site-sidebar-layout":"no-sidebar","site-content-layout":"page-builder","ast-site-content-layout":"full-width-container","site-content-style":"default","site-sidebar-style":"default","ast-global-header-display":"","ast-banner-title-visibility":"","ast-main-header-display":"","ast-hfb-above-header-display":"","ast-hfb-below-header-display":"","ast-hfb-mobile-header-display":"","site-post-title":"disabled","ast-breadcrumbs-content":"","ast-featured-img":"disabled","footer-sml-layout":"","theme-transparent-header-meta":"","adv-header-id-meta":"","stick-header-meta":"","header-above-stick-meta":"","header-main-stick-meta":"","header-below-stick-meta":"","astra-migrate-meta-layouts":"set","ast-page-background-enabled":"default","ast-page-background-meta":{"desktop":{"background-color":"var(--ast-global-color-4)","background-image":"","background-repeat":"repeat","background-position":"center center","background-size":"auto","background-attachment":"scroll","background-type":"","background-media":"","overlay-type":"","overlay-color":"","overlay-opacity":"","overlay-gradient":""},"tablet":{"background-color":"","background-image":"","background-repeat":"repeat","background-position":"center center","background-size":"auto","background-attachment":"scroll","background-type":"","background-media":"","overlay-type":"","overlay-color":"","overlay-opacity":"","overlay-gradient":""},"mobile":{"background-color":"","background-image":"","background-repeat":"repeat","background-position":"center center","background-size":"auto","background-attachment":"scroll","background-type":"","background-media":"","overlay-type":"","overlay-color":"","overlay-opacity":"","overlay-gradient":""}},"ast-content-background-meta":{"desktop":{"background-color":"var(--ast-global-color-5)","background-image":"","background-repeat":"repeat","background-position":"center center","background-size":"auto","background-attachment":"scroll","background-type":"","background-media":"","overlay-type":"","overlay-color":"","overlay-opacity":"","overlay-gradient":""},"tablet":{"background-color":"var(--ast-global-color-5)","background-image":"","background-repeat":"repeat","background-position":"center center","background-size":"auto","background-attachment":"scroll","background-type":"","background-media":"","overlay-type":"","overlay-color":"","overlay-opacity":"","overlay-gradient":""},"mobile":{"background-color":"var(--ast-global-color-5)","background-image":"","background-repeat":"repeat","background-position":"center center","background-size":"auto","background-attachment":"scroll","background-type":"","background-media":"","overlay-type":"","overlay-color":"","overlay-opacity":"","overlay-gradient":""}},"footnotes":""},"class_list":["post-3889","page","type-page","status-publish","hentry"],"_links":{"self":[{"href":"https:\/\/rcanaider.com\/fr\/wp-json\/wp\/v2\/pages\/3889","targetHints":{"allow":["GET"]}}],"collection":[{"href":"https:\/\/rcanaider.com\/fr\/wp-json\/wp\/v2\/pages"}],"about":[{"href":"https:\/\/rcanaider.com\/fr\/wp-json\/wp\/v2\/types\/page"}],"author":[{"embeddable":true,"href":"https:\/\/rcanaider.com\/fr\/wp-json\/wp\/v2\/users\/1"}],"replies":[{"embeddable":true,"href":"https:\/\/rcanaider.com\/fr\/wp-json\/wp\/v2\/comments?post=3889"}],"version-history":[{"count":22,"href":"https:\/\/rcanaider.com\/fr\/wp-json\/wp\/v2\/pages\/3889\/revisions"}],"predecessor-version":[{"id":3936,"href":"https:\/\/rcanaider.com\/fr\/wp-json\/wp\/v2\/pages\/3889\/revisions\/3936"}],"wp:attachment":[{"href":"https:\/\/rcanaider.com\/fr\/wp-json\/wp\/v2\/media?parent=3889"}],"curies":[{"name":"wp","href":"https:\/\/api.w.org\/{rel}","templated":true}]}}