{"id":868,"date":"2023-11-04T15:29:21","date_gmt":"2023-11-04T15:29:21","guid":{"rendered":"https:\/\/rcanaider.com\/?page_id=868"},"modified":"2025-10-01T14:34:47","modified_gmt":"2025-10-01T14:34:47","slug":"exhibitions","status":"publish","type":"page","link":"https:\/\/rcanaider.com\/fr\/exhibitions\/","title":{"rendered":"Des expositions"},"content":{"rendered":"<div data-elementor-type=\"wp-page\" data-elementor-id=\"868\" class=\"elementor elementor-868\">\n\t\t\t\t\t\t<section class=\"elementor-section elementor-top-section elementor-element elementor-element-5f658d94 elementor-section-boxed elementor-section-height-default elementor-section-height-default\" data-id=\"5f658d94\" data-element_type=\"section\" data-settings=\"{&quot;background_background&quot;:&quot;classic&quot;}\">\n\t\t\t\t\t\t\t<div class=\"elementor-background-overlay\"><\/div>\n\t\t\t\t\t\t\t<div class=\"elementor-container elementor-column-gap-no\">\n\t\t\t\t\t<div class=\"elementor-column elementor-col-100 elementor-top-column elementor-element elementor-element-7cd8694\" data-id=\"7cd8694\" data-element_type=\"column\">\n\t\t\t<div class=\"elementor-widget-wrap elementor-element-populated\">\n\t\t\t\t\t\t<div class=\"elementor-element elementor-element-bdf6aaf elementor-widget elementor-widget-heading\" data-id=\"bdf6aaf\" data-element_type=\"widget\" data-widget_type=\"heading.default\">\n\t\t\t\t<div class=\"elementor-widget-container\">\n\t\t\t\t\t<h6 class=\"elementor-heading-title elementor-size-default\">Au-del\u00e0 des toiles\u00a0: un voyage \u00e0 travers des expositions \u00e9vocatrices<\/h6>\t\t\t\t<\/div>\n\t\t\t\t<\/div>\n\t\t\t\t<div class=\"elementor-element elementor-element-683f123 elementor-widget elementor-widget-heading\" data-id=\"683f123\" data-element_type=\"widget\" data-widget_type=\"heading.default\">\n\t\t\t\t<div class=\"elementor-widget-container\">\n\t\t\t\t\t<h1 class=\"elementor-heading-title elementor-size-default\">Des expositions<\/h1>\t\t\t\t<\/div>\n\t\t\t\t<\/div>\n\t\t\t\t\t<\/div>\n\t\t<\/div>\n\t\t\t\t\t<\/div>\n\t\t<\/section>\n\t\t<div class=\"elementor-element elementor-element-24b29d39 e-flex e-con-boxed e-con e-parent\" data-id=\"24b29d39\" data-element_type=\"container\" data-settings=\"{&quot;background_background&quot;:&quot;classic&quot;}\">\n\t\t\t\t\t<div class=\"e-con-inner\">\n\t\t<div class=\"elementor-element elementor-element-1bb524c5 e-con-full e-flex e-con e-child\" data-id=\"1bb524c5\" data-element_type=\"container\">\n\t\t\t\t<div class=\"elementor-element elementor-element-364afc42 elementor-widget elementor-widget-heading\" data-id=\"364afc42\" data-element_type=\"widget\" data-widget_type=\"heading.default\">\n\t\t\t\t<div class=\"elementor-widget-container\">\n\t\t\t\t\t<h5 class=\"elementor-heading-title elementor-size-default\">Explorer le monde, une exposition \u00e0 la fois<\/h5>\t\t\t\t<\/div>\n\t\t\t\t<\/div>\n\t\t\t\t<div class=\"elementor-element elementor-element-3becc1bb elementor-hidden-mobile elementor-widget elementor-widget-heading\" data-id=\"3becc1bb\" data-element_type=\"widget\" data-widget_type=\"heading.default\">\n\t\t\t\t<div class=\"elementor-widget-container\">\n\t\t\t\t\t<h2 class=\"elementor-heading-title elementor-size-default\">Des expositions:<\/h2>\t\t\t\t<\/div>\n\t\t\t\t<\/div>\n\t\t\t\t<div class=\"elementor-element elementor-element-3eb75b43 elementor-widget elementor-widget-text-editor\" data-id=\"3eb75b43\" data-element_type=\"widget\" data-widget_type=\"text-editor.default\">\n\t\t\t\t<div class=\"elementor-widget-container\">\n\t\t\t\t\t\t\t\t\t<p>Plongez dans les chroniques de mon parcours artistique \u00e0 travers une odyss\u00e9e visuelle d'expositions qui ont fa\u00e7onn\u00e9 mon \u00e9volution cr\u00e9ative<\/p>\t\t\t\t\t\t\t\t<\/div>\n\t\t\t\t<\/div>\n\t\t\t\t<\/div>\n\t\t\t\t\t<\/div>\n\t\t\t\t<\/div>\n\t\t<div class=\"elementor-element elementor-element-082fa5a e-flex e-con-boxed e-con e-parent\" data-id=\"082fa5a\" data-element_type=\"container\">\n\t\t\t\t\t<div class=\"e-con-inner\">\n\t\t<div class=\"elementor-element elementor-element-e642810 e-con-full e-flex e-con e-child\" data-id=\"e642810\" data-element_type=\"container\">\n\t\t\t\t<div class=\"elementor-element elementor-element-6fdf8d45 openedByDefault elementor-hidden-desktop elementor-hidden-tablet elementor-hidden-mobile elementor-widget elementor-widget-toggle\" data-id=\"6fdf8d45\" data-element_type=\"widget\" data-widget_type=\"toggle.default\">\n\t\t\t\t<div class=\"elementor-widget-container\">\n\t\t\t\t\t\t\t<div class=\"elementor-toggle\">\n\t\t\t\t\t\t\t<div class=\"elementor-toggle-item\">\n\t\t\t\t\t<div id=\"elementor-tab-title-1871\" class=\"elementor-tab-title\" data-tab=\"1\" role=\"button\" aria-controls=\"elementor-tab-content-1871\" aria-expanded=\"false\">\n\t\t\t\t\t\t\t\t\t\t\t\t<span class=\"elementor-toggle-icon elementor-toggle-icon-left\" aria-hidden=\"true\">\n\t\t\t\t\t\t\t\t\t\t\t\t\t\t\t<span class=\"elementor-toggle-icon-closed\"><svg class=\"e-font-icon-svg e-fas-caret-right\" viewbox=\"0 0 192 512\" xmlns=\"http:\/\/www.w3.org\/2000\/svg\"><path d=\"M0 384.662V127.338c0-17.818 21.543-26.741 34.142-14.142l128.662 128.662c7.81 7.81 7.81 20.474 0 28.284L34.142 398.804C21.543 411.404 0 402.48 0 384.662z\"><\/path><\/svg><\/span>\n\t\t\t\t\t\t\t\t<span class=\"elementor-toggle-icon-opened\"><svg class=\"elementor-toggle-icon-opened e-font-icon-svg e-fas-caret-up\" viewbox=\"0 0 320 512\" xmlns=\"http:\/\/www.w3.org\/2000\/svg\"><path d=\"M288.662 352H31.338c-17.818 0-26.741-21.543-14.142-34.142l128.662-128.662c7.81-7.81 20.474-7.81 28.284 0l128.662 128.662c12.6 12.599 3.676 34.142-14.142 34.142z\"><\/path><\/svg><\/span>\n\t\t\t\t\t\t\t\t\t\t\t\t\t<\/span>\n\t\t\t\t\t\t\t\t\t\t\t\t<a class=\"elementor-toggle-title\" tabindex=\"0\">Upcoming Exhibitions:<\/a>\n\t\t\t\t\t<\/div>\n\n\t\t\t\t\t<div id=\"elementor-tab-content-1871\" class=\"elementor-tab-content elementor-clearfix\" data-tab=\"1\" role=\"region\" aria-labelledby=\"elementor-tab-title-1871\"><\/div>\n\t\t\t\t<\/div>\n\t\t\t\t\t\t\t\t<\/div>\n\t\t\t\t\t\t<\/div>\n\t\t\t\t<\/div>\n\t\t\t\t<div class=\"elementor-element elementor-element-5bf4499 openedByDefault elementor-widget elementor-widget-toggle\" data-id=\"5bf4499\" data-element_type=\"widget\" data-widget_type=\"toggle.default\">\n\t\t\t\t<div class=\"elementor-widget-container\">\n\t\t\t\t\t\t\t<div class=\"elementor-toggle\">\n\t\t\t\t\t\t\t<div class=\"elementor-toggle-item\">\n\t\t\t\t\t<div id=\"elementor-tab-title-9641\" class=\"elementor-tab-title\" data-tab=\"1\" role=\"button\" aria-controls=\"elementor-tab-content-9641\" aria-expanded=\"false\">\n\t\t\t\t\t\t\t\t\t\t\t\t<span class=\"elementor-toggle-icon elementor-toggle-icon-left\" aria-hidden=\"true\">\n\t\t\t\t\t\t\t\t\t\t\t\t\t\t\t<span class=\"elementor-toggle-icon-closed\"><svg class=\"e-font-icon-svg e-fas-caret-right\" viewbox=\"0 0 192 512\" xmlns=\"http:\/\/www.w3.org\/2000\/svg\"><path d=\"M0 384.662V127.338c0-17.818 21.543-26.741 34.142-14.142l128.662 128.662c7.81 7.81 7.81 20.474 0 28.284L34.142 398.804C21.543 411.404 0 402.48 0 384.662z\"><\/path><\/svg><\/span>\n\t\t\t\t\t\t\t\t<span class=\"elementor-toggle-icon-opened\"><svg class=\"elementor-toggle-icon-opened e-font-icon-svg e-fas-caret-up\" viewbox=\"0 0 320 512\" xmlns=\"http:\/\/www.w3.org\/2000\/svg\"><path d=\"M288.662 352H31.338c-17.818 0-26.741-21.543-14.142-34.142l128.662-128.662c7.81-7.81 20.474-7.81 28.284 0l128.662 128.662c12.6 12.599 3.676 34.142-14.142 34.142z\"><\/path><\/svg><\/span>\n\t\t\t\t\t\t\t\t\t\t\t\t\t<\/span>\n\t\t\t\t\t\t\t\t\t\t\t\t<a class=\"elementor-toggle-title\" tabindex=\"0\">Expositions personnelles :<\/a>\n\t\t\t\t\t<\/div>\n\n\t\t\t\t\t<div id=\"elementor-tab-content-9641\" class=\"elementor-tab-content elementor-clearfix\" data-tab=\"1\" role=\"region\" aria-labelledby=\"elementor-tab-title-9641\"><p><a href=\"#\">4 May 2025: Personal Exhibition \u201c Colors and Harmony\u201d. Les Salons Theatre. Geneva<\/a><\/p><p><a href=\"https:\/\/rcanaider.com\/fr\/24-31-january-2024-personal-exhibition-drive-with-art-lucid-studio-geneva\/\"><span style=\"text-decoration: underline;\">24 \u2013 31 January 2024. Personal Exhibition \u201cDrive with art\u201d. Lucid Studio, Geneva.<\/span><\/a><\/p><p><a href=\"https:\/\/rcanaider.com\/fr\/personal-exhibition-whisper-of-peace-27-november-8-december-2023-general-consulate-of-kosovo-in-geneva\/\">27 November \u2013 8 December 2023. Personal Exhibition \u201cWhisper of peace\u201d. General Consulate of Kosovo in Geneva.<\/a><\/p><p><a href=\"https:\/\/rcanaider.com\/fr\/solo-exhibition-catharsis-espace-sante-bellevue-geneva-switzerland\/\">28 juillet\u00a0- 31 octobre 2023\u00a0: Exposition personnelle \u00ab Catharsis \u00bb. Espace Sant\u00e9 Bellevue, Gen\u00e8ve, Suisse.<\/a><\/p><p><a href=\"https:\/\/rcanaider.com\/fr\/solo-exhibition-traces-of-love-linea-gallery-morges-switzerland\/\">1er \u2013 30 septembre 2023 : Exposition personnelle \u00ab Traces d'amour \u00bb. Galerie Lin\u00e9a. Morges, Suisse.<\/a><\/p><\/div>\n\t\t\t\t<\/div>\n\t\t\t\t\t\t\t\t<\/div>\n\t\t\t\t\t\t<\/div>\n\t\t\t\t<\/div>\n\t\t\t\t<div class=\"elementor-element elementor-element-bee7574 elementor-widget elementor-widget-html\" data-id=\"bee7574\" data-element_type=\"widget\" data-widget_type=\"html.default\">\n\t\t\t\t<div class=\"elementor-widget-container\">\n\t\t\t\t\t<script>\r\nwindow.addEventListener('load', function () {\r\n    let opened = [1, 2, 3]; \/\/ Add the indices of the toggle elements you want to open\r\n\r\n    setTimeout(function () {\r\n        let toggles = document.querySelectorAll('.openedByDefault .elementor-tab-title');\r\n        \r\n        opened.forEach((i) => {\r\n            if (toggles[i - 1]) {\r\n                toggles[i - 1].click();\r\n            }\r\n        });\r\n    }, 300);\r\n});\r\n<\/script>\r\n\t\t\t\t<\/div>\n\t\t\t\t<\/div>\n\t\t\t\t<div class=\"elementor-element elementor-element-b395c86 elementor-hidden-tablet elementor-hidden-mobile elementor-align-left elementor-widget elementor-widget-button\" data-id=\"b395c86\" data-element_type=\"widget\" data-widget_type=\"button.default\">\n\t\t\t\t<div class=\"elementor-widget-container\">\n\t\t\t\t\t\t\t\t\t<div class=\"elementor-button-wrapper\">\n\t\t\t\t\t<a class=\"elementor-button elementor-button-link elementor-size-sm\" href=\"https:\/\/rcanaider.com\/fr\/artworks\/\">\n\t\t\t\t\t\t<span class=\"elementor-button-content-wrapper\">\n\t\t\t\t\t\t<span class=\"elementor-button-icon\">\n\t\t\t\t<svg aria-hidden=\"true\" class=\"e-font-icon-svg e-far-arrow-alt-circle-right\" viewbox=\"0 0 512 512\" xmlns=\"http:\/\/www.w3.org\/2000\/svg\"><path d=\"M504 256C504 119 393 8 256 8S8 119 8 256s111 248 248 248 248-111 248-248zm-448 0c0-110.5 89.5-200 200-200s200 89.5 200 200-89.5 200-200 200S56 366.5 56 256zm72 20v-40c0-6.6 5.4-12 12-12h116v-67c0-10.7 12.9-16 20.5-8.5l99 99c4.7 4.7 4.7 12.3 0 17l-99 99c-7.6 7.6-20.5 2.2-20.5-8.5v-67H140c-6.6 0-12-5.4-12-12z\"><\/path><\/svg>\t\t\t<\/span>\n\t\t\t\t\t\t\t\t\t<span class=\"elementor-button-text\">V\u00e9rifier les \u0153uvres d'art<\/span>\n\t\t\t\t\t<\/span>\n\t\t\t\t\t<\/a>\n\t\t\t\t<\/div>\n\t\t\t\t\t\t\t\t<\/div>\n\t\t\t\t<\/div>\n\t\t\t\t<\/div>\n\t\t<div class=\"elementor-element elementor-element-f0546e3 e-con-full e-flex e-con e-child\" data-id=\"f0546e3\" data-element_type=\"container\">\n\t\t\t\t<div class=\"elementor-element elementor-element-9fc3456 openedByDefault elementor-widget elementor-widget-toggle\" data-id=\"9fc3456\" data-element_type=\"widget\" data-widget_type=\"toggle.default\">\n\t\t\t\t<div class=\"elementor-widget-container\">\n\t\t\t\t\t\t\t<div class=\"elementor-toggle\">\n\t\t\t\t\t\t\t<div class=\"elementor-toggle-item\">\n\t\t\t\t\t<div id=\"elementor-tab-title-1671\" class=\"elementor-tab-title\" data-tab=\"1\" role=\"button\" aria-controls=\"elementor-tab-content-1671\" aria-expanded=\"false\">\n\t\t\t\t\t\t\t\t\t\t\t\t<span class=\"elementor-toggle-icon elementor-toggle-icon-left\" aria-hidden=\"true\">\n\t\t\t\t\t\t\t\t\t\t\t\t\t\t\t<span class=\"elementor-toggle-icon-closed\"><svg class=\"e-font-icon-svg e-fas-caret-right\" viewbox=\"0 0 192 512\" xmlns=\"http:\/\/www.w3.org\/2000\/svg\"><path d=\"M0 384.662V127.338c0-17.818 21.543-26.741 34.142-14.142l128.662 128.662c7.81 7.81 7.81 20.474 0 28.284L34.142 398.804C21.543 411.404 0 402.48 0 384.662z\"><\/path><\/svg><\/span>\n\t\t\t\t\t\t\t\t<span class=\"elementor-toggle-icon-opened\"><svg class=\"elementor-toggle-icon-opened e-font-icon-svg e-fas-caret-up\" viewbox=\"0 0 320 512\" xmlns=\"http:\/\/www.w3.org\/2000\/svg\"><path d=\"M288.662 352H31.338c-17.818 0-26.741-21.543-14.142-34.142l128.662-128.662c7.81-7.81 20.474-7.81 28.284 0l128.662 128.662c12.6 12.599 3.676 34.142-14.142 34.142z\"><\/path><\/svg><\/span>\n\t\t\t\t\t\t\t\t\t\t\t\t\t<\/span>\n\t\t\t\t\t\t\t\t\t\t\t\t<a class=\"elementor-toggle-title\" tabindex=\"0\">Expositions de groupe s\u00e9lectionn\u00e9es\u00a0:<\/a>\n\t\t\t\t\t<\/div>\n\n\t\t\t\t\t<div id=\"elementor-tab-content-1671\" class=\"elementor-tab-content elementor-clearfix\" data-tab=\"1\" role=\"region\" aria-labelledby=\"elementor-tab-title-1671\"><p><a href=\"#\"><span lang=\"EN-GB\">9 May 2025.\u00a0<\/span><span lang=\"FR-CH\">Group Exhibition \u201c A voir un soir a Morges\u00a0\u00bb.\u00a0<\/span><span lang=\"EN-GB\">Linea Gallery, Morges, Switzerland<\/span><\/a><\/p><p><a href=\"#\">1 January 2025 \u2013 ongoing: Group Exhibition: Linea Gallery, Morges, Switzerland<\/a><\/p><p><a href=\"#\">1 September \u2013 31 December 2024: Group Exhibition. Linea Gallery, Morges, Switzerland<\/a><\/p><p><a href=\"#\">9 November \u2013 1 December 2024 : Group Exhibition. Kemptnertobel Gallery, Wetzikon,\u00a0Switzerland<\/a><\/p><p><a href=\"https:\/\/rcanaider.com\/fr\/21-june-8-september-2024-group-exhibition-artistes-dici-bolero-gallery-versoix-geneve\/\">21 June \u2013 8 September 2024. Group Exhibition \u00ab Artistes d\u2019ici\u201d. Bolero Gallery. Versoix, Geneve.<\/a><\/p><p><a href=\"https:\/\/rcanaider.com\/fr\/25-july-16-august-2024-group-exhibition-existence-art-gallery-of-gjilan-kosovo\/\"><span style=\"text-decoration: underline;\">25 July \u2013 16 August 2024. Group Exhibition \u201cExistence\u201d. Art Gallery of Gjilan. Kosovo.<\/span><\/a><\/p><p><a href=\"https:\/\/rcanaider.com\/fr\/26-january-1-march-2024-group-exhibition-of-albanian-artists-in-switzerland-spreitenbach-community-gallery-2\/\"><span style=\"text-decoration: underline;\">26 January \u2013 1 March 2024. Group Exhibition of Albanian Artists in Switzerland Spreitenbach Community Gallery.<\/span><\/a><\/p><p><a href=\"https:\/\/rcanaider.com\/fr\/lausanne-artfair-2023-beaulieu-lausanne\/\">28 septembre \u2013 1er octobre 2023 : Lausanne Artfair 2023. Beaulieu, Lausanne<\/a><\/p><p><a href=\"https:\/\/rcanaider.com\/fr\/collartboss-rouge-chapelle-de-collex-geneva-switzerland\/\">15 \u2013 26 mars 2023 : Coll\u2019Art\u2019Boss \u00ab Rouge \u00bb. Chapelle de Collex, Gen\u00e8ve, Suisse<\/a><\/p><p><a href=\"https:\/\/rcanaider.com\/fr\/montreux-art-gallery-switzerland\/\">9 -13 novembre 2022 : Montreux Art Gallery, Suisse<\/a><\/p><p><a href=\"https:\/\/rcanaider.com\/fr\/belgrade-art-salon-athens-auction-2022-belgrade-serbia-athens-greece\/\">5 &#8211; 30 June 2022: Belgrade Art Salon &amp; Athens Auction 2022. Belgrade, Serbia &amp; Athens, Greece.<\/a><\/p><\/div>\n\t\t\t\t<\/div>\n\t\t\t\t\t\t\t\t<\/div>\n\t\t\t\t\t\t<\/div>\n\t\t\t\t<\/div>\n\t\t\t\t<\/div>\n\t\t\t\t\t<\/div>\n\t\t\t\t<\/div>\n\t\t\t\t<\/div>","protected":false},"excerpt":{"rendered":"<p>Beyond Canvases: A Journey Through Evocative Exhibitions Exhibitions Exploring the World, One Exhibition at a Time Exhibitions: Delve into the chronicles of my artistic journey through a visual odyssey of exhibitions that have shaped my creative evolution Upcoming Exhibitions: Solo Exhibitions: 4 May 2025: Personal Exhibition \u201c Colors and Harmony\u201d. Les Salons Theatre. Geneva 24 [&hellip;]<\/p>","protected":false},"author":1,"featured_media":0,"parent":0,"menu_order":0,"comment_status":"closed","ping_status":"closed","template":"","meta":{"_monsterinsights_skip_tracking":false,"_monsterinsights_sitenote_active":false,"_monsterinsights_sitenote_note":"","_monsterinsights_sitenote_category":0,"site-sidebar-layout":"no-sidebar","site-content-layout":"page-builder","ast-site-content-layout":"full-width-container","site-content-style":"default","site-sidebar-style":"default","ast-global-header-display":"","ast-banner-title-visibility":"","ast-main-header-display":"","ast-hfb-above-header-display":"","ast-hfb-below-header-display":"","ast-hfb-mobile-header-display":"","site-post-title":"disabled","ast-breadcrumbs-content":"","ast-featured-img":"disabled","footer-sml-layout":"","theme-transparent-header-meta":"","adv-header-id-meta":"","stick-header-meta":"","header-above-stick-meta":"","header-main-stick-meta":"","header-below-stick-meta":"","astra-migrate-meta-layouts":"set","ast-page-background-enabled":"default","ast-page-background-meta":{"desktop":{"background-color":"var(--ast-global-color-4)","background-image":"","background-repeat":"repeat","background-position":"center center","background-size":"auto","background-attachment":"scroll","background-type":"","background-media":"","overlay-type":"","overlay-color":"","overlay-opacity":"","overlay-gradient":""},"tablet":{"background-color":"","background-image":"","background-repeat":"repeat","background-position":"center center","background-size":"auto","background-attachment":"scroll","background-type":"","background-media":"","overlay-type":"","overlay-color":"","overlay-opacity":"","overlay-gradient":""},"mobile":{"background-color":"","background-image":"","background-repeat":"repeat","background-position":"center center","background-size":"auto","background-attachment":"scroll","background-type":"","background-media":"","overlay-type":"","overlay-color":"","overlay-opacity":"","overlay-gradient":""}},"ast-content-background-meta":{"desktop":{"background-color":"var(--ast-global-color-5)","background-image":"","background-repeat":"repeat","background-position":"center center","background-size":"auto","background-attachment":"scroll","background-type":"","background-media":"","overlay-type":"","overlay-color":"","overlay-opacity":"","overlay-gradient":""},"tablet":{"background-color":"var(--ast-global-color-5)","background-image":"","background-repeat":"repeat","background-position":"center center","background-size":"auto","background-attachment":"scroll","background-type":"","background-media":"","overlay-type":"","overlay-color":"","overlay-opacity":"","overlay-gradient":""},"mobile":{"background-color":"var(--ast-global-color-5)","background-image":"","background-repeat":"repeat","background-position":"center center","background-size":"auto","background-attachment":"scroll","background-type":"","background-media":"","overlay-type":"","overlay-color":"","overlay-opacity":"","overlay-gradient":""}},"footnotes":""},"class_list":["post-868","page","type-page","status-publish","hentry"],"_links":{"self":[{"href":"https:\/\/rcanaider.com\/fr\/wp-json\/wp\/v2\/pages\/868","targetHints":{"allow":["GET"]}}],"collection":[{"href":"https:\/\/rcanaider.com\/fr\/wp-json\/wp\/v2\/pages"}],"about":[{"href":"https:\/\/rcanaider.com\/fr\/wp-json\/wp\/v2\/types\/page"}],"author":[{"embeddable":true,"href":"https:\/\/rcanaider.com\/fr\/wp-json\/wp\/v2\/users\/1"}],"replies":[{"embeddable":true,"href":"https:\/\/rcanaider.com\/fr\/wp-json\/wp\/v2\/comments?post=868"}],"version-history":[{"count":220,"href":"https:\/\/rcanaider.com\/fr\/wp-json\/wp\/v2\/pages\/868\/revisions"}],"predecessor-version":[{"id":3762,"href":"https:\/\/rcanaider.com\/fr\/wp-json\/wp\/v2\/pages\/868\/revisions\/3762"}],"wp:attachment":[{"href":"https:\/\/rcanaider.com\/fr\/wp-json\/wp\/v2\/media?parent=868"}],"curies":[{"name":"wp","href":"https:\/\/api.w.org\/{rel}","templated":true}]}}