{"id":1395,"date":"2023-11-11T22:58:27","date_gmt":"2023-11-11T22:58:27","guid":{"rendered":"https:\/\/rcanaider.com\/?post_type=product&#038;p=1395"},"modified":"2023-11-20T22:52:28","modified_gmt":"2023-11-20T22:52:28","slug":"about-the-artwork","status":"publish","type":"product","link":"https:\/\/rcanaider.com\/fr\/produit\/about-the-artwork\/","title":{"rendered":"Mirrors Nr 2"},"content":{"rendered":"<div data-type=\"accordion\">\n<div data-type=\"title-col\">\n<div data-type=\"accordion\">\n<div data-type=\"title-col\">\n<div class=\"yx94r6-2 TbZcc\" data-type=\"about-artwork\">\n<div data-type=\"accordion-section\">\n<div data-type=\"accordion\">\n<div data-type=\"data-row\">\n<div data-type=\"accordion-sub-section\" data-type-variant=\"description\">\n<div data-type=\"accordion\">\n<div data-type=\"data-row\">\n<div data-type=\"accordion-sub-section\" data-type-variant=\"description\">\n<div data-type=\"accordion\">\n<div data-type=\"data-row\">\n<div data-type=\"accordion-sub-section\" data-type-variant=\"description\">\n<div data-type=\"accordion\">\n<div data-type=\"title-col\">\n<div data-type=\"accordion\">\n<div data-type=\"title-col\">\n<div data-type=\"accordion\">\n<div data-type=\"title-col\">\n<div data-type=\"accordion\">\n<div data-type=\"title-col\">\n<div data-type=\"accordion\">\n<div data-type=\"title-col\">\n<h2>\u00c0 propos de l\u2019\u0153uvre<\/h2>\n<\/div>\n<div data-type=\"data-row\">\n<div data-type=\"accordion-sub-section\" data-type-variant=\"description\">\n<p data-type=\"description\">Il s\u2019agit d\u2019une \u0153uvre d\u2019art abstraite originale. Acrylique sur toile tendue de haute qualit\u00e9<br \/>\nCouche protectrice de vernis satin\u00e9 appliqu\u00e9e.<br \/>\nLe tableau est sign\u00e9 au recto et au verso et livr\u00e9 directement depuis mon atelier.<\/p>\n<\/div>\n<div data-type=\"accordion-sub-section\">\n<p><span data-type=\"accordion-sub-header\">Original cr\u00e9\u00e9\u00a0: <\/span><span data-type=\"accordion-sub-value\">2021<\/span><\/p>\n<\/div>\n<\/div>\n<\/div>\n<div class=\"sc-1wf1hh5-0 ktSoOu Collapsable\">\n<div>\n<div data-type=\"accordion-content\">\n<div data-type=\"accordion-sub-section\">\n<p><span data-type=\"accordion-sub-header\">Sujettes:<\/span> Abstract<\/p>\n<\/div>\n<div data-type=\"accordion-sub-section\">\n<p><span data-type=\"accordion-sub-header\">Mat\u00e9riaux: <\/span><span data-type=\"accordion-sub-value\">Toile<\/span><\/p>\n<\/div>\n<div data-type=\"accordion-sub-section\">\n<p><span data-type=\"accordion-sub-header\">Modes: <\/span><span data-type=\"accordion-sub-value\">Abstract, Abstract Expressionism, Fine Art<\/span><\/p>\n<\/div>\n<div data-type=\"accordion-sub-section\">\n<p><span data-type=\"accordion-sub-header\">M\u00e9diums\u00a0: <\/span><span data-type=\"accordion-sub-value\">Acrylic, Chalk<\/span><\/p>\n<\/div>\n<\/div>\n<\/div>\n<\/div>\n<\/div>\n<\/div>\n<div class=\"sc-1wf1hh5-0 ktSoOu Collapsable\">\n<div>\n<div data-type=\"accordion-content\">\n<div data-type=\"accordion-sub-section\"><\/div>\n<\/div>\n<\/div>\n<\/div>\n<div class=\"sc-1wf1hh5-0 cieofV Collapsable\">\n<div>\n<div data-type=\"accordion-content\">\n<div data-type=\"accordion-sub-section\"><\/div>\n<\/div>\n<\/div>\n<\/div>\n<\/div>\n<\/div>\n<\/div>\n<\/div>\n<div class=\"sc-1wf1hh5-0 ktSoOu Collapsable\">\n<div>\n<div data-type=\"accordion-content\">\n<div data-type=\"accordion-sub-section\"><\/div>\n<\/div>\n<\/div>\n<\/div>\n<\/div>\n<\/div>\n<div class=\"sc-1wf1hh5-0 cieofV Collapsable\">\n<div>\n<div data-type=\"accordion-content\">\n<div data-type=\"accordion-sub-section\"><\/div>\n<\/div>\n<\/div>\n<\/div>\n<\/div>\n<\/div>\n<\/div>\n<div class=\"sc-1wf1hh5-0 cieofV Collapsable\">\n<div>\n<div data-type=\"accordion-content\">\n<div data-type=\"accordion-sub-section\"><\/div>\n<\/div>\n<\/div>\n<\/div>\n<\/div>\n<\/div>\n<\/div>\n<\/div>\n<\/div>\n<\/div>\n<\/div>\n<\/div>\n<\/div>\n<\/div>\n<\/div>\n<\/div>","protected":false},"excerpt":{"rendered":"<div data-type=\"accordion\">\n<div data-type=\"data-row\">\n<div data-type=\"accordion-sub-section\">\n<p class=\"mix161-3 kDGzgl\">Peinture, Acrylique sur Toile<\/p>\n<p class=\"mix161-3 kDGzgl\">Taille:\u00a0<span class=\"sc-144xit5-0 juFwTn\" data-type=\"dimensions\">80 W x 80 H x 4 D cm<\/span><\/p>\n<div class=\"mix161-0 etrzqQ\" data-type=\"packaging\">\n<p class=\"mix161-3 kDGzgl\">Exp\u00e9di\u00e9 dans une bo\u00eete<\/p>\n<\/div>\n<div class=\"mix161-0 uyv957-8 etrzqQ bjJWgO\" data-type=\"original\" data-status=\"notForSale\"><\/div>\n<div class=\"mix161-0 etrzqQ\" data-type=\"packaging\">\n<div class=\"sc-1btaz1a-0 iXliWg\">\n<div class=\"sc-1btaz1a-1 jOHzPQ\"><\/div>\n<\/div>\n<\/div>\n<div class=\"mix161-0 uyv957-8 etrzqQ bjJWgO\" data-type=\"original\" data-status=\"notForSale\"><\/div>\n<\/div>\n<\/div>\n<\/div>","protected":false},"featured_media":1420,"template":"","meta":{"_monsterinsights_skip_tracking":false,"_monsterinsights_sitenote_active":false,"_monsterinsights_sitenote_note":"","_monsterinsights_sitenote_category":0,"site-sidebar-layout":"default","site-content-layout":"","ast-site-content-layout":"default","site-content-style":"default","site-sidebar-style":"default","ast-global-header-display":"","ast-banner-title-visibility":"","ast-main-header-display":"","ast-hfb-above-header-display":"","ast-hfb-below-header-display":"","ast-hfb-mobile-header-display":"","site-post-title":"","ast-breadcrumbs-content":"","ast-featured-img":"","footer-sml-layout":"","theme-transparent-header-meta":"default","adv-header-id-meta":"","stick-header-meta":"","header-above-stick-meta":"","header-main-stick-meta":"","header-below-stick-meta":"","astra-migrate-meta-layouts":"set","ast-page-background-enabled":"default","ast-page-background-meta":{"desktop":{"background-color":"var(--ast-global-color-4)","background-image":"","background-repeat":"repeat","background-position":"center center","background-size":"auto","background-attachment":"scroll","background-type":"","background-media":"","overlay-type":"","overlay-color":"","overlay-opacity":"","overlay-gradient":""},"tablet":{"background-color":"","background-image":"","background-repeat":"repeat","background-position":"center center","background-size":"auto","background-attachment":"scroll","background-type":"","background-media":"","overlay-type":"","overlay-color":"","overlay-opacity":"","overlay-gradient":""},"mobile":{"background-color":"","background-image":"","background-repeat":"repeat","background-position":"center center","background-size":"auto","background-attachment":"scroll","background-type":"","background-media":"","overlay-type":"","overlay-color":"","overlay-opacity":"","overlay-gradient":""}},"ast-content-background-meta":{"desktop":{"background-color":"var(--ast-global-color-5)","background-image":"","background-repeat":"repeat","background-position":"center center","background-size":"auto","background-attachment":"scroll","background-type":"","background-media":"","overlay-type":"","overlay-color":"","overlay-opacity":"","overlay-gradient":""},"tablet":{"background-color":"var(--ast-global-color-5)","background-image":"","background-repeat":"repeat","background-position":"center center","background-size":"auto","background-attachment":"scroll","background-type":"","background-media":"","overlay-type":"","overlay-color":"","overlay-opacity":"","overlay-gradient":""},"mobile":{"background-color":"var(--ast-global-color-5)","background-image":"","background-repeat":"repeat","background-position":"center center","background-size":"auto","background-attachment":"scroll","background-type":"","background-media":"","overlay-type":"","overlay-color":"","overlay-opacity":"","overlay-gradient":""}}},"product_brand":[],"product_cat":[24,27],"product_tag":[],"class_list":{"0":"post-1395","1":"product","2":"type-product","3":"status-publish","4":"has-post-thumbnail","6":"product_cat-medium-paintings","7":"product_cat-sold","8":"desktop-align-left","9":"tablet-align-left","10":"mobile-align-left","12":"first","13":"outofstock","14":"sale","15":"shipping-taxable","16":"purchasable","17":"product-type-simple"},"_links":{"self":[{"href":"https:\/\/rcanaider.com\/fr\/wp-json\/wp\/v2\/product\/1395","targetHints":{"allow":["GET"]}}],"collection":[{"href":"https:\/\/rcanaider.com\/fr\/wp-json\/wp\/v2\/product"}],"about":[{"href":"https:\/\/rcanaider.com\/fr\/wp-json\/wp\/v2\/types\/product"}],"wp:featuredmedia":[{"embeddable":true,"href":"https:\/\/rcanaider.com\/fr\/wp-json\/wp\/v2\/media\/1420"}],"wp:attachment":[{"href":"https:\/\/rcanaider.com\/fr\/wp-json\/wp\/v2\/media?parent=1395"}],"wp:term":[{"taxonomy":"product_brand","embeddable":true,"href":"https:\/\/rcanaider.com\/fr\/wp-json\/wp\/v2\/product_brand?post=1395"},{"taxonomy":"product_cat","embeddable":true,"href":"https:\/\/rcanaider.com\/fr\/wp-json\/wp\/v2\/product_cat?post=1395"},{"taxonomy":"product_tag","embeddable":true,"href":"https:\/\/rcanaider.com\/fr\/wp-json\/wp\/v2\/product_tag?post=1395"}],"curies":[{"name":"wp","href":"https:\/\/api.w.org\/{rel}","templated":true}]}}