{"id":854,"date":"2023-11-04T14:44:46","date_gmt":"2023-11-04T14:44:46","guid":{"rendered":"https:\/\/rcanaider.com\/?post_type=product&#038;p=854"},"modified":"2023-11-20T22:52:45","modified_gmt":"2023-11-20T22:52:45","slug":"ship-of-love","status":"publish","type":"product","link":"https:\/\/rcanaider.com\/fr\/produit\/ship-of-love\/","title":{"rendered":"Ship of Love"},"content":{"rendered":"<div data-type=\"accordion\">\n<div data-type=\"title-col\">\n<h2>\u00c0 propos de l\u2019\u0153uvre<\/h2>\n<\/div>\n<div data-type=\"data-row\">\n<div data-type=\"accordion-sub-section\" data-type-variant=\"description\">\n<p data-type=\"description\">Il s\u2019agit d\u2019une peinture abstraite textur\u00e9e originale dans des tons dominants d\u2019or, de bleu et de rouge.<\/p>\n<p>Je m'inspire de l'amour, du temps et de l'univers en travaillant sur cette grande \u0153uvre d'art. L\u2019amour dans cette \u0153uvre d\u2019art n\u2019est pas seulement le volant du navire, mais c\u2019est le navire lui-m\u00eame, naviguant dans des eaux et des terres calmes et turbulentes, o\u00f9 de nombreuses couleurs et dimensions se d\u00e9ploient.<br \/>\nDe l'autre c\u00f4t\u00e9, le Navire de l'amour lui-m\u00eame est repr\u00e9sent\u00e9 par diff\u00e9rentes tonalit\u00e9s de couleurs et de paysages, o\u00f9 la passion ardente se m\u00eale \u00e0 la paix et \u00e0 la tranquillit\u00e9, o\u00f9 le bonheur s'entrem\u00eale \u00e0 la douleur.<br \/>\nLe navire continue de naviguer tant que son gouvernail est command\u00e9 par l\u2019amour pur\u2026<\/p>\n<p>Cette \u0153uvre est textur\u00e9e \u00e0 l'acrylique, au gesso et \u00e0 la p\u00e2te \u00e0 modeler sur une toile de coton de tr\u00e8s haute qualit\u00e9.<\/p>\n<p>Couche protectrice de vernis satin\u00e9 appliqu\u00e9e.<\/p>\n<p>Le tableau est sign\u00e9 au recto et au verso et livr\u00e9 directement depuis mon atelier.<\/p>\n<p>\u00c0 propos de mon art :<\/p>\n<p>Mon inspiration principale est l'amour, l'amour de la vie, l'amour de l'humanit\u00e9, l'amour de la beaut\u00e9 et l'amour de l'illumination.<br \/>\nJe pense que l\u2019amour peut \u00eatre trouv\u00e9 partout, \u00e0 l\u2019int\u00e9rieur et \u00e0 l\u2019ext\u00e9rieur de nous, m\u00eame dans l\u2019obscurit\u00e9 la plus profonde.<br \/>\nPouss\u00e9 par le pouvoir magique de l'amour, de la lumi\u00e8re et de la beaut\u00e9, et \u00e0 l'\u00e9coute de mon intuition et de mon c\u0153ur, \u00e0 travers mes \u0153uvres, je cr\u00e9e une connexion particuli\u00e8re avec mon monde int\u00e9rieur et ext\u00e9rieur, en visant \u00e0 diffuser de l'\u00e9nergie positive, de la confiance et du bonheur.<br \/>\nJe pratique l'action painting. J'exprime mes sentiments, mes pens\u00e9es et mes \u00e9motions en appliquant, en versant, en \u00e9claboussant et en faisant couler de nombreuses couches de peinture \u00e9paisse directement sur la toile.<br \/>\nChaque tableau est une partie de moi, une capture de mon moi le plus profond, un moment unique grav\u00e9 dans l'\u00e9ternit\u00e9.<br \/>\nChaque tableau est comme une po\u00e9sie, voire comme un roman de milliers de mots, \u00e9crit dans le langage international des couleurs, des formes et des textures, qui peut \u00eatre lu et compris sans traduction par chacun, mais peut \u00eatre interpr\u00e9t\u00e9 de mani\u00e8res individuelles et mani\u00e8res subjectives.<\/p>\n<\/div>\n<\/div>\n<\/div>\n<div class=\"sc-1wf1hh5-0 cieofV Collapsable\">\n<div>\n<div data-type=\"accordion-content\">\n<div data-type=\"accordion-sub-section\">\n<p><span data-type=\"accordion-sub-header\">Original cr\u00e9\u00e9\u00a0: <\/span><span data-type=\"accordion-sub-value\">2021<\/span><\/p>\n<\/div>\n<div data-type=\"accordion-sub-section\">\n<p><span data-type=\"accordion-sub-header\">Sujettes: <\/span>Abstract<\/p>\n<\/div>\n<div data-type=\"accordion-sub-section\">\n<p><span data-type=\"accordion-sub-header\">Mat\u00e9riaux: <\/span><span data-type=\"accordion-sub-value\">Toile<\/span><\/p>\n<\/div>\n<div data-type=\"accordion-sub-section\">\n<p><span data-type=\"accordion-sub-header\">Modes: <\/span><span data-type=\"accordion-sub-value\">Abstract, Fine Art<\/span><\/p>\n<\/div>\n<div data-type=\"accordion-sub-section\">\n<p><span data-type=\"accordion-sub-header\">M\u00e9diums\u00a0: <\/span><span data-type=\"accordion-sub-value\">Acrylic, Gesso, Modeling paste<\/span><\/p>\n<\/div>\n<\/div>\n<\/div>\n<\/div>","protected":false},"excerpt":{"rendered":"<p class=\"mix161-3 kDGzgl\">Peinture, Acrylique sur Toile<\/p>\n<p class=\"mix161-3 kDGzgl\">Taille:\u00a0<span class=\"sc-144xit5-0 juFwTn\" data-type=\"dimensions\">116 W x 81 H x 2 D cm<\/span><\/p>\n<div class=\"mix161-0 etrzqQ\" data-type=\"packaging\">\n<p class=\"mix161-3 kDGzgl\">Exp\u00e9di\u00e9 dans une bo\u00eete<\/p>\n<\/div>","protected":false},"featured_media":855,"template":"","meta":{"_monsterinsights_skip_tracking":false,"_monsterinsights_sitenote_active":false,"_monsterinsights_sitenote_note":"","_monsterinsights_sitenote_category":0,"site-sidebar-layout":"default","site-content-layout":"","ast-site-content-layout":"default","site-content-style":"default","site-sidebar-style":"default","ast-global-header-display":"","ast-banner-title-visibility":"","ast-main-header-display":"","ast-hfb-above-header-display":"","ast-hfb-below-header-display":"","ast-hfb-mobile-header-display":"","site-post-title":"","ast-breadcrumbs-content":"","ast-featured-img":"","footer-sml-layout":"","theme-transparent-header-meta":"default","adv-header-id-meta":"","stick-header-meta":"","header-above-stick-meta":"","header-main-stick-meta":"","header-below-stick-meta":"","astra-migrate-meta-layouts":"set","ast-page-background-enabled":"default","ast-page-background-meta":{"desktop":{"background-color":"var(--ast-global-color-4)","background-image":"","background-repeat":"repeat","background-position":"center center","background-size":"auto","background-attachment":"scroll","background-type":"","background-media":"","overlay-type":"","overlay-color":"","overlay-opacity":"","overlay-gradient":""},"tablet":{"background-color":"","background-image":"","background-repeat":"repeat","background-position":"center center","background-size":"auto","background-attachment":"scroll","background-type":"","background-media":"","overlay-type":"","overlay-color":"","overlay-opacity":"","overlay-gradient":""},"mobile":{"background-color":"","background-image":"","background-repeat":"repeat","background-position":"center center","background-size":"auto","background-attachment":"scroll","background-type":"","background-media":"","overlay-type":"","overlay-color":"","overlay-opacity":"","overlay-gradient":""}},"ast-content-background-meta":{"desktop":{"background-color":"var(--ast-global-color-5)","background-image":"","background-repeat":"repeat","background-position":"center center","background-size":"auto","background-attachment":"scroll","background-type":"","background-media":"","overlay-type":"","overlay-color":"","overlay-opacity":"","overlay-gradient":""},"tablet":{"background-color":"var(--ast-global-color-5)","background-image":"","background-repeat":"repeat","background-position":"center center","background-size":"auto","background-attachment":"scroll","background-type":"","background-media":"","overlay-type":"","overlay-color":"","overlay-opacity":"","overlay-gradient":""},"mobile":{"background-color":"var(--ast-global-color-5)","background-image":"","background-repeat":"repeat","background-position":"center center","background-size":"auto","background-attachment":"scroll","background-type":"","background-media":"","overlay-type":"","overlay-color":"","overlay-opacity":"","overlay-gradient":""}}},"product_brand":[],"product_cat":[25,27],"product_tag":[],"class_list":{"0":"post-854","1":"product","2":"type-product","3":"status-publish","4":"has-post-thumbnail","6":"product_cat-large-paintings","7":"product_cat-sold","8":"desktop-align-left","9":"tablet-align-left","10":"mobile-align-left","12":"first","13":"outofstock","14":"sale","15":"shipping-taxable","16":"purchasable","17":"product-type-simple"},"_links":{"self":[{"href":"https:\/\/rcanaider.com\/fr\/wp-json\/wp\/v2\/product\/854","targetHints":{"allow":["GET"]}}],"collection":[{"href":"https:\/\/rcanaider.com\/fr\/wp-json\/wp\/v2\/product"}],"about":[{"href":"https:\/\/rcanaider.com\/fr\/wp-json\/wp\/v2\/types\/product"}],"wp:featuredmedia":[{"embeddable":true,"href":"https:\/\/rcanaider.com\/fr\/wp-json\/wp\/v2\/media\/855"}],"wp:attachment":[{"href":"https:\/\/rcanaider.com\/fr\/wp-json\/wp\/v2\/media?parent=854"}],"wp:term":[{"taxonomy":"product_brand","embeddable":true,"href":"https:\/\/rcanaider.com\/fr\/wp-json\/wp\/v2\/product_brand?post=854"},{"taxonomy":"product_cat","embeddable":true,"href":"https:\/\/rcanaider.com\/fr\/wp-json\/wp\/v2\/product_cat?post=854"},{"taxonomy":"product_tag","embeddable":true,"href":"https:\/\/rcanaider.com\/fr\/wp-json\/wp\/v2\/product_tag?post=854"}],"curies":[{"name":"wp","href":"https:\/\/api.w.org\/{rel}","templated":true}]}}